{"id":2127,"date":"2025-06-08T17:58:40","date_gmt":"2025-06-08T17:58:40","guid":{"rendered":"https:\/\/inandoutsotogrande.com\/index.php\/gesundheit-wohlbefinden\/"},"modified":"2025-06-24T12:32:18","modified_gmt":"2025-06-24T12:32:18","slug":"gesundheit-wohlbefinden","status":"publish","type":"page","link":"https:\/\/inandoutsotogrande.com\/de\/index.php\/gesundheit-wohlbefinden\/","title":{"rendered":"Gesundheit &amp; Wohlbefinden"},"content":{"rendered":"    <div class=\"swiper health_wellbeing-slider\">\n      <div class=\"swiper-wrapper\">\n                    <div class=\"swiper-slide swiper-advert\" href=\"http:\/\/centroshinquantumhealing.com\" target=\"_blank\">\n\t\t<picture>\n\t\t\t<source media=\"(max-width:767px)\" data-srcset=\"https:\/\/inandoutsotogrande.com\/wp-content\/uploads\/2025\/06\/centro_shin_d.jpg\" class=\"swiper-lazy\">\n\t\t\t<source media=\"(min-width:768px)\" data-srcset=\"https:\/\/inandoutsotogrande.com\/wp-content\/uploads\/2025\/06\/centro_shin_d.jpg\" class=\"swiper-lazy\">\n\t\t\t<img class=\"slide-image\"\n\t\t\t\tsrc=\"data:image\/gif;base64,R0lGODlhAQABAIAAAAAAAP\/\/\/ywAAAAAAQABAAACAUwAOw==\"\n\t\t\t\tdata-src-mobile=\"https:\/\/inandoutsotogrande.com\/wp-content\/uploads\/2025\/06\/centro_shin_d.jpg\"\n\t\t\t\tdata-src-desktop=\"https:\/\/inandoutsotogrande.com\/wp-content\/uploads\/2025\/06\/centro_shin_d.jpg\"\n\t\t\t\talt=\"\"\n\t\t\t>\n\t\t<\/picture>\n\t\t<div class=\"slide-spinner\"><\/div>\n                <div class=\"slide-content\">\n                    <h2>Centro Shin Quantum Healing<\/h2>\n\t\t\t                                        <div class=\"slide-description\"><p>Das Zentrum f\u00fcr Ihre Quantenkinesiologie, Osteokine, psychische Psychotherapie und Hypnose<br \/>\nC. Sol 2, 11312, San Enrique de Guadiaro, C\u00e1diz<\/p>\n<\/div>\n                                            <div class=\"slide-contact\">\n                            <div class=\"contact-item contact-phone\"><a href=\"tel:+34633909991\">+34633909991<\/a><\/div>                                                                                    <div class=\"contact-item contact-website\"><a href=\"http:\/\/centroshinquantumhealing.com\" target=\"_blank\">centroshinquantumhealing.com<\/a><\/div>                        <\/div>\n                                        <div class=\"slide-featured-image\"><img loading=\"lazy\" decoding=\"async\" width=\"1224\" height=\"755\" src=\"https:\/\/inandoutsotogrande.com\/wp-content\/uploads\/2025\/06\/centro_shin_logo.png\" class=\"slide-contact-featured-image wp-post-image\" alt=\"Centro Shin Quantum Healing\" srcset=\"https:\/\/inandoutsotogrande.com\/wp-content\/uploads\/2025\/06\/centro_shin_logo.png 1224w, https:\/\/inandoutsotogrande.com\/wp-content\/uploads\/2025\/06\/centro_shin_logo-300x185.png 300w, https:\/\/inandoutsotogrande.com\/wp-content\/uploads\/2025\/06\/centro_shin_logo-1024x632.png 1024w, https:\/\/inandoutsotogrande.com\/wp-content\/uploads\/2025\/06\/centro_shin_logo-768x474.png 768w\" sizes=\"auto, (max-width: 1224px) 100vw, 1224px\" \/><\/div>                <\/div><!--\/.slide-content-->\n            <\/div><!--\/.swiper-slide-->\n                    <div class=\"swiper-slide\">\n\t\t<picture>\n\t\t\t<source media=\"(max-width:767px)\" data-srcset=\"https:\/\/inandoutsotogrande.com\/wp-content\/uploads\/2025\/07\/hush_laser_studio_d.jpg\" class=\"swiper-lazy\">\n\t\t\t<source media=\"(min-width:768px)\" data-srcset=\"https:\/\/inandoutsotogrande.com\/wp-content\/uploads\/2025\/07\/hush_laser_studio_d.jpg\" class=\"swiper-lazy\">\n\t\t\t<img class=\"slide-image\"\n\t\t\t\tsrc=\"data:image\/gif;base64,R0lGODlhAQABAIAAAAAAAP\/\/\/ywAAAAAAQABAAACAUwAOw==\"\n\t\t\t\tdata-src-mobile=\"https:\/\/inandoutsotogrande.com\/wp-content\/uploads\/2025\/07\/hush_laser_studio_d.jpg\"\n\t\t\t\tdata-src-desktop=\"https:\/\/inandoutsotogrande.com\/wp-content\/uploads\/2025\/07\/hush_laser_studio_d.jpg\"\n\t\t\t\talt=\"\"\n\t\t\t>\n\t\t<\/picture>\n\t\t<div class=\"slide-spinner\"><\/div>\n                <div class=\"slide-content\">\n                    <h2>Hush Laser Studio<\/h2>\n\t\t\t                                        <div class=\"slide-description\"><p>Plaza de Agua D3B<br \/>\nHafen von Sotogrande<\/p>\n<p>Ihr Ziel f\u00fcr fortschrittliche Sch\u00f6nheits- und Hautverj\u00fcngungsbehandlungen, direkt im Herzen des Hafens von Sotogrande.<\/p>\n<p><strong>Wir sind spezialisiert auf:<br \/>\n<\/strong>Hochmoderne Anti-Aging-Gesichtsbehandlungen<br \/>\nSch\u00f6ne BIAB-N\u00e4gel<br \/>\nLaser-Haarentfernung<br \/>\nPigmentierungsbehandlungen<br \/>\nProfessionelle Tattoo-Entfernung<\/p>\n<p><strong>Instagram: <a href=\"https:\/\/www.instagram.com\/hushstudiosotogrande\/?hl=en\">@hushstudiosotogrande<\/a><\/strong><br \/>\nBuchen Sie jetzt und erleben Sie das Beste der modernen<br \/>\nSch\u00f6nheitspflege. Ihre Haut, neu definiert.<\/p>\n<\/div>\n                                                        <\/div><!--\/.slide-content-->\n            <\/div><!--\/.swiper-slide-->\n              <\/div><!--\/.swiper-wrapper-->\n      <div class=\"swiper-pagination\"><\/div>\n      <div class=\"swiper-button-prev\"><\/div>\n      <div class=\"swiper-button-next\"><\/div>\n    <\/div><!--\/.swiper-->\n\n    \n\n\n\n<p><\/p>\n","protected":false},"excerpt":{"rendered":"","protected":false},"author":1,"featured_media":734,"parent":0,"menu_order":0,"comment_status":"closed","ping_status":"closed","template":"","meta":{"footnotes":""},"class_list":["post-2127","page","type-page","status-publish","has-post-thumbnail","hentry"],"yoast_head":"<!-- This site is optimized with the Yoast SEO plugin v26.5 - https:\/\/yoast.com\/wordpress\/plugins\/seo\/ -->\n<title>Gesundheit &amp; Wohlbefinden - In and Out Sotogrande<\/title>\n<meta name=\"robots\" content=\"index, follow, max-snippet:-1, max-image-preview:large, max-video-preview:-1\" \/>\n<link rel=\"canonical\" href=\"https:\/\/inandoutsotogrande.com\/de\/index.php\/gesundheit-wohlbefinden\/\" \/>\n<meta property=\"og:locale\" content=\"de_DE\" \/>\n<meta property=\"og:type\" content=\"article\" \/>\n<meta property=\"og:title\" content=\"Gesundheit &amp; Wohlbefinden - In and Out Sotogrande\" \/>\n<meta property=\"og:url\" content=\"https:\/\/inandoutsotogrande.com\/de\/index.php\/gesundheit-wohlbefinden\/\" \/>\n<meta property=\"og:site_name\" content=\"In and Out Sotogrande\" \/>\n<meta property=\"article:publisher\" content=\"https:\/\/www.facebook.com\/inandoutsotogrande\" \/>\n<meta property=\"article:modified_time\" content=\"2025-06-24T12:32:18+00:00\" \/>\n<meta property=\"og:image\" content=\"https:\/\/inandoutsotogrande.com\/wp-content\/uploads\/2025\/06\/health_wellbeing_parallax_d.jpg\" \/>\n\t<meta property=\"og:image:width\" content=\"2560\" \/>\n\t<meta property=\"og:image:height\" content=\"1434\" \/>\n\t<meta property=\"og:image:type\" content=\"image\/jpeg\" \/>\n<meta name=\"twitter:card\" content=\"summary_large_image\" \/>\n<script type=\"application\/ld+json\" class=\"yoast-schema-graph\">{\"@context\":\"https:\/\/schema.org\",\"@graph\":[{\"@type\":\"WebPage\",\"@id\":\"https:\/\/inandoutsotogrande.com\/de\/index.php\/gesundheit-wohlbefinden\/\",\"url\":\"https:\/\/inandoutsotogrande.com\/de\/index.php\/gesundheit-wohlbefinden\/\",\"name\":\"Gesundheit &amp; Wohlbefinden - In and Out Sotogrande\",\"isPartOf\":{\"@id\":\"https:\/\/inandoutsotogrande.com\/#website\"},\"primaryImageOfPage\":{\"@id\":\"https:\/\/inandoutsotogrande.com\/de\/index.php\/gesundheit-wohlbefinden\/#primaryimage\"},\"image\":{\"@id\":\"https:\/\/inandoutsotogrande.com\/de\/index.php\/gesundheit-wohlbefinden\/#primaryimage\"},\"thumbnailUrl\":\"https:\/\/inandoutsotogrande.com\/wp-content\/uploads\/2025\/06\/health_wellbeing_parallax_d.jpg\",\"datePublished\":\"2025-06-08T17:58:40+00:00\",\"dateModified\":\"2025-06-24T12:32:18+00:00\",\"breadcrumb\":{\"@id\":\"https:\/\/inandoutsotogrande.com\/de\/index.php\/gesundheit-wohlbefinden\/#breadcrumb\"},\"inLanguage\":\"de\",\"potentialAction\":[{\"@type\":\"ReadAction\",\"target\":[\"https:\/\/inandoutsotogrande.com\/de\/index.php\/gesundheit-wohlbefinden\/\"]}]},{\"@type\":\"ImageObject\",\"inLanguage\":\"de\",\"@id\":\"https:\/\/inandoutsotogrande.com\/de\/index.php\/gesundheit-wohlbefinden\/#primaryimage\",\"url\":\"https:\/\/inandoutsotogrande.com\/wp-content\/uploads\/2025\/06\/health_wellbeing_parallax_d.jpg\",\"contentUrl\":\"https:\/\/inandoutsotogrande.com\/wp-content\/uploads\/2025\/06\/health_wellbeing_parallax_d.jpg\",\"width\":2560,\"height\":1434},{\"@type\":\"BreadcrumbList\",\"@id\":\"https:\/\/inandoutsotogrande.com\/de\/index.php\/gesundheit-wohlbefinden\/#breadcrumb\",\"itemListElement\":[{\"@type\":\"ListItem\",\"position\":1,\"name\":\"Startseite\",\"item\":\"https:\/\/inandoutsotogrande.com\/de\/index.php\/startseite\/\"},{\"@type\":\"ListItem\",\"position\":2,\"name\":\"Gesundheit &amp; Wohlbefinden\"}]},{\"@type\":\"WebSite\",\"@id\":\"https:\/\/inandoutsotogrande.com\/#website\",\"url\":\"https:\/\/inandoutsotogrande.com\/\",\"name\":\"In and Out Sotogrande\",\"description\":\"\",\"publisher\":{\"@id\":\"https:\/\/inandoutsotogrande.com\/#organization\"},\"inLanguage\":\"de\"},{\"@type\":\"Organization\",\"@id\":\"https:\/\/inandoutsotogrande.com\/#organization\",\"name\":\"In and Out Sotogrande\",\"url\":\"https:\/\/inandoutsotogrande.com\/\",\"logo\":{\"@type\":\"ImageObject\",\"inLanguage\":\"de\",\"@id\":\"https:\/\/inandoutsotogrande.com\/#\/schema\/logo\/image\/\",\"url\":\"https:\/\/inandoutsotogrande.com\/wp-content\/uploads\/2025\/11\/in-and-out.png\",\"contentUrl\":\"https:\/\/inandoutsotogrande.com\/wp-content\/uploads\/2025\/11\/in-and-out.png\",\"width\":416,\"height\":276,\"caption\":\"In and Out Sotogrande\"},\"image\":{\"@id\":\"https:\/\/inandoutsotogrande.com\/#\/schema\/logo\/image\/\"},\"sameAs\":[\"https:\/\/www.facebook.com\/inandoutsotogrande\"]}]}<\/script>\n<!-- \/ Yoast SEO plugin. -->","yoast_head_json":{"title":"Gesundheit &amp; Wohlbefinden - In and Out Sotogrande","robots":{"index":"index","follow":"follow","max-snippet":"max-snippet:-1","max-image-preview":"max-image-preview:large","max-video-preview":"max-video-preview:-1"},"canonical":"https:\/\/inandoutsotogrande.com\/de\/index.php\/gesundheit-wohlbefinden\/","og_locale":"de_DE","og_type":"article","og_title":"Gesundheit &amp; Wohlbefinden - In and Out Sotogrande","og_url":"https:\/\/inandoutsotogrande.com\/de\/index.php\/gesundheit-wohlbefinden\/","og_site_name":"In and Out Sotogrande","article_publisher":"https:\/\/www.facebook.com\/inandoutsotogrande","article_modified_time":"2025-06-24T12:32:18+00:00","og_image":[{"width":2560,"height":1434,"url":"https:\/\/inandoutsotogrande.com\/wp-content\/uploads\/2025\/06\/health_wellbeing_parallax_d.jpg","type":"image\/jpeg"}],"twitter_card":"summary_large_image","schema":{"@context":"https:\/\/schema.org","@graph":[{"@type":"WebPage","@id":"https:\/\/inandoutsotogrande.com\/de\/index.php\/gesundheit-wohlbefinden\/","url":"https:\/\/inandoutsotogrande.com\/de\/index.php\/gesundheit-wohlbefinden\/","name":"Gesundheit &amp; Wohlbefinden - In and Out Sotogrande","isPartOf":{"@id":"https:\/\/inandoutsotogrande.com\/#website"},"primaryImageOfPage":{"@id":"https:\/\/inandoutsotogrande.com\/de\/index.php\/gesundheit-wohlbefinden\/#primaryimage"},"image":{"@id":"https:\/\/inandoutsotogrande.com\/de\/index.php\/gesundheit-wohlbefinden\/#primaryimage"},"thumbnailUrl":"https:\/\/inandoutsotogrande.com\/wp-content\/uploads\/2025\/06\/health_wellbeing_parallax_d.jpg","datePublished":"2025-06-08T17:58:40+00:00","dateModified":"2025-06-24T12:32:18+00:00","breadcrumb":{"@id":"https:\/\/inandoutsotogrande.com\/de\/index.php\/gesundheit-wohlbefinden\/#breadcrumb"},"inLanguage":"de","potentialAction":[{"@type":"ReadAction","target":["https:\/\/inandoutsotogrande.com\/de\/index.php\/gesundheit-wohlbefinden\/"]}]},{"@type":"ImageObject","inLanguage":"de","@id":"https:\/\/inandoutsotogrande.com\/de\/index.php\/gesundheit-wohlbefinden\/#primaryimage","url":"https:\/\/inandoutsotogrande.com\/wp-content\/uploads\/2025\/06\/health_wellbeing_parallax_d.jpg","contentUrl":"https:\/\/inandoutsotogrande.com\/wp-content\/uploads\/2025\/06\/health_wellbeing_parallax_d.jpg","width":2560,"height":1434},{"@type":"BreadcrumbList","@id":"https:\/\/inandoutsotogrande.com\/de\/index.php\/gesundheit-wohlbefinden\/#breadcrumb","itemListElement":[{"@type":"ListItem","position":1,"name":"Startseite","item":"https:\/\/inandoutsotogrande.com\/de\/index.php\/startseite\/"},{"@type":"ListItem","position":2,"name":"Gesundheit &amp; Wohlbefinden"}]},{"@type":"WebSite","@id":"https:\/\/inandoutsotogrande.com\/#website","url":"https:\/\/inandoutsotogrande.com\/","name":"In and Out Sotogrande","description":"","publisher":{"@id":"https:\/\/inandoutsotogrande.com\/#organization"},"inLanguage":"de"},{"@type":"Organization","@id":"https:\/\/inandoutsotogrande.com\/#organization","name":"In and Out Sotogrande","url":"https:\/\/inandoutsotogrande.com\/","logo":{"@type":"ImageObject","inLanguage":"de","@id":"https:\/\/inandoutsotogrande.com\/#\/schema\/logo\/image\/","url":"https:\/\/inandoutsotogrande.com\/wp-content\/uploads\/2025\/11\/in-and-out.png","contentUrl":"https:\/\/inandoutsotogrande.com\/wp-content\/uploads\/2025\/11\/in-and-out.png","width":416,"height":276,"caption":"In and Out Sotogrande"},"image":{"@id":"https:\/\/inandoutsotogrande.com\/#\/schema\/logo\/image\/"},"sameAs":["https:\/\/www.facebook.com\/inandoutsotogrande"]}]}},"_links":{"self":[{"href":"https:\/\/inandoutsotogrande.com\/de\/index.php\/wp-json\/wp\/v2\/pages\/2127","targetHints":{"allow":["GET"]}}],"collection":[{"href":"https:\/\/inandoutsotogrande.com\/de\/index.php\/wp-json\/wp\/v2\/pages"}],"about":[{"href":"https:\/\/inandoutsotogrande.com\/de\/index.php\/wp-json\/wp\/v2\/types\/page"}],"author":[{"embeddable":true,"href":"https:\/\/inandoutsotogrande.com\/de\/index.php\/wp-json\/wp\/v2\/users\/1"}],"replies":[{"embeddable":true,"href":"https:\/\/inandoutsotogrande.com\/de\/index.php\/wp-json\/wp\/v2\/comments?post=2127"}],"version-history":[{"count":1,"href":"https:\/\/inandoutsotogrande.com\/de\/index.php\/wp-json\/wp\/v2\/pages\/2127\/revisions"}],"predecessor-version":[{"id":2131,"href":"https:\/\/inandoutsotogrande.com\/de\/index.php\/wp-json\/wp\/v2\/pages\/2127\/revisions\/2131"}],"wp:featuredmedia":[{"embeddable":true,"href":"https:\/\/inandoutsotogrande.com\/de\/index.php\/wp-json\/wp\/v2\/media\/734"}],"wp:attachment":[{"href":"https:\/\/inandoutsotogrande.com\/de\/index.php\/wp-json\/wp\/v2\/media?parent=2127"}],"curies":[{"name":"wp","href":"https:\/\/api.w.org\/{rel}","templated":true}]}}