{"id":2132,"date":"2025-06-08T17:59:49","date_gmt":"2025-06-08T17:59:49","guid":{"rendered":"https:\/\/inandoutsotogrande.com\/index.php\/immobilien\/"},"modified":"2025-07-19T17:58:09","modified_gmt":"2025-07-19T17:58:09","slug":"immobilien","status":"publish","type":"page","link":"https:\/\/inandoutsotogrande.com\/de\/index.php\/immobilien\/","title":{"rendered":"Immobilien"},"content":{"rendered":"    <div class=\"swiper real_estate-slider\">\n      <div class=\"swiper-wrapper\">\n                    <div class=\"swiper-slide swiper-advert\" href=\"http:\/\/sotograndexclusive.com\" target=\"_blank\">\n\t\t<picture>\n\t\t\t<source media=\"(max-width:767px)\" data-srcset=\"https:\/\/inandoutsotogrande.com\/wp-content\/uploads\/2025\/12\/sotogrande_exclusive_d.jpg\" class=\"swiper-lazy\">\n\t\t\t<source media=\"(min-width:768px)\" data-srcset=\"https:\/\/inandoutsotogrande.com\/wp-content\/uploads\/2025\/12\/sotogrande_exclusive_d.jpg\" class=\"swiper-lazy\">\n\t\t\t<img class=\"slide-image\"\n\t\t\t\tsrc=\"data:image\/gif;base64,R0lGODlhAQABAIAAAAAAAP\/\/\/ywAAAAAAQABAAACAUwAOw==\"\n\t\t\t\tdata-src-mobile=\"https:\/\/inandoutsotogrande.com\/wp-content\/uploads\/2025\/12\/sotogrande_exclusive_d.jpg\"\n\t\t\t\tdata-src-desktop=\"https:\/\/inandoutsotogrande.com\/wp-content\/uploads\/2025\/12\/sotogrande_exclusive_d.jpg\"\n\t\t\t\talt=\"\"\n\t\t\t>\n\t\t<\/picture>\n\t\t<div class=\"slide-spinner\"><\/div>\n                <div class=\"slide-content\">\n                    <h2>Sotogrande Exclusive Real Estate<\/h2>\n\t\t\t                                        <div class=\"slide-description\"><p><strong>Sotogrande Exclusive Elite Real Estate in Spain\u2019s Luxury Haven<\/strong><br \/>\nNestled in the prestigious Sotogrande resort, founded-led agency on Spain\u2019s Costa del Sol, www.sotograndexclusive.com curates exclusive luxury properties for discerning buyers seeking Mediterranean elegance.<\/p>\n<p><strong>Premium Properties<\/strong><br \/>\nExclusive luxurious villas in the Kings &amp; Queens area, wonderful penthouses &amp; apartments along the Sotogrande Port and Marina all the way up to the beach side.<\/p>\n<p>Stunning new-build options like Sky Villas in Village Verde. Real Family homes and townhouses in Sotogrande Alto. Extraordinary luxury estates and custom designed homes in La Reserva de Sotogrande, with stunning golf and sea views, with ultimate privacy.<\/p>\n<p>High-end marinaside units with breathtaking vistas, from renovated gems to bespoke builds.<\/p>\n<p>All within the private and secured Sotogrande Resort.<\/p>\n<p><strong>Off-plan Developments<\/strong><br \/>\nSotogrande Exclusive is on top of ALL new off-plan developments, if it comes to pricing, potential, best unit &amp; floor. Advantages: low down payment, customization options and less maintenance for several years.<\/p>\n<p><strong>Expert Services<\/strong><br \/>\n<strong>Viewings &amp; Valuations:<\/strong> tailored property tours and market assessments to match your vision.<\/p>\n<p><strong>Custom Builds &amp; Advisory<\/strong><br \/>\nPersonalized consultations for new constructions, renovations, and investment strategies\u2014no full online transactions, but seamless inquiries.<\/p>\n<p><strong>Transaction Support<\/strong><br \/>\nEnd-to-end guidance on sales, legalities, and financing for stress-free luxury acquisitions.<\/p>\n<p><strong>Knowledgeable Staff<\/strong><br \/>\nSeasoned real estate pros bring deep Sotogrande expertise\u2014navigating elite markets with insider insights, from novice investors to high-net-worth clients. Discover your dream home today!<\/p>\n<p>Sotogrande Exclusive Elite Real Estate<br \/>\nCarretera Nacional 340 km. 139,9<br \/>\n11312 Torreguadiaro (C\u00e1diz)<\/p>\n<\/div>\n                                            <div class=\"slide-contact\">\n                            <div class=\"contact-item contact-phone\"><a href=\"tel:+34617005844\">+34617005844<\/a><\/div>                                                                                    <div class=\"contact-item contact-website\"><a href=\"http:\/\/sotograndexclusive.com\" target=\"_blank\">sotograndexclusive.com<\/a><\/div>                        <\/div>\n                                        <div class=\"slide-featured-image\"><img loading=\"lazy\" decoding=\"async\" width=\"2560\" height=\"1811\" src=\"https:\/\/inandoutsotogrande.com\/wp-content\/uploads\/2025\/12\/SOTOGRANDE-EXCLUSIVE-Logo-scaled.jpg\" class=\"slide-contact-featured-image wp-post-image\" alt=\"Sotogrande Exclusive Real Estate\" srcset=\"https:\/\/inandoutsotogrande.com\/wp-content\/uploads\/2025\/12\/SOTOGRANDE-EXCLUSIVE-Logo-scaled.jpg 2560w, https:\/\/inandoutsotogrande.com\/wp-content\/uploads\/2025\/12\/SOTOGRANDE-EXCLUSIVE-Logo-300x212.jpg 300w, https:\/\/inandoutsotogrande.com\/wp-content\/uploads\/2025\/12\/SOTOGRANDE-EXCLUSIVE-Logo-1024x724.jpg 1024w, https:\/\/inandoutsotogrande.com\/wp-content\/uploads\/2025\/12\/SOTOGRANDE-EXCLUSIVE-Logo-768x543.jpg 768w, https:\/\/inandoutsotogrande.com\/wp-content\/uploads\/2025\/12\/SOTOGRANDE-EXCLUSIVE-Logo-1536x1086.jpg 1536w, https:\/\/inandoutsotogrande.com\/wp-content\/uploads\/2025\/12\/SOTOGRANDE-EXCLUSIVE-Logo-2048x1449.jpg 2048w\" sizes=\"auto, (max-width: 2560px) 100vw, 2560px\" \/><\/div>                <\/div><!--\/.slide-content-->\n            <\/div><!--\/.swiper-slide-->\n                    <div class=\"swiper-slide\">\n\t\t<picture>\n\t\t\t<source media=\"(max-width:767px)\" data-srcset=\"https:\/\/inandoutsotogrande.com\/wp-content\/uploads\/2025\/07\/purcell_properties_d.jpg\" class=\"swiper-lazy\">\n\t\t\t<source media=\"(min-width:768px)\" data-srcset=\"https:\/\/inandoutsotogrande.com\/wp-content\/uploads\/2025\/07\/purcell_properties_d.jpg\" class=\"swiper-lazy\">\n\t\t\t<img class=\"slide-image\"\n\t\t\t\tsrc=\"data:image\/gif;base64,R0lGODlhAQABAIAAAAAAAP\/\/\/ywAAAAAAQABAAACAUwAOw==\"\n\t\t\t\tdata-src-mobile=\"https:\/\/inandoutsotogrande.com\/wp-content\/uploads\/2025\/07\/purcell_properties_d.jpg\"\n\t\t\t\tdata-src-desktop=\"https:\/\/inandoutsotogrande.com\/wp-content\/uploads\/2025\/07\/purcell_properties_d.jpg\"\n\t\t\t\talt=\"\"\n\t\t\t>\n\t\t<\/picture>\n\t\t<div class=\"slide-spinner\"><\/div>\n                <div class=\"slide-content\">\n                    <h2>Purcell Properties<br>Nr. 1 irische Agentur in Sotogrande<\/h2>\n\t\t\t                                        <div class=\"slide-description\"><p>Bei Purcell Properties bieten wir einen neuen und aufregenden Ansatz f\u00fcr die gesamte Immobilienbranche an der Costa del Sol. Wir wissen, wie frustrierend die Suche nach Ihrer Traumimmobilie sein kann und dass sich zu einem Alptraum entwickeln kann, wenn Sie unz\u00e4hlige Immobilien auf Websites durchsuchen m\u00fcssen. Wir nehmen Ihnen den \u00c4rger mit unserem ma\u00dfgeschneiderten Service f\u00fcr die individuellen Bed\u00fcrfnisse jedes Kunden ab.<\/p>\n<\/div>\n                                        <div class=\"slide-featured-image\"><img loading=\"lazy\" decoding=\"async\" width=\"732\" height=\"705\" src=\"https:\/\/inandoutsotogrande.com\/wp-content\/uploads\/2025\/07\/purcell_properties.png\" class=\"slide-contact-featured-image wp-post-image\" alt=\"Purcell Properties&lt;br&gt;Nr. 1 irische Agentur in Sotogrande\" srcset=\"https:\/\/inandoutsotogrande.com\/wp-content\/uploads\/2025\/07\/purcell_properties.png 732w, https:\/\/inandoutsotogrande.com\/wp-content\/uploads\/2025\/07\/purcell_properties-300x289.png 300w\" sizes=\"auto, (max-width: 732px) 100vw, 732px\" \/><\/div>                <\/div><!--\/.slide-content-->\n            <\/div><!--\/.swiper-slide-->\n              <\/div><!--\/.swiper-wrapper-->\n      <div class=\"swiper-pagination\"><\/div>\n      <div class=\"swiper-button-prev\"><\/div>\n      <div class=\"swiper-button-next\"><\/div>\n    <\/div><!--\/.swiper-->\n\n    \n","protected":false},"excerpt":{"rendered":"","protected":false},"author":1,"featured_media":629,"parent":0,"menu_order":0,"comment_status":"closed","ping_status":"closed","template":"","meta":{"footnotes":""},"class_list":["post-2132","page","type-page","status-publish","has-post-thumbnail","hentry"],"yoast_head":"<!-- This site is optimized with the Yoast SEO plugin v26.5 - https:\/\/yoast.com\/wordpress\/plugins\/seo\/ -->\n<title>Immobilien - In and Out Sotogrande<\/title>\n<meta name=\"robots\" content=\"index, follow, max-snippet:-1, max-image-preview:large, max-video-preview:-1\" \/>\n<link rel=\"canonical\" href=\"https:\/\/inandoutsotogrande.com\/de\/index.php\/immobilien\/\" \/>\n<meta property=\"og:locale\" content=\"de_DE\" \/>\n<meta property=\"og:type\" content=\"article\" \/>\n<meta property=\"og:title\" content=\"Immobilien - In and Out Sotogrande\" \/>\n<meta property=\"og:url\" content=\"https:\/\/inandoutsotogrande.com\/de\/index.php\/immobilien\/\" \/>\n<meta property=\"og:site_name\" content=\"In and Out Sotogrande\" \/>\n<meta property=\"article:publisher\" content=\"https:\/\/www.facebook.com\/inandoutsotogrande\" \/>\n<meta property=\"article:modified_time\" content=\"2025-07-19T17:58:09+00:00\" \/>\n<meta property=\"og:image\" content=\"https:\/\/inandoutsotogrande.com\/wp-content\/uploads\/2025\/06\/real_estate_parallax_d.jpg\" \/>\n\t<meta property=\"og:image:width\" content=\"2560\" \/>\n\t<meta property=\"og:image:height\" content=\"1434\" \/>\n\t<meta property=\"og:image:type\" content=\"image\/jpeg\" \/>\n<meta name=\"twitter:card\" content=\"summary_large_image\" \/>\n<script type=\"application\/ld+json\" class=\"yoast-schema-graph\">{\"@context\":\"https:\/\/schema.org\",\"@graph\":[{\"@type\":\"WebPage\",\"@id\":\"https:\/\/inandoutsotogrande.com\/de\/index.php\/immobilien\/\",\"url\":\"https:\/\/inandoutsotogrande.com\/de\/index.php\/immobilien\/\",\"name\":\"Immobilien - In and Out Sotogrande\",\"isPartOf\":{\"@id\":\"https:\/\/inandoutsotogrande.com\/#website\"},\"primaryImageOfPage\":{\"@id\":\"https:\/\/inandoutsotogrande.com\/de\/index.php\/immobilien\/#primaryimage\"},\"image\":{\"@id\":\"https:\/\/inandoutsotogrande.com\/de\/index.php\/immobilien\/#primaryimage\"},\"thumbnailUrl\":\"https:\/\/inandoutsotogrande.com\/wp-content\/uploads\/2025\/06\/real_estate_parallax_d.jpg\",\"datePublished\":\"2025-06-08T17:59:49+00:00\",\"dateModified\":\"2025-07-19T17:58:09+00:00\",\"breadcrumb\":{\"@id\":\"https:\/\/inandoutsotogrande.com\/de\/index.php\/immobilien\/#breadcrumb\"},\"inLanguage\":\"de\",\"potentialAction\":[{\"@type\":\"ReadAction\",\"target\":[\"https:\/\/inandoutsotogrande.com\/de\/index.php\/immobilien\/\"]}]},{\"@type\":\"ImageObject\",\"inLanguage\":\"de\",\"@id\":\"https:\/\/inandoutsotogrande.com\/de\/index.php\/immobilien\/#primaryimage\",\"url\":\"https:\/\/inandoutsotogrande.com\/wp-content\/uploads\/2025\/06\/real_estate_parallax_d.jpg\",\"contentUrl\":\"https:\/\/inandoutsotogrande.com\/wp-content\/uploads\/2025\/06\/real_estate_parallax_d.jpg\",\"width\":2560,\"height\":1434},{\"@type\":\"BreadcrumbList\",\"@id\":\"https:\/\/inandoutsotogrande.com\/de\/index.php\/immobilien\/#breadcrumb\",\"itemListElement\":[{\"@type\":\"ListItem\",\"position\":1,\"name\":\"Startseite\",\"item\":\"https:\/\/inandoutsotogrande.com\/de\/index.php\/startseite\/\"},{\"@type\":\"ListItem\",\"position\":2,\"name\":\"Immobilien\"}]},{\"@type\":\"WebSite\",\"@id\":\"https:\/\/inandoutsotogrande.com\/#website\",\"url\":\"https:\/\/inandoutsotogrande.com\/\",\"name\":\"In and Out Sotogrande\",\"description\":\"\",\"publisher\":{\"@id\":\"https:\/\/inandoutsotogrande.com\/#organization\"},\"inLanguage\":\"de\"},{\"@type\":\"Organization\",\"@id\":\"https:\/\/inandoutsotogrande.com\/#organization\",\"name\":\"In and Out Sotogrande\",\"url\":\"https:\/\/inandoutsotogrande.com\/\",\"logo\":{\"@type\":\"ImageObject\",\"inLanguage\":\"de\",\"@id\":\"https:\/\/inandoutsotogrande.com\/#\/schema\/logo\/image\/\",\"url\":\"https:\/\/inandoutsotogrande.com\/wp-content\/uploads\/2025\/11\/in-and-out.png\",\"contentUrl\":\"https:\/\/inandoutsotogrande.com\/wp-content\/uploads\/2025\/11\/in-and-out.png\",\"width\":416,\"height\":276,\"caption\":\"In and Out Sotogrande\"},\"image\":{\"@id\":\"https:\/\/inandoutsotogrande.com\/#\/schema\/logo\/image\/\"},\"sameAs\":[\"https:\/\/www.facebook.com\/inandoutsotogrande\"]}]}<\/script>\n<!-- \/ Yoast SEO plugin. -->","yoast_head_json":{"title":"Immobilien - In and Out Sotogrande","robots":{"index":"index","follow":"follow","max-snippet":"max-snippet:-1","max-image-preview":"max-image-preview:large","max-video-preview":"max-video-preview:-1"},"canonical":"https:\/\/inandoutsotogrande.com\/de\/index.php\/immobilien\/","og_locale":"de_DE","og_type":"article","og_title":"Immobilien - In and Out Sotogrande","og_url":"https:\/\/inandoutsotogrande.com\/de\/index.php\/immobilien\/","og_site_name":"In and Out Sotogrande","article_publisher":"https:\/\/www.facebook.com\/inandoutsotogrande","article_modified_time":"2025-07-19T17:58:09+00:00","og_image":[{"width":2560,"height":1434,"url":"https:\/\/inandoutsotogrande.com\/wp-content\/uploads\/2025\/06\/real_estate_parallax_d.jpg","type":"image\/jpeg"}],"twitter_card":"summary_large_image","schema":{"@context":"https:\/\/schema.org","@graph":[{"@type":"WebPage","@id":"https:\/\/inandoutsotogrande.com\/de\/index.php\/immobilien\/","url":"https:\/\/inandoutsotogrande.com\/de\/index.php\/immobilien\/","name":"Immobilien - In and Out Sotogrande","isPartOf":{"@id":"https:\/\/inandoutsotogrande.com\/#website"},"primaryImageOfPage":{"@id":"https:\/\/inandoutsotogrande.com\/de\/index.php\/immobilien\/#primaryimage"},"image":{"@id":"https:\/\/inandoutsotogrande.com\/de\/index.php\/immobilien\/#primaryimage"},"thumbnailUrl":"https:\/\/inandoutsotogrande.com\/wp-content\/uploads\/2025\/06\/real_estate_parallax_d.jpg","datePublished":"2025-06-08T17:59:49+00:00","dateModified":"2025-07-19T17:58:09+00:00","breadcrumb":{"@id":"https:\/\/inandoutsotogrande.com\/de\/index.php\/immobilien\/#breadcrumb"},"inLanguage":"de","potentialAction":[{"@type":"ReadAction","target":["https:\/\/inandoutsotogrande.com\/de\/index.php\/immobilien\/"]}]},{"@type":"ImageObject","inLanguage":"de","@id":"https:\/\/inandoutsotogrande.com\/de\/index.php\/immobilien\/#primaryimage","url":"https:\/\/inandoutsotogrande.com\/wp-content\/uploads\/2025\/06\/real_estate_parallax_d.jpg","contentUrl":"https:\/\/inandoutsotogrande.com\/wp-content\/uploads\/2025\/06\/real_estate_parallax_d.jpg","width":2560,"height":1434},{"@type":"BreadcrumbList","@id":"https:\/\/inandoutsotogrande.com\/de\/index.php\/immobilien\/#breadcrumb","itemListElement":[{"@type":"ListItem","position":1,"name":"Startseite","item":"https:\/\/inandoutsotogrande.com\/de\/index.php\/startseite\/"},{"@type":"ListItem","position":2,"name":"Immobilien"}]},{"@type":"WebSite","@id":"https:\/\/inandoutsotogrande.com\/#website","url":"https:\/\/inandoutsotogrande.com\/","name":"In and Out Sotogrande","description":"","publisher":{"@id":"https:\/\/inandoutsotogrande.com\/#organization"},"inLanguage":"de"},{"@type":"Organization","@id":"https:\/\/inandoutsotogrande.com\/#organization","name":"In and Out Sotogrande","url":"https:\/\/inandoutsotogrande.com\/","logo":{"@type":"ImageObject","inLanguage":"de","@id":"https:\/\/inandoutsotogrande.com\/#\/schema\/logo\/image\/","url":"https:\/\/inandoutsotogrande.com\/wp-content\/uploads\/2025\/11\/in-and-out.png","contentUrl":"https:\/\/inandoutsotogrande.com\/wp-content\/uploads\/2025\/11\/in-and-out.png","width":416,"height":276,"caption":"In and Out Sotogrande"},"image":{"@id":"https:\/\/inandoutsotogrande.com\/#\/schema\/logo\/image\/"},"sameAs":["https:\/\/www.facebook.com\/inandoutsotogrande"]}]}},"_links":{"self":[{"href":"https:\/\/inandoutsotogrande.com\/de\/index.php\/wp-json\/wp\/v2\/pages\/2132","targetHints":{"allow":["GET"]}}],"collection":[{"href":"https:\/\/inandoutsotogrande.com\/de\/index.php\/wp-json\/wp\/v2\/pages"}],"about":[{"href":"https:\/\/inandoutsotogrande.com\/de\/index.php\/wp-json\/wp\/v2\/types\/page"}],"author":[{"embeddable":true,"href":"https:\/\/inandoutsotogrande.com\/de\/index.php\/wp-json\/wp\/v2\/users\/1"}],"replies":[{"embeddable":true,"href":"https:\/\/inandoutsotogrande.com\/de\/index.php\/wp-json\/wp\/v2\/comments?post=2132"}],"version-history":[{"count":3,"href":"https:\/\/inandoutsotogrande.com\/de\/index.php\/wp-json\/wp\/v2\/pages\/2132\/revisions"}],"predecessor-version":[{"id":2432,"href":"https:\/\/inandoutsotogrande.com\/de\/index.php\/wp-json\/wp\/v2\/pages\/2132\/revisions\/2432"}],"wp:featuredmedia":[{"embeddable":true,"href":"https:\/\/inandoutsotogrande.com\/de\/index.php\/wp-json\/wp\/v2\/media\/629"}],"wp:attachment":[{"href":"https:\/\/inandoutsotogrande.com\/de\/index.php\/wp-json\/wp\/v2\/media?parent=2132"}],"curies":[{"name":"wp","href":"https:\/\/api.w.org\/{rel}","templated":true}]}}