{"id":2159,"date":"2025-06-08T18:09:02","date_gmt":"2025-06-08T18:09:02","guid":{"rendered":"https:\/\/inandoutsotogrande.com\/index.php\/sotogrande-pueblo-farbe\/"},"modified":"2025-07-20T10:45:40","modified_gmt":"2025-07-20T10:45:40","slug":"sotogrande-pueblo-farbe","status":"publish","type":"page","link":"https:\/\/inandoutsotogrande.com\/de\/index.php\/sotogrande-pueblo-farbe\/","title":{"rendered":"Sotogrande: Pueblo Color"},"content":{"rendered":"\n<figure class=\"wp-block-image size-large\"><img loading=\"lazy\" decoding=\"async\" width=\"1024\" height=\"574\" src=\"https:\/\/inandoutsotogrande.com\/wp-content\/uploads\/2025\/06\/sotogrande_d-1024x574.jpg\" alt=\"\" class=\"wp-image-29\" srcset=\"https:\/\/inandoutsotogrande.com\/wp-content\/uploads\/2025\/06\/sotogrande_d-1024x574.jpg 1024w, https:\/\/inandoutsotogrande.com\/wp-content\/uploads\/2025\/06\/sotogrande_d-300x168.jpg 300w, https:\/\/inandoutsotogrande.com\/wp-content\/uploads\/2025\/06\/sotogrande_d-768x430.jpg 768w, https:\/\/inandoutsotogrande.com\/wp-content\/uploads\/2025\/06\/sotogrande_d-1536x860.jpg 1536w, https:\/\/inandoutsotogrande.com\/wp-content\/uploads\/2025\/06\/sotogrande_d-2048x1147.jpg 2048w\" sizes=\"auto, (max-width: 1024px) 100vw, 1024px\" \/><\/figure>\n\n<p>Sotogrande ist ein Luxusreiseziel an der Costa del Sol. Mit seinen Golf-, Padel- und Tennispl\u00e4tzen, Polofeldern, Yachth\u00e4fen, Chiringuitos, Bars, Restaurants, Gesch\u00e4ften und vielem mehr ist es der richtige Ort f\u00fcr Sie, Ihre Kinder, Familie und Freunde. <\/p>\n\n<p>Um eine Stadt \u00e4hnlich wie Palm Springs in S\u00fcdeuropa zu errichten, wurde Sotogrande von dem Industriellenpaar von den Philippinen, Don Jos\u00e9 McMicking und Do\u00f1a Mercedes Z\u00f3bel, entwickelt. Inspiriert von den ber\u00fchmten Pueblos Blancos in ganz Spanien wurde Sotogrande wegen seiner farbenfrohen H\u00e4user, seiner Umgebung und der lebendigen Kunstszene Pueblo Color genannt. <\/p>\n\n<p>Mit diesem Portal m\u00f6chten wir Sie \u00fcber alles informieren, was in Sotogrande los ist. Ob Sie nun ein Strandliebhaber sind, ein Sportfanatiker, ein Bootsspezialist, die besten Restaurants oder einfach nur ein erfrischendes Getr\u00e4nk genie\u00dfen m\u00f6chten, In and Out Sotogrande bietet Ihnen all das. Unsere Website mit ihrer eigenen App wird t\u00e4glich aktualisiert und bietet Ihnen jeden Tag mehr. Bitte besuchen Sie unsere Website t\u00e4glich, um Sotograde in- und auswendig kennen zu lernen und selbst ein Soto-Liebhaber zu werden.   <\/p>\n","protected":false},"excerpt":{"rendered":"<p>Sotogrande ist ein Luxusreiseziel an der Costa del Sol. Mit seinen Golf-, Padel- und Tennispl\u00e4tzen, Polofeldern, Yachth\u00e4fen, Chiringuitos, Bars, Restaurants, Gesch\u00e4ften und vielem mehr ist es der richtige Ort f\u00fcr Sie, Ihre Kinder, Familie und Freunde. Um eine Stadt \u00e4hnlich wie Palm Springs in S\u00fcdeuropa zu errichten, wurde Sotogrande von dem Industriellenpaar von den Philippinen, [&hellip;]<\/p>\n","protected":false},"author":1,"featured_media":507,"parent":0,"menu_order":0,"comment_status":"closed","ping_status":"closed","template":"","meta":{"footnotes":""},"class_list":["post-2159","page","type-page","status-publish","has-post-thumbnail","hentry"],"yoast_head":"<!-- This site is optimized with the Yoast SEO plugin v26.5 - https:\/\/yoast.com\/wordpress\/plugins\/seo\/ -->\n<title>Sotogrande: Pueblo Color - In and Out Sotogrande<\/title>\n<meta name=\"robots\" content=\"index, follow, max-snippet:-1, max-image-preview:large, max-video-preview:-1\" \/>\n<link rel=\"canonical\" href=\"https:\/\/inandoutsotogrande.com\/de\/index.php\/sotogrande-pueblo-farbe\/\" \/>\n<meta property=\"og:locale\" content=\"de_DE\" \/>\n<meta property=\"og:type\" content=\"article\" \/>\n<meta property=\"og:title\" content=\"Sotogrande: Pueblo Color - In and Out Sotogrande\" \/>\n<meta property=\"og:description\" content=\"Sotogrande ist ein Luxusreiseziel an der Costa del Sol. Mit seinen Golf-, Padel- und Tennispl\u00e4tzen, Polofeldern, Yachth\u00e4fen, Chiringuitos, Bars, Restaurants, Gesch\u00e4ften und vielem mehr ist es der richtige Ort f\u00fcr Sie, Ihre Kinder, Familie und Freunde. Um eine Stadt \u00e4hnlich wie Palm Springs in S\u00fcdeuropa zu errichten, wurde Sotogrande von dem Industriellenpaar von den Philippinen, [&hellip;]\" \/>\n<meta property=\"og:url\" content=\"https:\/\/inandoutsotogrande.com\/de\/index.php\/sotogrande-pueblo-farbe\/\" \/>\n<meta property=\"og:site_name\" content=\"In and Out Sotogrande\" \/>\n<meta property=\"article:publisher\" content=\"https:\/\/www.facebook.com\/inandoutsotogrande\" \/>\n<meta property=\"article:modified_time\" content=\"2025-07-20T10:45:40+00:00\" \/>\n<meta property=\"og:image\" content=\"https:\/\/inandoutsotogrande.com\/wp-content\/uploads\/2025\/06\/parallax_d-scaled.jpg\" \/>\n\t<meta property=\"og:image:width\" content=\"2560\" \/>\n\t<meta property=\"og:image:height\" content=\"1707\" \/>\n\t<meta property=\"og:image:type\" content=\"image\/jpeg\" \/>\n<meta name=\"twitter:card\" content=\"summary_large_image\" \/>\n<meta name=\"twitter:label1\" content=\"Gesch\u00e4tzte Lesezeit\" \/>\n\t<meta name=\"twitter:data1\" content=\"1\u00a0Minute\" \/>\n<script type=\"application\/ld+json\" class=\"yoast-schema-graph\">{\"@context\":\"https:\/\/schema.org\",\"@graph\":[{\"@type\":\"WebPage\",\"@id\":\"https:\/\/inandoutsotogrande.com\/de\/index.php\/sotogrande-pueblo-farbe\/\",\"url\":\"https:\/\/inandoutsotogrande.com\/de\/index.php\/sotogrande-pueblo-farbe\/\",\"name\":\"Sotogrande: Pueblo Color - In and Out Sotogrande\",\"isPartOf\":{\"@id\":\"https:\/\/inandoutsotogrande.com\/#website\"},\"primaryImageOfPage\":{\"@id\":\"https:\/\/inandoutsotogrande.com\/de\/index.php\/sotogrande-pueblo-farbe\/#primaryimage\"},\"image\":{\"@id\":\"https:\/\/inandoutsotogrande.com\/de\/index.php\/sotogrande-pueblo-farbe\/#primaryimage\"},\"thumbnailUrl\":\"https:\/\/inandoutsotogrande.com\/wp-content\/uploads\/2025\/06\/parallax_d-scaled.jpg\",\"datePublished\":\"2025-06-08T18:09:02+00:00\",\"dateModified\":\"2025-07-20T10:45:40+00:00\",\"breadcrumb\":{\"@id\":\"https:\/\/inandoutsotogrande.com\/de\/index.php\/sotogrande-pueblo-farbe\/#breadcrumb\"},\"inLanguage\":\"de\",\"potentialAction\":[{\"@type\":\"ReadAction\",\"target\":[\"https:\/\/inandoutsotogrande.com\/de\/index.php\/sotogrande-pueblo-farbe\/\"]}]},{\"@type\":\"ImageObject\",\"inLanguage\":\"de\",\"@id\":\"https:\/\/inandoutsotogrande.com\/de\/index.php\/sotogrande-pueblo-farbe\/#primaryimage\",\"url\":\"https:\/\/inandoutsotogrande.com\/wp-content\/uploads\/2025\/06\/parallax_d-scaled.jpg\",\"contentUrl\":\"https:\/\/inandoutsotogrande.com\/wp-content\/uploads\/2025\/06\/parallax_d-scaled.jpg\",\"width\":2560,\"height\":1707,\"caption\":\"Bridge over canal in Sotogrande marina, Andalusia, Spain\"},{\"@type\":\"BreadcrumbList\",\"@id\":\"https:\/\/inandoutsotogrande.com\/de\/index.php\/sotogrande-pueblo-farbe\/#breadcrumb\",\"itemListElement\":[{\"@type\":\"ListItem\",\"position\":1,\"name\":\"Startseite\",\"item\":\"https:\/\/inandoutsotogrande.com\/de\/index.php\/startseite\/\"},{\"@type\":\"ListItem\",\"position\":2,\"name\":\"Sotogrande: Pueblo Color\"}]},{\"@type\":\"WebSite\",\"@id\":\"https:\/\/inandoutsotogrande.com\/#website\",\"url\":\"https:\/\/inandoutsotogrande.com\/\",\"name\":\"In and Out Sotogrande\",\"description\":\"\",\"publisher\":{\"@id\":\"https:\/\/inandoutsotogrande.com\/#organization\"},\"inLanguage\":\"de\"},{\"@type\":\"Organization\",\"@id\":\"https:\/\/inandoutsotogrande.com\/#organization\",\"name\":\"In and Out Sotogrande\",\"url\":\"https:\/\/inandoutsotogrande.com\/\",\"logo\":{\"@type\":\"ImageObject\",\"inLanguage\":\"de\",\"@id\":\"https:\/\/inandoutsotogrande.com\/#\/schema\/logo\/image\/\",\"url\":\"https:\/\/inandoutsotogrande.com\/wp-content\/uploads\/2025\/11\/in-and-out.png\",\"contentUrl\":\"https:\/\/inandoutsotogrande.com\/wp-content\/uploads\/2025\/11\/in-and-out.png\",\"width\":416,\"height\":276,\"caption\":\"In and Out Sotogrande\"},\"image\":{\"@id\":\"https:\/\/inandoutsotogrande.com\/#\/schema\/logo\/image\/\"},\"sameAs\":[\"https:\/\/www.facebook.com\/inandoutsotogrande\"]}]}<\/script>\n<!-- \/ Yoast SEO plugin. -->","yoast_head_json":{"title":"Sotogrande: Pueblo Color - In and Out Sotogrande","robots":{"index":"index","follow":"follow","max-snippet":"max-snippet:-1","max-image-preview":"max-image-preview:large","max-video-preview":"max-video-preview:-1"},"canonical":"https:\/\/inandoutsotogrande.com\/de\/index.php\/sotogrande-pueblo-farbe\/","og_locale":"de_DE","og_type":"article","og_title":"Sotogrande: Pueblo Color - In and Out Sotogrande","og_description":"Sotogrande ist ein Luxusreiseziel an der Costa del Sol. Mit seinen Golf-, Padel- und Tennispl\u00e4tzen, Polofeldern, Yachth\u00e4fen, Chiringuitos, Bars, Restaurants, Gesch\u00e4ften und vielem mehr ist es der richtige Ort f\u00fcr Sie, Ihre Kinder, Familie und Freunde. Um eine Stadt \u00e4hnlich wie Palm Springs in S\u00fcdeuropa zu errichten, wurde Sotogrande von dem Industriellenpaar von den Philippinen, [&hellip;]","og_url":"https:\/\/inandoutsotogrande.com\/de\/index.php\/sotogrande-pueblo-farbe\/","og_site_name":"In and Out Sotogrande","article_publisher":"https:\/\/www.facebook.com\/inandoutsotogrande","article_modified_time":"2025-07-20T10:45:40+00:00","og_image":[{"width":2560,"height":1707,"url":"https:\/\/inandoutsotogrande.com\/wp-content\/uploads\/2025\/06\/parallax_d-scaled.jpg","type":"image\/jpeg"}],"twitter_card":"summary_large_image","twitter_misc":{"Gesch\u00e4tzte Lesezeit":"1\u00a0Minute"},"schema":{"@context":"https:\/\/schema.org","@graph":[{"@type":"WebPage","@id":"https:\/\/inandoutsotogrande.com\/de\/index.php\/sotogrande-pueblo-farbe\/","url":"https:\/\/inandoutsotogrande.com\/de\/index.php\/sotogrande-pueblo-farbe\/","name":"Sotogrande: Pueblo Color - In and Out Sotogrande","isPartOf":{"@id":"https:\/\/inandoutsotogrande.com\/#website"},"primaryImageOfPage":{"@id":"https:\/\/inandoutsotogrande.com\/de\/index.php\/sotogrande-pueblo-farbe\/#primaryimage"},"image":{"@id":"https:\/\/inandoutsotogrande.com\/de\/index.php\/sotogrande-pueblo-farbe\/#primaryimage"},"thumbnailUrl":"https:\/\/inandoutsotogrande.com\/wp-content\/uploads\/2025\/06\/parallax_d-scaled.jpg","datePublished":"2025-06-08T18:09:02+00:00","dateModified":"2025-07-20T10:45:40+00:00","breadcrumb":{"@id":"https:\/\/inandoutsotogrande.com\/de\/index.php\/sotogrande-pueblo-farbe\/#breadcrumb"},"inLanguage":"de","potentialAction":[{"@type":"ReadAction","target":["https:\/\/inandoutsotogrande.com\/de\/index.php\/sotogrande-pueblo-farbe\/"]}]},{"@type":"ImageObject","inLanguage":"de","@id":"https:\/\/inandoutsotogrande.com\/de\/index.php\/sotogrande-pueblo-farbe\/#primaryimage","url":"https:\/\/inandoutsotogrande.com\/wp-content\/uploads\/2025\/06\/parallax_d-scaled.jpg","contentUrl":"https:\/\/inandoutsotogrande.com\/wp-content\/uploads\/2025\/06\/parallax_d-scaled.jpg","width":2560,"height":1707,"caption":"Bridge over canal in Sotogrande marina, Andalusia, Spain"},{"@type":"BreadcrumbList","@id":"https:\/\/inandoutsotogrande.com\/de\/index.php\/sotogrande-pueblo-farbe\/#breadcrumb","itemListElement":[{"@type":"ListItem","position":1,"name":"Startseite","item":"https:\/\/inandoutsotogrande.com\/de\/index.php\/startseite\/"},{"@type":"ListItem","position":2,"name":"Sotogrande: Pueblo Color"}]},{"@type":"WebSite","@id":"https:\/\/inandoutsotogrande.com\/#website","url":"https:\/\/inandoutsotogrande.com\/","name":"In and Out Sotogrande","description":"","publisher":{"@id":"https:\/\/inandoutsotogrande.com\/#organization"},"inLanguage":"de"},{"@type":"Organization","@id":"https:\/\/inandoutsotogrande.com\/#organization","name":"In and Out Sotogrande","url":"https:\/\/inandoutsotogrande.com\/","logo":{"@type":"ImageObject","inLanguage":"de","@id":"https:\/\/inandoutsotogrande.com\/#\/schema\/logo\/image\/","url":"https:\/\/inandoutsotogrande.com\/wp-content\/uploads\/2025\/11\/in-and-out.png","contentUrl":"https:\/\/inandoutsotogrande.com\/wp-content\/uploads\/2025\/11\/in-and-out.png","width":416,"height":276,"caption":"In and Out Sotogrande"},"image":{"@id":"https:\/\/inandoutsotogrande.com\/#\/schema\/logo\/image\/"},"sameAs":["https:\/\/www.facebook.com\/inandoutsotogrande"]}]}},"_links":{"self":[{"href":"https:\/\/inandoutsotogrande.com\/de\/index.php\/wp-json\/wp\/v2\/pages\/2159","targetHints":{"allow":["GET"]}}],"collection":[{"href":"https:\/\/inandoutsotogrande.com\/de\/index.php\/wp-json\/wp\/v2\/pages"}],"about":[{"href":"https:\/\/inandoutsotogrande.com\/de\/index.php\/wp-json\/wp\/v2\/types\/page"}],"author":[{"embeddable":true,"href":"https:\/\/inandoutsotogrande.com\/de\/index.php\/wp-json\/wp\/v2\/users\/1"}],"replies":[{"embeddable":true,"href":"https:\/\/inandoutsotogrande.com\/de\/index.php\/wp-json\/wp\/v2\/comments?post=2159"}],"version-history":[{"count":3,"href":"https:\/\/inandoutsotogrande.com\/de\/index.php\/wp-json\/wp\/v2\/pages\/2159\/revisions"}],"predecessor-version":[{"id":2658,"href":"https:\/\/inandoutsotogrande.com\/de\/index.php\/wp-json\/wp\/v2\/pages\/2159\/revisions\/2658"}],"wp:featuredmedia":[{"embeddable":true,"href":"https:\/\/inandoutsotogrande.com\/de\/index.php\/wp-json\/wp\/v2\/media\/507"}],"wp:attachment":[{"href":"https:\/\/inandoutsotogrande.com\/de\/index.php\/wp-json\/wp\/v2\/media?parent=2159"}],"curies":[{"name":"wp","href":"https:\/\/api.w.org\/{rel}","templated":true}]}}