{"id":1459,"date":"2025-06-09T13:12:41","date_gmt":"2025-06-09T13:12:41","guid":{"rendered":"https:\/\/inandoutsotogrande.com\/index.php\/como-contactar-con-nosotros\/"},"modified":"2025-06-24T11:45:27","modified_gmt":"2025-06-24T11:45:27","slug":"como-contactar-con-nosotros","status":"publish","type":"page","link":"https:\/\/inandoutsotogrande.com\/es\/index.php\/como-contactar-con-nosotros\/","title":{"rendered":"\u00bfC\u00f3mo contactar con nosotros?"},"content":{"rendered":"\n<p>Suscr\u00edbete a nuestro Bolet\u00edn y\/o hazte Miembro de nuestro Grupo de WhatsApp para que podamos informarte de todo lo que ocurre en Sotogrande<\/p>\n\n\n<p class=\"wpcf7-contact-form-not-found\"><strong>Error:<\/strong> Formulario de contacto no encontrado.<\/p>\n\n\n\n<p><a href=\"mailto:info@inandoutsotogrande.com\" target=\"_blank\" rel=\"noreferrer noopener\">info@inandoutsotogrande.com<\/a><br><a class=\"facebook_link\" href=\"https:\/\/www.facebook.com\/inandoutsotogrande\" target=\"_blank\" rel=\"noreferrer noopener\">\/enandoutsotogrande<\/a><br><a class=\"instagram_link\" href=\"https:\/\/www.instagram.com\/inandoutsotogrande\/#\" target=\"_blank\" rel=\"noreferrer noopener\">\/inandoutsotogrande<\/a><br><a href=\"tel:+34669687706\">+34 669 687 706<\/a><\/p>\n\n\n\n<p><strong><a href=\"#unete-a-nuestro-grupo-de-whatsapp\">\u00danete a nuestro Grupo de WhatsApp<\/a><\/strong><\/p>\n\n\n\n<p><strong><a href=\"#descarga-nuestra-tarjeta-de-descuento\">Descarga nuestra Tarjeta de Descuento In and Out Sotogrande<\/a><\/strong><\/p>\n\n\n\n<p><strong><a href=\"#numeros-de-emergencia\">N\u00fameros de emergencia<\/a><\/strong><\/p>\n\n\n\n<p class=\"vertical_fill\">Concepto, dise\u00f1o y creaci\u00f3n<\/p>\n\n\n\n<figure class=\"wp-block-image size-medium is-resized\"><a href=\"https:\/\/1concept.eu\/\" target=\"_blank\" rel=\" noreferrer noopener\"><img loading=\"lazy\" decoding=\"async\" width=\"300\" height=\"100\" src=\"https:\/\/inandoutsotogrande.com\/wp-content\/uploads\/2025\/06\/one-concept-1-300x100.png\" alt=\"\" class=\"wp-image-655\" style=\"width:160px\" srcset=\"https:\/\/inandoutsotogrande.com\/wp-content\/uploads\/2025\/06\/one-concept-1-300x100.png 300w, https:\/\/inandoutsotogrande.com\/wp-content\/uploads\/2025\/06\/one-concept-1.png 580w\" sizes=\"auto, (max-width: 300px) 100vw, 300px\" \/><\/a><\/figure>\n","protected":false},"excerpt":{"rendered":"<p>Suscr\u00edbete a nuestro Bolet\u00edn y\/o hazte Miembro de nuestro Grupo de WhatsApp para que podamos informarte de todo lo que ocurre en Sotogrande info@inandoutsotogrande.com\/enandoutsotogrande\/inandoutsotogrande+34 669 687 706 \u00danete a nuestro Grupo de WhatsApp Descarga nuestra Tarjeta de Descuento In and Out Sotogrande N\u00fameros de emergencia Concepto, dise\u00f1o y creaci\u00f3n<\/p>\n","protected":false},"author":1,"featured_media":1349,"parent":0,"menu_order":0,"comment_status":"closed","ping_status":"closed","template":"","meta":{"footnotes":""},"class_list":["post-1459","page","type-page","status-publish","has-post-thumbnail","hentry"],"yoast_head":"<!-- This site is optimized with the Yoast SEO plugin v26.5 - https:\/\/yoast.com\/wordpress\/plugins\/seo\/ -->\n<title>\u00bfC\u00f3mo contactar con nosotros? - In and Out Sotogrande<\/title>\n<meta name=\"robots\" content=\"index, follow, max-snippet:-1, max-image-preview:large, max-video-preview:-1\" \/>\n<link rel=\"canonical\" href=\"https:\/\/inandoutsotogrande.com\/es\/index.php\/como-contactar-con-nosotros\/\" \/>\n<meta property=\"og:locale\" content=\"es_ES\" \/>\n<meta property=\"og:type\" content=\"article\" \/>\n<meta property=\"og:title\" content=\"\u00bfC\u00f3mo contactar con nosotros? - In and Out Sotogrande\" \/>\n<meta property=\"og:description\" content=\"Suscr\u00edbete a nuestro Bolet\u00edn y\/o hazte Miembro de nuestro Grupo de WhatsApp para que podamos informarte de todo lo que ocurre en Sotogrande info@inandoutsotogrande.com\/enandoutsotogrande\/inandoutsotogrande+34 669 687 706 \u00danete a nuestro Grupo de WhatsApp Descarga nuestra Tarjeta de Descuento In and Out Sotogrande N\u00fameros de emergencia Concepto, dise\u00f1o y creaci\u00f3n\" \/>\n<meta property=\"og:url\" content=\"https:\/\/inandoutsotogrande.com\/es\/index.php\/como-contactar-con-nosotros\/\" \/>\n<meta property=\"og:site_name\" content=\"In and Out Sotogrande\" \/>\n<meta property=\"article:publisher\" content=\"https:\/\/www.facebook.com\/inandoutsotogrande\" \/>\n<meta property=\"article:modified_time\" content=\"2025-06-24T11:45:27+00:00\" \/>\n<meta property=\"og:image\" content=\"https:\/\/inandoutsotogrande.com\/wp-content\/uploads\/2025\/06\/contact-feature-d.jpg\" \/>\n\t<meta property=\"og:image:width\" content=\"2400\" \/>\n\t<meta property=\"og:image:height\" content=\"1345\" \/>\n\t<meta property=\"og:image:type\" content=\"image\/jpeg\" \/>\n<meta name=\"twitter:card\" content=\"summary_large_image\" \/>\n<meta name=\"twitter:label1\" content=\"Tiempo de lectura\" \/>\n\t<meta name=\"twitter:data1\" content=\"1 minuto\" \/>\n<script type=\"application\/ld+json\" class=\"yoast-schema-graph\">{\"@context\":\"https:\/\/schema.org\",\"@graph\":[{\"@type\":\"WebPage\",\"@id\":\"https:\/\/inandoutsotogrande.com\/es\/index.php\/como-contactar-con-nosotros\/\",\"url\":\"https:\/\/inandoutsotogrande.com\/es\/index.php\/como-contactar-con-nosotros\/\",\"name\":\"\u00bfC\u00f3mo contactar con nosotros? - In and Out Sotogrande\",\"isPartOf\":{\"@id\":\"https:\/\/inandoutsotogrande.com\/#website\"},\"primaryImageOfPage\":{\"@id\":\"https:\/\/inandoutsotogrande.com\/es\/index.php\/como-contactar-con-nosotros\/#primaryimage\"},\"image\":{\"@id\":\"https:\/\/inandoutsotogrande.com\/es\/index.php\/como-contactar-con-nosotros\/#primaryimage\"},\"thumbnailUrl\":\"https:\/\/inandoutsotogrande.com\/wp-content\/uploads\/2025\/06\/contact-feature-d.jpg\",\"datePublished\":\"2025-06-09T13:12:41+00:00\",\"dateModified\":\"2025-06-24T11:45:27+00:00\",\"breadcrumb\":{\"@id\":\"https:\/\/inandoutsotogrande.com\/es\/index.php\/como-contactar-con-nosotros\/#breadcrumb\"},\"inLanguage\":\"es\",\"potentialAction\":[{\"@type\":\"ReadAction\",\"target\":[\"https:\/\/inandoutsotogrande.com\/es\/index.php\/como-contactar-con-nosotros\/\"]}]},{\"@type\":\"ImageObject\",\"inLanguage\":\"es\",\"@id\":\"https:\/\/inandoutsotogrande.com\/es\/index.php\/como-contactar-con-nosotros\/#primaryimage\",\"url\":\"https:\/\/inandoutsotogrande.com\/wp-content\/uploads\/2025\/06\/contact-feature-d.jpg\",\"contentUrl\":\"https:\/\/inandoutsotogrande.com\/wp-content\/uploads\/2025\/06\/contact-feature-d.jpg\",\"width\":2400,\"height\":1345},{\"@type\":\"BreadcrumbList\",\"@id\":\"https:\/\/inandoutsotogrande.com\/es\/index.php\/como-contactar-con-nosotros\/#breadcrumb\",\"itemListElement\":[{\"@type\":\"ListItem\",\"position\":1,\"name\":\"Inicio\",\"item\":\"https:\/\/inandoutsotogrande.com\/es\/index.php\/inicio\/\"},{\"@type\":\"ListItem\",\"position\":2,\"name\":\"\u00bfC\u00f3mo contactar con nosotros?\"}]},{\"@type\":\"WebSite\",\"@id\":\"https:\/\/inandoutsotogrande.com\/#website\",\"url\":\"https:\/\/inandoutsotogrande.com\/\",\"name\":\"In and Out Sotogrande\",\"description\":\"\",\"publisher\":{\"@id\":\"https:\/\/inandoutsotogrande.com\/#organization\"},\"inLanguage\":\"es\"},{\"@type\":\"Organization\",\"@id\":\"https:\/\/inandoutsotogrande.com\/#organization\",\"name\":\"In and Out Sotogrande\",\"url\":\"https:\/\/inandoutsotogrande.com\/\",\"logo\":{\"@type\":\"ImageObject\",\"inLanguage\":\"es\",\"@id\":\"https:\/\/inandoutsotogrande.com\/#\/schema\/logo\/image\/\",\"url\":\"https:\/\/inandoutsotogrande.com\/wp-content\/uploads\/2025\/11\/in-and-out.png\",\"contentUrl\":\"https:\/\/inandoutsotogrande.com\/wp-content\/uploads\/2025\/11\/in-and-out.png\",\"width\":416,\"height\":276,\"caption\":\"In and Out Sotogrande\"},\"image\":{\"@id\":\"https:\/\/inandoutsotogrande.com\/#\/schema\/logo\/image\/\"},\"sameAs\":[\"https:\/\/www.facebook.com\/inandoutsotogrande\"]}]}<\/script>\n<!-- \/ Yoast SEO plugin. -->","yoast_head_json":{"title":"\u00bfC\u00f3mo contactar con nosotros? - In and Out Sotogrande","robots":{"index":"index","follow":"follow","max-snippet":"max-snippet:-1","max-image-preview":"max-image-preview:large","max-video-preview":"max-video-preview:-1"},"canonical":"https:\/\/inandoutsotogrande.com\/es\/index.php\/como-contactar-con-nosotros\/","og_locale":"es_ES","og_type":"article","og_title":"\u00bfC\u00f3mo contactar con nosotros? - In and Out Sotogrande","og_description":"Suscr\u00edbete a nuestro Bolet\u00edn y\/o hazte Miembro de nuestro Grupo de WhatsApp para que podamos informarte de todo lo que ocurre en Sotogrande info@inandoutsotogrande.com\/enandoutsotogrande\/inandoutsotogrande+34 669 687 706 \u00danete a nuestro Grupo de WhatsApp Descarga nuestra Tarjeta de Descuento In and Out Sotogrande N\u00fameros de emergencia Concepto, dise\u00f1o y creaci\u00f3n","og_url":"https:\/\/inandoutsotogrande.com\/es\/index.php\/como-contactar-con-nosotros\/","og_site_name":"In and Out Sotogrande","article_publisher":"https:\/\/www.facebook.com\/inandoutsotogrande","article_modified_time":"2025-06-24T11:45:27+00:00","og_image":[{"width":2400,"height":1345,"url":"https:\/\/inandoutsotogrande.com\/wp-content\/uploads\/2025\/06\/contact-feature-d.jpg","type":"image\/jpeg"}],"twitter_card":"summary_large_image","twitter_misc":{"Tiempo de lectura":"1 minuto"},"schema":{"@context":"https:\/\/schema.org","@graph":[{"@type":"WebPage","@id":"https:\/\/inandoutsotogrande.com\/es\/index.php\/como-contactar-con-nosotros\/","url":"https:\/\/inandoutsotogrande.com\/es\/index.php\/como-contactar-con-nosotros\/","name":"\u00bfC\u00f3mo contactar con nosotros? - In and Out Sotogrande","isPartOf":{"@id":"https:\/\/inandoutsotogrande.com\/#website"},"primaryImageOfPage":{"@id":"https:\/\/inandoutsotogrande.com\/es\/index.php\/como-contactar-con-nosotros\/#primaryimage"},"image":{"@id":"https:\/\/inandoutsotogrande.com\/es\/index.php\/como-contactar-con-nosotros\/#primaryimage"},"thumbnailUrl":"https:\/\/inandoutsotogrande.com\/wp-content\/uploads\/2025\/06\/contact-feature-d.jpg","datePublished":"2025-06-09T13:12:41+00:00","dateModified":"2025-06-24T11:45:27+00:00","breadcrumb":{"@id":"https:\/\/inandoutsotogrande.com\/es\/index.php\/como-contactar-con-nosotros\/#breadcrumb"},"inLanguage":"es","potentialAction":[{"@type":"ReadAction","target":["https:\/\/inandoutsotogrande.com\/es\/index.php\/como-contactar-con-nosotros\/"]}]},{"@type":"ImageObject","inLanguage":"es","@id":"https:\/\/inandoutsotogrande.com\/es\/index.php\/como-contactar-con-nosotros\/#primaryimage","url":"https:\/\/inandoutsotogrande.com\/wp-content\/uploads\/2025\/06\/contact-feature-d.jpg","contentUrl":"https:\/\/inandoutsotogrande.com\/wp-content\/uploads\/2025\/06\/contact-feature-d.jpg","width":2400,"height":1345},{"@type":"BreadcrumbList","@id":"https:\/\/inandoutsotogrande.com\/es\/index.php\/como-contactar-con-nosotros\/#breadcrumb","itemListElement":[{"@type":"ListItem","position":1,"name":"Inicio","item":"https:\/\/inandoutsotogrande.com\/es\/index.php\/inicio\/"},{"@type":"ListItem","position":2,"name":"\u00bfC\u00f3mo contactar con nosotros?"}]},{"@type":"WebSite","@id":"https:\/\/inandoutsotogrande.com\/#website","url":"https:\/\/inandoutsotogrande.com\/","name":"In and Out Sotogrande","description":"","publisher":{"@id":"https:\/\/inandoutsotogrande.com\/#organization"},"inLanguage":"es"},{"@type":"Organization","@id":"https:\/\/inandoutsotogrande.com\/#organization","name":"In and Out Sotogrande","url":"https:\/\/inandoutsotogrande.com\/","logo":{"@type":"ImageObject","inLanguage":"es","@id":"https:\/\/inandoutsotogrande.com\/#\/schema\/logo\/image\/","url":"https:\/\/inandoutsotogrande.com\/wp-content\/uploads\/2025\/11\/in-and-out.png","contentUrl":"https:\/\/inandoutsotogrande.com\/wp-content\/uploads\/2025\/11\/in-and-out.png","width":416,"height":276,"caption":"In and Out Sotogrande"},"image":{"@id":"https:\/\/inandoutsotogrande.com\/#\/schema\/logo\/image\/"},"sameAs":["https:\/\/www.facebook.com\/inandoutsotogrande"]}]}},"_links":{"self":[{"href":"https:\/\/inandoutsotogrande.com\/es\/index.php\/wp-json\/wp\/v2\/pages\/1459","targetHints":{"allow":["GET"]}}],"collection":[{"href":"https:\/\/inandoutsotogrande.com\/es\/index.php\/wp-json\/wp\/v2\/pages"}],"about":[{"href":"https:\/\/inandoutsotogrande.com\/es\/index.php\/wp-json\/wp\/v2\/types\/page"}],"author":[{"embeddable":true,"href":"https:\/\/inandoutsotogrande.com\/es\/index.php\/wp-json\/wp\/v2\/users\/1"}],"replies":[{"embeddable":true,"href":"https:\/\/inandoutsotogrande.com\/es\/index.php\/wp-json\/wp\/v2\/comments?post=1459"}],"version-history":[{"count":2,"href":"https:\/\/inandoutsotogrande.com\/es\/index.php\/wp-json\/wp\/v2\/pages\/1459\/revisions"}],"predecessor-version":[{"id":1550,"href":"https:\/\/inandoutsotogrande.com\/es\/index.php\/wp-json\/wp\/v2\/pages\/1459\/revisions\/1550"}],"wp:featuredmedia":[{"embeddable":true,"href":"https:\/\/inandoutsotogrande.com\/es\/index.php\/wp-json\/wp\/v2\/media\/1349"}],"wp:attachment":[{"href":"https:\/\/inandoutsotogrande.com\/es\/index.php\/wp-json\/wp\/v2\/media?parent=1459"}],"curies":[{"name":"wp","href":"https:\/\/api.w.org\/{rel}","templated":true}]}}