{"id":1468,"date":"2025-06-08T18:41:12","date_gmt":"2025-06-08T18:41:12","guid":{"rendered":"https:\/\/inandoutsotogrande.com\/index.php\/numeros-de-emergencia\/"},"modified":"2025-06-23T10:48:22","modified_gmt":"2025-06-23T10:48:22","slug":"numeros-de-emergencia","status":"publish","type":"page","link":"https:\/\/inandoutsotogrande.com\/es\/index.php\/numeros-de-emergencia\/","title":{"rendered":"N\u00fameros de emergencia"},"content":{"rendered":"\n<figure class=\"wp-block-image size-large\"><img loading=\"lazy\" decoding=\"async\" width=\"1024\" height=\"574\" src=\"https:\/\/inandoutsotogrande.com\/wp-content\/uploads\/2025\/06\/emergency_page_d-1024x574.jpg\" alt=\"\" class=\"wp-image-1395\" srcset=\"https:\/\/inandoutsotogrande.com\/wp-content\/uploads\/2025\/06\/emergency_page_d-1024x574.jpg 1024w, https:\/\/inandoutsotogrande.com\/wp-content\/uploads\/2025\/06\/emergency_page_d-300x168.jpg 300w, https:\/\/inandoutsotogrande.com\/wp-content\/uploads\/2025\/06\/emergency_page_d-768x430.jpg 768w, https:\/\/inandoutsotogrande.com\/wp-content\/uploads\/2025\/06\/emergency_page_d-1536x860.jpg 1536w, https:\/\/inandoutsotogrande.com\/wp-content\/uploads\/2025\/06\/emergency_page_d-2048x1147.jpg 2048w\" sizes=\"auto, (max-width: 1024px) 100vw, 1024px\" \/><\/figure>\n\n<p>Ambulancia | Bomberos | Polic\u00eda <strong><a href=\"tel:112\">112<\/a><\/strong><br\/>Polic\u00eda Local <strong><a href=\"tel:092\">092<\/a><\/strong><br\/>Guardia Civil <strong><a href=\"tel:062\">062<\/a><\/strong><br\/>Polic\u00eda Nacional <strong><a href=\"tel:091\">091<\/a><\/strong><\/p>\n\n<p>Farmacia 24 horas Sotogrande <strong><a href=\"tel:+34956794961\">+34 956 794 961<\/a><\/strong><br\/>Ayuntamiento San Roque <strong><a href=\"tel:+34956781380\">+34 956 781 380<\/a><\/strong><\/p>\n\n<p>Consulados Regi\u00f3n de C\u00e1diz<br\/><strong><a href=\"https:\/\/www.cadiznet.com\/consulados\" target=\"_blank\" rel=\"noreferrer noopener\">https:\/\/www.cadiznet.com\/consulados<\/a><\/strong><\/p>\n","protected":false},"excerpt":{"rendered":"<p>Ambulancia | Bomberos | Polic\u00eda 112Polic\u00eda Local 092Guardia Civil 062Polic\u00eda Nacional 091 Farmacia 24 horas Sotogrande +34 956 794 961Ayuntamiento San Roque +34 956 781 380 Consulados Regi\u00f3n de C\u00e1dizhttps:\/\/www.cadiznet.com\/consulados<\/p>\n","protected":false},"author":1,"featured_media":536,"parent":0,"menu_order":0,"comment_status":"closed","ping_status":"closed","template":"","meta":{"footnotes":""},"class_list":["post-1468","page","type-page","status-publish","has-post-thumbnail","hentry"],"yoast_head":"<!-- This site is optimized with the Yoast SEO plugin v26.5 - https:\/\/yoast.com\/wordpress\/plugins\/seo\/ -->\n<title>N\u00fameros de emergencia - In and Out Sotogrande<\/title>\n<meta name=\"robots\" content=\"index, follow, max-snippet:-1, max-image-preview:large, max-video-preview:-1\" \/>\n<link rel=\"canonical\" href=\"https:\/\/inandoutsotogrande.com\/es\/index.php\/numeros-de-emergencia\/\" \/>\n<meta property=\"og:locale\" content=\"es_ES\" \/>\n<meta property=\"og:type\" content=\"article\" \/>\n<meta property=\"og:title\" content=\"N\u00fameros de emergencia - In and Out Sotogrande\" \/>\n<meta property=\"og:description\" content=\"Ambulancia | Bomberos | Polic\u00eda 112Polic\u00eda Local 092Guardia Civil 062Polic\u00eda Nacional 091 Farmacia 24 horas Sotogrande +34 956 794 961Ayuntamiento San Roque +34 956 781 380 Consulados Regi\u00f3n de C\u00e1dizhttps:\/\/www.cadiznet.com\/consulados\" \/>\n<meta property=\"og:url\" content=\"https:\/\/inandoutsotogrande.com\/es\/index.php\/numeros-de-emergencia\/\" \/>\n<meta property=\"og:site_name\" content=\"In and Out Sotogrande\" \/>\n<meta property=\"article:publisher\" content=\"https:\/\/www.facebook.com\/inandoutsotogrande\" \/>\n<meta property=\"article:modified_time\" content=\"2025-06-23T10:48:22+00:00\" \/>\n<meta property=\"og:image\" content=\"https:\/\/inandoutsotogrande.com\/wp-content\/uploads\/2025\/06\/emergency_d.jpg\" \/>\n\t<meta property=\"og:image:width\" content=\"2560\" \/>\n\t<meta property=\"og:image:height\" content=\"1434\" \/>\n\t<meta property=\"og:image:type\" content=\"image\/jpeg\" \/>\n<meta name=\"twitter:card\" content=\"summary_large_image\" \/>\n<script type=\"application\/ld+json\" class=\"yoast-schema-graph\">{\"@context\":\"https:\/\/schema.org\",\"@graph\":[{\"@type\":\"WebPage\",\"@id\":\"https:\/\/inandoutsotogrande.com\/es\/index.php\/numeros-de-emergencia\/\",\"url\":\"https:\/\/inandoutsotogrande.com\/es\/index.php\/numeros-de-emergencia\/\",\"name\":\"N\u00fameros de emergencia - In and Out Sotogrande\",\"isPartOf\":{\"@id\":\"https:\/\/inandoutsotogrande.com\/#website\"},\"primaryImageOfPage\":{\"@id\":\"https:\/\/inandoutsotogrande.com\/es\/index.php\/numeros-de-emergencia\/#primaryimage\"},\"image\":{\"@id\":\"https:\/\/inandoutsotogrande.com\/es\/index.php\/numeros-de-emergencia\/#primaryimage\"},\"thumbnailUrl\":\"https:\/\/inandoutsotogrande.com\/wp-content\/uploads\/2025\/06\/emergency_d.jpg\",\"datePublished\":\"2025-06-08T18:41:12+00:00\",\"dateModified\":\"2025-06-23T10:48:22+00:00\",\"breadcrumb\":{\"@id\":\"https:\/\/inandoutsotogrande.com\/es\/index.php\/numeros-de-emergencia\/#breadcrumb\"},\"inLanguage\":\"es\",\"potentialAction\":[{\"@type\":\"ReadAction\",\"target\":[\"https:\/\/inandoutsotogrande.com\/es\/index.php\/numeros-de-emergencia\/\"]}]},{\"@type\":\"ImageObject\",\"inLanguage\":\"es\",\"@id\":\"https:\/\/inandoutsotogrande.com\/es\/index.php\/numeros-de-emergencia\/#primaryimage\",\"url\":\"https:\/\/inandoutsotogrande.com\/wp-content\/uploads\/2025\/06\/emergency_d.jpg\",\"contentUrl\":\"https:\/\/inandoutsotogrande.com\/wp-content\/uploads\/2025\/06\/emergency_d.jpg\",\"width\":2560,\"height\":1434},{\"@type\":\"BreadcrumbList\",\"@id\":\"https:\/\/inandoutsotogrande.com\/es\/index.php\/numeros-de-emergencia\/#breadcrumb\",\"itemListElement\":[{\"@type\":\"ListItem\",\"position\":1,\"name\":\"Inicio\",\"item\":\"https:\/\/inandoutsotogrande.com\/es\/index.php\/inicio\/\"},{\"@type\":\"ListItem\",\"position\":2,\"name\":\"N\u00fameros de emergencia\"}]},{\"@type\":\"WebSite\",\"@id\":\"https:\/\/inandoutsotogrande.com\/#website\",\"url\":\"https:\/\/inandoutsotogrande.com\/\",\"name\":\"In and Out Sotogrande\",\"description\":\"\",\"publisher\":{\"@id\":\"https:\/\/inandoutsotogrande.com\/#organization\"},\"inLanguage\":\"es\"},{\"@type\":\"Organization\",\"@id\":\"https:\/\/inandoutsotogrande.com\/#organization\",\"name\":\"In and Out Sotogrande\",\"url\":\"https:\/\/inandoutsotogrande.com\/\",\"logo\":{\"@type\":\"ImageObject\",\"inLanguage\":\"es\",\"@id\":\"https:\/\/inandoutsotogrande.com\/#\/schema\/logo\/image\/\",\"url\":\"https:\/\/inandoutsotogrande.com\/wp-content\/uploads\/2025\/11\/in-and-out.png\",\"contentUrl\":\"https:\/\/inandoutsotogrande.com\/wp-content\/uploads\/2025\/11\/in-and-out.png\",\"width\":416,\"height\":276,\"caption\":\"In and Out Sotogrande\"},\"image\":{\"@id\":\"https:\/\/inandoutsotogrande.com\/#\/schema\/logo\/image\/\"},\"sameAs\":[\"https:\/\/www.facebook.com\/inandoutsotogrande\"]}]}<\/script>\n<!-- \/ Yoast SEO plugin. -->","yoast_head_json":{"title":"N\u00fameros de emergencia - In and Out Sotogrande","robots":{"index":"index","follow":"follow","max-snippet":"max-snippet:-1","max-image-preview":"max-image-preview:large","max-video-preview":"max-video-preview:-1"},"canonical":"https:\/\/inandoutsotogrande.com\/es\/index.php\/numeros-de-emergencia\/","og_locale":"es_ES","og_type":"article","og_title":"N\u00fameros de emergencia - In and Out Sotogrande","og_description":"Ambulancia | Bomberos | Polic\u00eda 112Polic\u00eda Local 092Guardia Civil 062Polic\u00eda Nacional 091 Farmacia 24 horas Sotogrande +34 956 794 961Ayuntamiento San Roque +34 956 781 380 Consulados Regi\u00f3n de C\u00e1dizhttps:\/\/www.cadiznet.com\/consulados","og_url":"https:\/\/inandoutsotogrande.com\/es\/index.php\/numeros-de-emergencia\/","og_site_name":"In and Out Sotogrande","article_publisher":"https:\/\/www.facebook.com\/inandoutsotogrande","article_modified_time":"2025-06-23T10:48:22+00:00","og_image":[{"width":2560,"height":1434,"url":"https:\/\/inandoutsotogrande.com\/wp-content\/uploads\/2025\/06\/emergency_d.jpg","type":"image\/jpeg"}],"twitter_card":"summary_large_image","schema":{"@context":"https:\/\/schema.org","@graph":[{"@type":"WebPage","@id":"https:\/\/inandoutsotogrande.com\/es\/index.php\/numeros-de-emergencia\/","url":"https:\/\/inandoutsotogrande.com\/es\/index.php\/numeros-de-emergencia\/","name":"N\u00fameros de emergencia - In and Out Sotogrande","isPartOf":{"@id":"https:\/\/inandoutsotogrande.com\/#website"},"primaryImageOfPage":{"@id":"https:\/\/inandoutsotogrande.com\/es\/index.php\/numeros-de-emergencia\/#primaryimage"},"image":{"@id":"https:\/\/inandoutsotogrande.com\/es\/index.php\/numeros-de-emergencia\/#primaryimage"},"thumbnailUrl":"https:\/\/inandoutsotogrande.com\/wp-content\/uploads\/2025\/06\/emergency_d.jpg","datePublished":"2025-06-08T18:41:12+00:00","dateModified":"2025-06-23T10:48:22+00:00","breadcrumb":{"@id":"https:\/\/inandoutsotogrande.com\/es\/index.php\/numeros-de-emergencia\/#breadcrumb"},"inLanguage":"es","potentialAction":[{"@type":"ReadAction","target":["https:\/\/inandoutsotogrande.com\/es\/index.php\/numeros-de-emergencia\/"]}]},{"@type":"ImageObject","inLanguage":"es","@id":"https:\/\/inandoutsotogrande.com\/es\/index.php\/numeros-de-emergencia\/#primaryimage","url":"https:\/\/inandoutsotogrande.com\/wp-content\/uploads\/2025\/06\/emergency_d.jpg","contentUrl":"https:\/\/inandoutsotogrande.com\/wp-content\/uploads\/2025\/06\/emergency_d.jpg","width":2560,"height":1434},{"@type":"BreadcrumbList","@id":"https:\/\/inandoutsotogrande.com\/es\/index.php\/numeros-de-emergencia\/#breadcrumb","itemListElement":[{"@type":"ListItem","position":1,"name":"Inicio","item":"https:\/\/inandoutsotogrande.com\/es\/index.php\/inicio\/"},{"@type":"ListItem","position":2,"name":"N\u00fameros de emergencia"}]},{"@type":"WebSite","@id":"https:\/\/inandoutsotogrande.com\/#website","url":"https:\/\/inandoutsotogrande.com\/","name":"In and Out Sotogrande","description":"","publisher":{"@id":"https:\/\/inandoutsotogrande.com\/#organization"},"inLanguage":"es"},{"@type":"Organization","@id":"https:\/\/inandoutsotogrande.com\/#organization","name":"In and Out Sotogrande","url":"https:\/\/inandoutsotogrande.com\/","logo":{"@type":"ImageObject","inLanguage":"es","@id":"https:\/\/inandoutsotogrande.com\/#\/schema\/logo\/image\/","url":"https:\/\/inandoutsotogrande.com\/wp-content\/uploads\/2025\/11\/in-and-out.png","contentUrl":"https:\/\/inandoutsotogrande.com\/wp-content\/uploads\/2025\/11\/in-and-out.png","width":416,"height":276,"caption":"In and Out Sotogrande"},"image":{"@id":"https:\/\/inandoutsotogrande.com\/#\/schema\/logo\/image\/"},"sameAs":["https:\/\/www.facebook.com\/inandoutsotogrande"]}]}},"_links":{"self":[{"href":"https:\/\/inandoutsotogrande.com\/es\/index.php\/wp-json\/wp\/v2\/pages\/1468","targetHints":{"allow":["GET"]}}],"collection":[{"href":"https:\/\/inandoutsotogrande.com\/es\/index.php\/wp-json\/wp\/v2\/pages"}],"about":[{"href":"https:\/\/inandoutsotogrande.com\/es\/index.php\/wp-json\/wp\/v2\/types\/page"}],"author":[{"embeddable":true,"href":"https:\/\/inandoutsotogrande.com\/es\/index.php\/wp-json\/wp\/v2\/users\/1"}],"replies":[{"embeddable":true,"href":"https:\/\/inandoutsotogrande.com\/es\/index.php\/wp-json\/wp\/v2\/comments?post=1468"}],"version-history":[{"count":1,"href":"https:\/\/inandoutsotogrande.com\/es\/index.php\/wp-json\/wp\/v2\/pages\/1468\/revisions"}],"predecessor-version":[{"id":1469,"href":"https:\/\/inandoutsotogrande.com\/es\/index.php\/wp-json\/wp\/v2\/pages\/1468\/revisions\/1469"}],"wp:featuredmedia":[{"embeddable":true,"href":"https:\/\/inandoutsotogrande.com\/es\/index.php\/wp-json\/wp\/v2\/media\/536"}],"wp:attachment":[{"href":"https:\/\/inandoutsotogrande.com\/es\/index.php\/wp-json\/wp\/v2\/media?parent=1468"}],"curies":[{"name":"wp","href":"https:\/\/api.w.org\/{rel}","templated":true}]}}