{"id":1477,"date":"2025-06-08T17:58:40","date_gmt":"2025-06-08T17:58:40","guid":{"rendered":"https:\/\/inandoutsotogrande.com\/index.php\/salud-y-bienestar\/"},"modified":"2025-06-23T10:48:22","modified_gmt":"2025-06-23T10:48:22","slug":"salud-y-bienestar","status":"publish","type":"page","link":"https:\/\/inandoutsotogrande.com\/es\/index.php\/salud-y-bienestar\/","title":{"rendered":"Salud y bienestar"},"content":{"rendered":"    <div class=\"swiper health_wellbeing-slider\">\n      <div class=\"swiper-wrapper\">\n                    <div class=\"swiper-slide swiper-advert\" href=\"http:\/\/centroshinquantumhealing.com\" target=\"_blank\">\n\t\t<picture>\n\t\t\t<source media=\"(max-width:767px)\" data-srcset=\"https:\/\/inandoutsotogrande.com\/wp-content\/uploads\/2025\/06\/centro_shin_d.jpg\" class=\"swiper-lazy\">\n\t\t\t<source media=\"(min-width:768px)\" data-srcset=\"https:\/\/inandoutsotogrande.com\/wp-content\/uploads\/2025\/06\/centro_shin_d.jpg\" class=\"swiper-lazy\">\n\t\t\t<img class=\"slide-image\"\n\t\t\t\tsrc=\"data:image\/gif;base64,R0lGODlhAQABAIAAAAAAAP\/\/\/ywAAAAAAQABAAACAUwAOw==\"\n\t\t\t\tdata-src-mobile=\"https:\/\/inandoutsotogrande.com\/wp-content\/uploads\/2025\/06\/centro_shin_d.jpg\"\n\t\t\t\tdata-src-desktop=\"https:\/\/inandoutsotogrande.com\/wp-content\/uploads\/2025\/06\/centro_shin_d.jpg\"\n\t\t\t\talt=\"\"\n\t\t\t>\n\t\t<\/picture>\n\t\t<div class=\"slide-spinner\"><\/div>\n                <div class=\"slide-content\">\n                    <h2>Centro Shin Curaci\u00f3n Cu\u00e1ntica<\/h2>\n\t\t\t                                        <div class=\"slide-description\"><p>El Centro para tu Kinesiolog\u00eda Cu\u00e1ntica, Osteokina, Psicoterapia Ps\u00edquica e Hipnosis<br \/>\nC. Sol 2, 11312, San Enrique de Guadiaro, C\u00e1diz<\/p>\n<\/div>\n                                            <div class=\"slide-contact\">\n                            <div class=\"contact-item contact-phone\"><a href=\"tel:+34633909991\">+34633909991<\/a><\/div>                                                                                    <div class=\"contact-item contact-website\"><a href=\"http:\/\/centroshinquantumhealing.com\" target=\"_blank\">centroshinquantumhealing.com<\/a><\/div>                        <\/div>\n                                        <div class=\"slide-featured-image\"><img loading=\"lazy\" decoding=\"async\" width=\"1224\" height=\"755\" src=\"https:\/\/inandoutsotogrande.com\/wp-content\/uploads\/2025\/06\/centro_shin_logo.png\" class=\"slide-contact-featured-image wp-post-image\" alt=\"Centro Shin Curaci\u00f3n Cu\u00e1ntica\" srcset=\"https:\/\/inandoutsotogrande.com\/wp-content\/uploads\/2025\/06\/centro_shin_logo.png 1224w, https:\/\/inandoutsotogrande.com\/wp-content\/uploads\/2025\/06\/centro_shin_logo-300x185.png 300w, https:\/\/inandoutsotogrande.com\/wp-content\/uploads\/2025\/06\/centro_shin_logo-1024x632.png 1024w, https:\/\/inandoutsotogrande.com\/wp-content\/uploads\/2025\/06\/centro_shin_logo-768x474.png 768w\" sizes=\"auto, (max-width: 1224px) 100vw, 1224px\" \/><\/div>                <\/div><!--\/.slide-content-->\n            <\/div><!--\/.swiper-slide-->\n                    <div class=\"swiper-slide\">\n\t\t<picture>\n\t\t\t<source media=\"(max-width:767px)\" data-srcset=\"https:\/\/inandoutsotogrande.com\/wp-content\/uploads\/2025\/07\/hush_laser_studio_d.jpg\" class=\"swiper-lazy\">\n\t\t\t<source media=\"(min-width:768px)\" data-srcset=\"https:\/\/inandoutsotogrande.com\/wp-content\/uploads\/2025\/07\/hush_laser_studio_d.jpg\" class=\"swiper-lazy\">\n\t\t\t<img class=\"slide-image\"\n\t\t\t\tsrc=\"data:image\/gif;base64,R0lGODlhAQABAIAAAAAAAP\/\/\/ywAAAAAAQABAAACAUwAOw==\"\n\t\t\t\tdata-src-mobile=\"https:\/\/inandoutsotogrande.com\/wp-content\/uploads\/2025\/07\/hush_laser_studio_d.jpg\"\n\t\t\t\tdata-src-desktop=\"https:\/\/inandoutsotogrande.com\/wp-content\/uploads\/2025\/07\/hush_laser_studio_d.jpg\"\n\t\t\t\talt=\"\"\n\t\t\t>\n\t\t<\/picture>\n\t\t<div class=\"slide-spinner\"><\/div>\n                <div class=\"slide-content\">\n                    <h2>Estudio L\u00e1ser Hush<\/h2>\n\t\t\t                                        <div class=\"slide-description\"><p>Plaza de Agua D3B<br \/>\nPuerto de Sotogrande<\/p>\n<p>Tu destino para tratamientos avanzados de belleza y rejuvenecimiento de la piel, en pleno Puerto de Sotogrande.<\/p>\n<p><strong>Estamos especializados en:<br \/>\n<\/strong>Tratamientos faciales antienvejecimiento de vanguardia<br \/>\nU\u00f1as bonitas BIAB<br \/>\nDepilaci\u00f3n l\u00e1ser<br \/>\nTratamientos de pigmentaci\u00f3n<br \/>\nEliminaci\u00f3n profesional de tatuajes<\/p>\n<p><strong>Instagram: <a href=\"https:\/\/www.instagram.com\/hushstudiosotogrande\/?hl=en\">@hushstudiosotogrande<\/a><\/strong><br \/>\nReserva ahora y experimenta lo mejor en cuidados de belleza modernos<br \/>\n. Tu piel, redefinida.<\/p>\n<\/div>\n                                                        <\/div><!--\/.slide-content-->\n            <\/div><!--\/.swiper-slide-->\n              <\/div><!--\/.swiper-wrapper-->\n      <div class=\"swiper-pagination\"><\/div>\n      <div class=\"swiper-button-prev\"><\/div>\n      <div class=\"swiper-button-next\"><\/div>\n    <\/div><!--\/.swiper-->\n\n    \n\n\n\n<p><\/p>\n","protected":false},"excerpt":{"rendered":"","protected":false},"author":1,"featured_media":735,"parent":0,"menu_order":0,"comment_status":"closed","ping_status":"closed","template":"","meta":{"footnotes":""},"class_list":["post-1477","page","type-page","status-publish","has-post-thumbnail","hentry"],"yoast_head":"<!-- This site is optimized with the Yoast SEO plugin v26.5 - https:\/\/yoast.com\/wordpress\/plugins\/seo\/ -->\n<title>Salud y bienestar - In and Out Sotogrande<\/title>\n<meta name=\"robots\" content=\"index, follow, max-snippet:-1, max-image-preview:large, max-video-preview:-1\" \/>\n<link rel=\"canonical\" href=\"https:\/\/inandoutsotogrande.com\/es\/index.php\/salud-y-bienestar\/\" \/>\n<meta property=\"og:locale\" content=\"es_ES\" \/>\n<meta property=\"og:type\" content=\"article\" \/>\n<meta property=\"og:title\" content=\"Salud y bienestar - In and Out Sotogrande\" \/>\n<meta property=\"og:url\" content=\"https:\/\/inandoutsotogrande.com\/es\/index.php\/salud-y-bienestar\/\" \/>\n<meta property=\"og:site_name\" content=\"In and Out Sotogrande\" \/>\n<meta property=\"article:publisher\" content=\"https:\/\/www.facebook.com\/inandoutsotogrande\" \/>\n<meta property=\"article:modified_time\" content=\"2025-06-23T10:48:22+00:00\" \/>\n<meta property=\"og:image\" content=\"https:\/\/inandoutsotogrande.com\/wp-content\/uploads\/2025\/06\/health_wellbeing_parallax_d.jpg\" \/>\n\t<meta property=\"og:image:width\" content=\"2560\" \/>\n\t<meta property=\"og:image:height\" content=\"1434\" \/>\n\t<meta property=\"og:image:type\" content=\"image\/jpeg\" \/>\n<meta name=\"twitter:card\" content=\"summary_large_image\" \/>\n<script type=\"application\/ld+json\" class=\"yoast-schema-graph\">{\"@context\":\"https:\/\/schema.org\",\"@graph\":[{\"@type\":\"WebPage\",\"@id\":\"https:\/\/inandoutsotogrande.com\/es\/index.php\/salud-y-bienestar\/\",\"url\":\"https:\/\/inandoutsotogrande.com\/es\/index.php\/salud-y-bienestar\/\",\"name\":\"Salud y bienestar - In and Out Sotogrande\",\"isPartOf\":{\"@id\":\"https:\/\/inandoutsotogrande.com\/#website\"},\"primaryImageOfPage\":{\"@id\":\"https:\/\/inandoutsotogrande.com\/es\/index.php\/salud-y-bienestar\/#primaryimage\"},\"image\":{\"@id\":\"https:\/\/inandoutsotogrande.com\/es\/index.php\/salud-y-bienestar\/#primaryimage\"},\"thumbnailUrl\":\"https:\/\/inandoutsotogrande.com\/wp-content\/uploads\/2025\/06\/health_wellbeing_parallax_d.jpg\",\"datePublished\":\"2025-06-08T17:58:40+00:00\",\"dateModified\":\"2025-06-23T10:48:22+00:00\",\"breadcrumb\":{\"@id\":\"https:\/\/inandoutsotogrande.com\/es\/index.php\/salud-y-bienestar\/#breadcrumb\"},\"inLanguage\":\"es\",\"potentialAction\":[{\"@type\":\"ReadAction\",\"target\":[\"https:\/\/inandoutsotogrande.com\/es\/index.php\/salud-y-bienestar\/\"]}]},{\"@type\":\"ImageObject\",\"inLanguage\":\"es\",\"@id\":\"https:\/\/inandoutsotogrande.com\/es\/index.php\/salud-y-bienestar\/#primaryimage\",\"url\":\"https:\/\/inandoutsotogrande.com\/wp-content\/uploads\/2025\/06\/health_wellbeing_parallax_d.jpg\",\"contentUrl\":\"https:\/\/inandoutsotogrande.com\/wp-content\/uploads\/2025\/06\/health_wellbeing_parallax_d.jpg\",\"width\":2560,\"height\":1434},{\"@type\":\"BreadcrumbList\",\"@id\":\"https:\/\/inandoutsotogrande.com\/es\/index.php\/salud-y-bienestar\/#breadcrumb\",\"itemListElement\":[{\"@type\":\"ListItem\",\"position\":1,\"name\":\"Inicio\",\"item\":\"https:\/\/inandoutsotogrande.com\/es\/index.php\/inicio\/\"},{\"@type\":\"ListItem\",\"position\":2,\"name\":\"Salud y bienestar\"}]},{\"@type\":\"WebSite\",\"@id\":\"https:\/\/inandoutsotogrande.com\/#website\",\"url\":\"https:\/\/inandoutsotogrande.com\/\",\"name\":\"In and Out Sotogrande\",\"description\":\"\",\"publisher\":{\"@id\":\"https:\/\/inandoutsotogrande.com\/#organization\"},\"inLanguage\":\"es\"},{\"@type\":\"Organization\",\"@id\":\"https:\/\/inandoutsotogrande.com\/#organization\",\"name\":\"In and Out Sotogrande\",\"url\":\"https:\/\/inandoutsotogrande.com\/\",\"logo\":{\"@type\":\"ImageObject\",\"inLanguage\":\"es\",\"@id\":\"https:\/\/inandoutsotogrande.com\/#\/schema\/logo\/image\/\",\"url\":\"https:\/\/inandoutsotogrande.com\/wp-content\/uploads\/2025\/11\/in-and-out.png\",\"contentUrl\":\"https:\/\/inandoutsotogrande.com\/wp-content\/uploads\/2025\/11\/in-and-out.png\",\"width\":416,\"height\":276,\"caption\":\"In and Out Sotogrande\"},\"image\":{\"@id\":\"https:\/\/inandoutsotogrande.com\/#\/schema\/logo\/image\/\"},\"sameAs\":[\"https:\/\/www.facebook.com\/inandoutsotogrande\"]}]}<\/script>\n<!-- \/ Yoast SEO plugin. -->","yoast_head_json":{"title":"Salud y bienestar - In and Out Sotogrande","robots":{"index":"index","follow":"follow","max-snippet":"max-snippet:-1","max-image-preview":"max-image-preview:large","max-video-preview":"max-video-preview:-1"},"canonical":"https:\/\/inandoutsotogrande.com\/es\/index.php\/salud-y-bienestar\/","og_locale":"es_ES","og_type":"article","og_title":"Salud y bienestar - In and Out Sotogrande","og_url":"https:\/\/inandoutsotogrande.com\/es\/index.php\/salud-y-bienestar\/","og_site_name":"In and Out Sotogrande","article_publisher":"https:\/\/www.facebook.com\/inandoutsotogrande","article_modified_time":"2025-06-23T10:48:22+00:00","og_image":[{"width":2560,"height":1434,"url":"https:\/\/inandoutsotogrande.com\/wp-content\/uploads\/2025\/06\/health_wellbeing_parallax_d.jpg","type":"image\/jpeg"}],"twitter_card":"summary_large_image","schema":{"@context":"https:\/\/schema.org","@graph":[{"@type":"WebPage","@id":"https:\/\/inandoutsotogrande.com\/es\/index.php\/salud-y-bienestar\/","url":"https:\/\/inandoutsotogrande.com\/es\/index.php\/salud-y-bienestar\/","name":"Salud y bienestar - In and Out Sotogrande","isPartOf":{"@id":"https:\/\/inandoutsotogrande.com\/#website"},"primaryImageOfPage":{"@id":"https:\/\/inandoutsotogrande.com\/es\/index.php\/salud-y-bienestar\/#primaryimage"},"image":{"@id":"https:\/\/inandoutsotogrande.com\/es\/index.php\/salud-y-bienestar\/#primaryimage"},"thumbnailUrl":"https:\/\/inandoutsotogrande.com\/wp-content\/uploads\/2025\/06\/health_wellbeing_parallax_d.jpg","datePublished":"2025-06-08T17:58:40+00:00","dateModified":"2025-06-23T10:48:22+00:00","breadcrumb":{"@id":"https:\/\/inandoutsotogrande.com\/es\/index.php\/salud-y-bienestar\/#breadcrumb"},"inLanguage":"es","potentialAction":[{"@type":"ReadAction","target":["https:\/\/inandoutsotogrande.com\/es\/index.php\/salud-y-bienestar\/"]}]},{"@type":"ImageObject","inLanguage":"es","@id":"https:\/\/inandoutsotogrande.com\/es\/index.php\/salud-y-bienestar\/#primaryimage","url":"https:\/\/inandoutsotogrande.com\/wp-content\/uploads\/2025\/06\/health_wellbeing_parallax_d.jpg","contentUrl":"https:\/\/inandoutsotogrande.com\/wp-content\/uploads\/2025\/06\/health_wellbeing_parallax_d.jpg","width":2560,"height":1434},{"@type":"BreadcrumbList","@id":"https:\/\/inandoutsotogrande.com\/es\/index.php\/salud-y-bienestar\/#breadcrumb","itemListElement":[{"@type":"ListItem","position":1,"name":"Inicio","item":"https:\/\/inandoutsotogrande.com\/es\/index.php\/inicio\/"},{"@type":"ListItem","position":2,"name":"Salud y bienestar"}]},{"@type":"WebSite","@id":"https:\/\/inandoutsotogrande.com\/#website","url":"https:\/\/inandoutsotogrande.com\/","name":"In and Out Sotogrande","description":"","publisher":{"@id":"https:\/\/inandoutsotogrande.com\/#organization"},"inLanguage":"es"},{"@type":"Organization","@id":"https:\/\/inandoutsotogrande.com\/#organization","name":"In and Out Sotogrande","url":"https:\/\/inandoutsotogrande.com\/","logo":{"@type":"ImageObject","inLanguage":"es","@id":"https:\/\/inandoutsotogrande.com\/#\/schema\/logo\/image\/","url":"https:\/\/inandoutsotogrande.com\/wp-content\/uploads\/2025\/11\/in-and-out.png","contentUrl":"https:\/\/inandoutsotogrande.com\/wp-content\/uploads\/2025\/11\/in-and-out.png","width":416,"height":276,"caption":"In and Out Sotogrande"},"image":{"@id":"https:\/\/inandoutsotogrande.com\/#\/schema\/logo\/image\/"},"sameAs":["https:\/\/www.facebook.com\/inandoutsotogrande"]}]}},"_links":{"self":[{"href":"https:\/\/inandoutsotogrande.com\/es\/index.php\/wp-json\/wp\/v2\/pages\/1477","targetHints":{"allow":["GET"]}}],"collection":[{"href":"https:\/\/inandoutsotogrande.com\/es\/index.php\/wp-json\/wp\/v2\/pages"}],"about":[{"href":"https:\/\/inandoutsotogrande.com\/es\/index.php\/wp-json\/wp\/v2\/types\/page"}],"author":[{"embeddable":true,"href":"https:\/\/inandoutsotogrande.com\/es\/index.php\/wp-json\/wp\/v2\/users\/1"}],"replies":[{"embeddable":true,"href":"https:\/\/inandoutsotogrande.com\/es\/index.php\/wp-json\/wp\/v2\/comments?post=1477"}],"version-history":[{"count":1,"href":"https:\/\/inandoutsotogrande.com\/es\/index.php\/wp-json\/wp\/v2\/pages\/1477\/revisions"}],"predecessor-version":[{"id":1478,"href":"https:\/\/inandoutsotogrande.com\/es\/index.php\/wp-json\/wp\/v2\/pages\/1477\/revisions\/1478"}],"wp:featuredmedia":[{"embeddable":true,"href":"https:\/\/inandoutsotogrande.com\/es\/index.php\/wp-json\/wp\/v2\/media\/735"}],"wp:attachment":[{"href":"https:\/\/inandoutsotogrande.com\/es\/index.php\/wp-json\/wp\/v2\/media?parent=1477"}],"curies":[{"name":"wp","href":"https:\/\/api.w.org\/{rel}","templated":true}]}}