{"id":1488,"date":"2025-06-08T17:55:54","date_gmt":"2025-06-08T17:55:54","guid":{"rendered":"https:\/\/inandoutsotogrande.com\/index.php\/bares-restaurantes\/"},"modified":"2025-06-23T10:48:26","modified_gmt":"2025-06-23T10:48:26","slug":"bares-restaurantes","status":"publish","type":"page","link":"https:\/\/inandoutsotogrande.com\/es\/index.php\/bares-restaurantes\/","title":{"rendered":"Bares | Restaurantes"},"content":{"rendered":"    <div class=\"swiper bars_restaurants-slider\">\n      <div class=\"swiper-wrapper\">\n                    <div class=\"swiper-slide swiper-advert\" href=\"http:\/\/dondiegosotogrande.com\" target=\"_blank\">\n\t\t<picture>\n\t\t\t<source media=\"(max-width:767px)\" data-srcset=\"https:\/\/inandoutsotogrande.com\/wp-content\/uploads\/2025\/06\/bars_d.jpg\" class=\"swiper-lazy\">\n\t\t\t<source media=\"(min-width:768px)\" data-srcset=\"https:\/\/inandoutsotogrande.com\/wp-content\/uploads\/2025\/06\/bars_d.jpg\" class=\"swiper-lazy\">\n\t\t\t<img class=\"slide-image\"\n\t\t\t\tsrc=\"data:image\/gif;base64,R0lGODlhAQABAIAAAAAAAP\/\/\/ywAAAAAAQABAAACAUwAOw==\"\n\t\t\t\tdata-src-mobile=\"https:\/\/inandoutsotogrande.com\/wp-content\/uploads\/2025\/06\/bars_d.jpg\"\n\t\t\t\tdata-src-desktop=\"https:\/\/inandoutsotogrande.com\/wp-content\/uploads\/2025\/06\/bars_d.jpg\"\n\t\t\t\talt=\"\"\n\t\t\t>\n\t\t<\/picture>\n\t\t<div class=\"slide-spinner\"><\/div>\n                <div class=\"slide-content\">\n                    <h2>Don Diego<br>Restaurante Nikkei<\/h2>\n\t\t\t                                        <div class=\"slide-description\"><p>Lunes - Domingo 12.00pm - 01.00am<br \/>\nLa Marina Sotogrande<br \/>\nRibera del Marlin, local 26.<br \/>\n11311 Sotogrande<\/p>\n<p>La cocina nikkei se basa en una deliciosa combinaci\u00f3n de cocina japonesa y peruana, creando mil sabores diferentes y exquisitos.<\/p>\n<\/div>\n                                            <div class=\"slide-contact\">\n                            <div class=\"contact-item contact-phone\"><a href=\"tel:+34666551989\">+34666551989<\/a><\/div>                                                                                    <div class=\"contact-item contact-website\"><a href=\"http:\/\/dondiegosotogrande.com\" target=\"_blank\">dondiegosotogrande.com<\/a><\/div>                        <\/div>\n                                        <div class=\"slide-featured-image\"><img loading=\"lazy\" decoding=\"async\" width=\"2156\" height=\"755\" src=\"https:\/\/inandoutsotogrande.com\/wp-content\/uploads\/2025\/06\/don_diego_logo.png\" class=\"slide-contact-featured-image wp-post-image\" alt=\"Don Diego&lt;br&gt;Restaurante Nikkei\" srcset=\"https:\/\/inandoutsotogrande.com\/wp-content\/uploads\/2025\/06\/don_diego_logo.png 2156w, https:\/\/inandoutsotogrande.com\/wp-content\/uploads\/2025\/06\/don_diego_logo-300x105.png 300w, https:\/\/inandoutsotogrande.com\/wp-content\/uploads\/2025\/06\/don_diego_logo-1024x359.png 1024w, https:\/\/inandoutsotogrande.com\/wp-content\/uploads\/2025\/06\/don_diego_logo-768x269.png 768w, https:\/\/inandoutsotogrande.com\/wp-content\/uploads\/2025\/06\/don_diego_logo-1536x538.png 1536w, https:\/\/inandoutsotogrande.com\/wp-content\/uploads\/2025\/06\/don_diego_logo-2048x717.png 2048w\" sizes=\"auto, (max-width: 2156px) 100vw, 2156px\" \/><\/div>                <\/div><!--\/.slide-content-->\n            <\/div><!--\/.swiper-slide-->\n                    <div class=\"swiper-slide swiper-advert\" href=\"http:\/\/frescomarina.com\" target=\"_blank\">\n\t\t<picture>\n\t\t\t<source media=\"(max-width:767px)\" data-srcset=\"https:\/\/inandoutsotogrande.com\/wp-content\/uploads\/2025\/06\/fresco_marina_d.jpg\" class=\"swiper-lazy\">\n\t\t\t<source media=\"(min-width:768px)\" data-srcset=\"https:\/\/inandoutsotogrande.com\/wp-content\/uploads\/2025\/06\/fresco_marina_d.jpg\" class=\"swiper-lazy\">\n\t\t\t<img class=\"slide-image\"\n\t\t\t\tsrc=\"data:image\/gif;base64,R0lGODlhAQABAIAAAAAAAP\/\/\/ywAAAAAAQABAAACAUwAOw==\"\n\t\t\t\tdata-src-mobile=\"https:\/\/inandoutsotogrande.com\/wp-content\/uploads\/2025\/06\/fresco_marina_d.jpg\"\n\t\t\t\tdata-src-desktop=\"https:\/\/inandoutsotogrande.com\/wp-content\/uploads\/2025\/06\/fresco_marina_d.jpg\"\n\t\t\t\talt=\"\"\n\t\t\t>\n\t\t<\/picture>\n\t\t<div class=\"slide-spinner\"><\/div>\n                <div class=\"slide-content\">\n                    <h2>Fresco Marina<\/h2>\n\t\t\t                                        <div class=\"slide-description\"><p>Todos los d\u00edas de 9 a 23 h<br \/>\nRibera del Marlin 20<br \/>\n11311 Sotogrande<\/p>\n<\/div>\n                                            <div class=\"slide-contact\">\n                            <div class=\"contact-item contact-phone\"><a href=\"tel:+34956616011\">+34956616011<\/a><\/div>                                                                                    <div class=\"contact-item contact-website\"><a href=\"http:\/\/frescomarina.com\" target=\"_blank\">frescomarina.com<\/a><\/div>                        <\/div>\n                                        <div class=\"slide-featured-image\"><img loading=\"lazy\" decoding=\"async\" width=\"2327\" height=\"755\" src=\"https:\/\/inandoutsotogrande.com\/wp-content\/uploads\/2025\/06\/fresco_logo.png\" class=\"slide-contact-featured-image wp-post-image\" alt=\"Fresco Marina\" srcset=\"https:\/\/inandoutsotogrande.com\/wp-content\/uploads\/2025\/06\/fresco_logo.png 2327w, https:\/\/inandoutsotogrande.com\/wp-content\/uploads\/2025\/06\/fresco_logo-300x97.png 300w, https:\/\/inandoutsotogrande.com\/wp-content\/uploads\/2025\/06\/fresco_logo-1024x332.png 1024w, https:\/\/inandoutsotogrande.com\/wp-content\/uploads\/2025\/06\/fresco_logo-768x249.png 768w, https:\/\/inandoutsotogrande.com\/wp-content\/uploads\/2025\/06\/fresco_logo-1536x498.png 1536w, https:\/\/inandoutsotogrande.com\/wp-content\/uploads\/2025\/06\/fresco_logo-2048x664.png 2048w\" sizes=\"auto, (max-width: 2327px) 100vw, 2327px\" \/><\/div>                <\/div><!--\/.slide-content-->\n            <\/div><!--\/.swiper-slide-->\n                    <div class=\"swiper-slide swiper-advert\" href=\"http:\/\/tipsysotogrande.com\" target=\"_blank\">\n\t\t<picture>\n\t\t\t<source media=\"(max-width:767px)\" data-srcset=\"https:\/\/inandoutsotogrande.com\/wp-content\/uploads\/2025\/06\/tipsy_mermaid_d.jpg\" class=\"swiper-lazy\">\n\t\t\t<source media=\"(min-width:768px)\" data-srcset=\"https:\/\/inandoutsotogrande.com\/wp-content\/uploads\/2025\/06\/tipsy_mermaid_d.jpg\" class=\"swiper-lazy\">\n\t\t\t<img class=\"slide-image\"\n\t\t\t\tsrc=\"data:image\/gif;base64,R0lGODlhAQABAIAAAAAAAP\/\/\/ywAAAAAAQABAAACAUwAOw==\"\n\t\t\t\tdata-src-mobile=\"https:\/\/inandoutsotogrande.com\/wp-content\/uploads\/2025\/06\/tipsy_mermaid_d.jpg\"\n\t\t\t\tdata-src-desktop=\"https:\/\/inandoutsotogrande.com\/wp-content\/uploads\/2025\/06\/tipsy_mermaid_d.jpg\"\n\t\t\t\talt=\"\"\n\t\t\t>\n\t\t<\/picture>\n\t\t<div class=\"slide-spinner\"><\/div>\n                <div class=\"slide-content\">\n                    <h2>Tipsy Mermaid<\/h2>\n\t\t\t                                        <div class=\"slide-description\"><p>Lunes Cerrado<br \/>\nMartes - S\u00e1bado 09.30am - 10.00pm<br \/>\nDomingo 09.30am - 10.00pm<br \/>\nRibera del Marlin 11<\/p>\n<p>Ven y \u00fanete a nosotros en el Tipsy Mermaid, donde podr\u00e1s tomar una copa informal en el \u00fanico bar de cuatro lados de Sotogrande, a s\u00f3lo 3 metros de la orilla del mar en nuestra fant\u00e1stica ubicaci\u00f3n, disfrutar de tapas y aperitivos caseros reci\u00e9n preparados o simplemente relajarte con una buena bebida, un batido o un vino. Nuestro amable personal est\u00e1 siempre a tu disposici\u00f3n para que te sientas como en casa.<\/p>\n<\/div>\n                                            <div class=\"slide-contact\">\n                            <div class=\"contact-item contact-phone\"><a href=\"tel:+34626923366\">+34626923366<\/a><\/div>                                                                                    <div class=\"contact-item contact-website\"><a href=\"http:\/\/tipsysotogrande.com\" target=\"_blank\">tipsysotogrande.com<\/a><\/div>                        <\/div>\n                                        <div class=\"slide-featured-image\"><img loading=\"lazy\" decoding=\"async\" width=\"751\" height=\"755\" src=\"https:\/\/inandoutsotogrande.com\/wp-content\/uploads\/2025\/06\/tipsy_mermaid_logo.png\" class=\"slide-contact-featured-image wp-post-image\" alt=\"Tipsy Mermaid\" srcset=\"https:\/\/inandoutsotogrande.com\/wp-content\/uploads\/2025\/06\/tipsy_mermaid_logo.png 751w, https:\/\/inandoutsotogrande.com\/wp-content\/uploads\/2025\/06\/tipsy_mermaid_logo-298x300.png 298w, https:\/\/inandoutsotogrande.com\/wp-content\/uploads\/2025\/06\/tipsy_mermaid_logo-150x150.png 150w\" sizes=\"auto, (max-width: 751px) 100vw, 751px\" \/><\/div>                <\/div><!--\/.slide-content-->\n            <\/div><!--\/.swiper-slide-->\n                    <div class=\"swiper-slide\">\n\t\t<picture>\n\t\t\t<source media=\"(max-width:767px)\" data-srcset=\"https:\/\/inandoutsotogrande.com\/wp-content\/uploads\/2025\/06\/la_pala_d-1.jpg\" class=\"swiper-lazy\">\n\t\t\t<source media=\"(min-width:768px)\" data-srcset=\"https:\/\/inandoutsotogrande.com\/wp-content\/uploads\/2025\/06\/la_pala_d-1.jpg\" class=\"swiper-lazy\">\n\t\t\t<img class=\"slide-image\"\n\t\t\t\tsrc=\"data:image\/gif;base64,R0lGODlhAQABAIAAAAAAAP\/\/\/ywAAAAAAQABAAACAUwAOw==\"\n\t\t\t\tdata-src-mobile=\"https:\/\/inandoutsotogrande.com\/wp-content\/uploads\/2025\/06\/la_pala_d-1.jpg\"\n\t\t\t\tdata-src-desktop=\"https:\/\/inandoutsotogrande.com\/wp-content\/uploads\/2025\/06\/la_pala_d-1.jpg\"\n\t\t\t\talt=\"\"\n\t\t\t>\n\t\t<\/picture>\n\t\t<div class=\"slide-spinner\"><\/div>\n                <div class=\"slide-content\">\n                    <h2>La Pala<br>Pizza, Bar y Restaurante<\/h2>\n\t\t\t                                        <div class=\"slide-description\"><p>Lunes - Domingo 12.00pm - 11.00pm<br \/>\nAvenida de la Marina<br \/>\n11310 Marina de Sotogrande<\/p>\n<\/div>\n                                            <div class=\"slide-contact\">\n                            <div class=\"contact-item contact-phone\"><a href=\"tel:+34956790390\">+34956790390<\/a><\/div>                                                                                                            <\/div>\n                                        <div class=\"slide-featured-image\"><img loading=\"lazy\" decoding=\"async\" width=\"755\" height=\"755\" src=\"https:\/\/inandoutsotogrande.com\/wp-content\/uploads\/2025\/06\/la_pala_logo.jpg\" class=\"slide-contact-featured-image wp-post-image\" alt=\"La Pala&lt;br&gt;Pizza, Bar y Restaurante\" srcset=\"https:\/\/inandoutsotogrande.com\/wp-content\/uploads\/2025\/06\/la_pala_logo.jpg 755w, https:\/\/inandoutsotogrande.com\/wp-content\/uploads\/2025\/06\/la_pala_logo-300x300.jpg 300w, https:\/\/inandoutsotogrande.com\/wp-content\/uploads\/2025\/06\/la_pala_logo-150x150.jpg 150w\" sizes=\"auto, (max-width: 755px) 100vw, 755px\" \/><\/div>                <\/div><!--\/.slide-content-->\n            <\/div><!--\/.swiper-slide-->\n              <\/div><!--\/.swiper-wrapper-->\n      <div class=\"swiper-pagination\"><\/div>\n      <div class=\"swiper-button-prev\"><\/div>\n      <div class=\"swiper-button-next\"><\/div>\n    <\/div><!--\/.swiper-->\n\n    \n","protected":false},"excerpt":{"rendered":"","protected":false},"author":1,"featured_media":605,"parent":0,"menu_order":0,"comment_status":"closed","ping_status":"closed","template":"","meta":{"footnotes":""},"class_list":["post-1488","page","type-page","status-publish","has-post-thumbnail","hentry"],"yoast_head":"<!-- This site is optimized with the Yoast SEO plugin v26.5 - https:\/\/yoast.com\/wordpress\/plugins\/seo\/ -->\n<title>Bares | Restaurantes - In and Out Sotogrande<\/title>\n<meta name=\"robots\" content=\"index, follow, max-snippet:-1, max-image-preview:large, max-video-preview:-1\" \/>\n<link rel=\"canonical\" href=\"https:\/\/inandoutsotogrande.com\/es\/index.php\/bares-restaurantes\/\" \/>\n<meta property=\"og:locale\" content=\"es_ES\" \/>\n<meta property=\"og:type\" content=\"article\" \/>\n<meta property=\"og:title\" content=\"Bares | Restaurantes - In and Out Sotogrande\" \/>\n<meta property=\"og:url\" content=\"https:\/\/inandoutsotogrande.com\/es\/index.php\/bares-restaurantes\/\" \/>\n<meta property=\"og:site_name\" content=\"In and Out Sotogrande\" \/>\n<meta property=\"article:publisher\" content=\"https:\/\/www.facebook.com\/inandoutsotogrande\" \/>\n<meta property=\"article:modified_time\" content=\"2025-06-23T10:48:26+00:00\" \/>\n<meta property=\"og:image\" content=\"https:\/\/inandoutsotogrande.com\/wp-content\/uploads\/2025\/06\/bars_parallax_d.jpg\" \/>\n\t<meta property=\"og:image:width\" content=\"2560\" \/>\n\t<meta property=\"og:image:height\" content=\"1434\" \/>\n\t<meta property=\"og:image:type\" content=\"image\/jpeg\" \/>\n<meta name=\"twitter:card\" content=\"summary_large_image\" \/>\n<script type=\"application\/ld+json\" class=\"yoast-schema-graph\">{\"@context\":\"https:\/\/schema.org\",\"@graph\":[{\"@type\":\"WebPage\",\"@id\":\"https:\/\/inandoutsotogrande.com\/es\/index.php\/bares-restaurantes\/\",\"url\":\"https:\/\/inandoutsotogrande.com\/es\/index.php\/bares-restaurantes\/\",\"name\":\"Bares | Restaurantes - In and Out Sotogrande\",\"isPartOf\":{\"@id\":\"https:\/\/inandoutsotogrande.com\/#website\"},\"primaryImageOfPage\":{\"@id\":\"https:\/\/inandoutsotogrande.com\/es\/index.php\/bares-restaurantes\/#primaryimage\"},\"image\":{\"@id\":\"https:\/\/inandoutsotogrande.com\/es\/index.php\/bares-restaurantes\/#primaryimage\"},\"thumbnailUrl\":\"https:\/\/inandoutsotogrande.com\/wp-content\/uploads\/2025\/06\/bars_parallax_d.jpg\",\"datePublished\":\"2025-06-08T17:55:54+00:00\",\"dateModified\":\"2025-06-23T10:48:26+00:00\",\"breadcrumb\":{\"@id\":\"https:\/\/inandoutsotogrande.com\/es\/index.php\/bares-restaurantes\/#breadcrumb\"},\"inLanguage\":\"es\",\"potentialAction\":[{\"@type\":\"ReadAction\",\"target\":[\"https:\/\/inandoutsotogrande.com\/es\/index.php\/bares-restaurantes\/\"]}]},{\"@type\":\"ImageObject\",\"inLanguage\":\"es\",\"@id\":\"https:\/\/inandoutsotogrande.com\/es\/index.php\/bares-restaurantes\/#primaryimage\",\"url\":\"https:\/\/inandoutsotogrande.com\/wp-content\/uploads\/2025\/06\/bars_parallax_d.jpg\",\"contentUrl\":\"https:\/\/inandoutsotogrande.com\/wp-content\/uploads\/2025\/06\/bars_parallax_d.jpg\",\"width\":2560,\"height\":1434},{\"@type\":\"BreadcrumbList\",\"@id\":\"https:\/\/inandoutsotogrande.com\/es\/index.php\/bares-restaurantes\/#breadcrumb\",\"itemListElement\":[{\"@type\":\"ListItem\",\"position\":1,\"name\":\"Inicio\",\"item\":\"https:\/\/inandoutsotogrande.com\/es\/index.php\/inicio\/\"},{\"@type\":\"ListItem\",\"position\":2,\"name\":\"Bares | Restaurantes\"}]},{\"@type\":\"WebSite\",\"@id\":\"https:\/\/inandoutsotogrande.com\/#website\",\"url\":\"https:\/\/inandoutsotogrande.com\/\",\"name\":\"In and Out Sotogrande\",\"description\":\"\",\"publisher\":{\"@id\":\"https:\/\/inandoutsotogrande.com\/#organization\"},\"inLanguage\":\"es\"},{\"@type\":\"Organization\",\"@id\":\"https:\/\/inandoutsotogrande.com\/#organization\",\"name\":\"In and Out Sotogrande\",\"url\":\"https:\/\/inandoutsotogrande.com\/\",\"logo\":{\"@type\":\"ImageObject\",\"inLanguage\":\"es\",\"@id\":\"https:\/\/inandoutsotogrande.com\/#\/schema\/logo\/image\/\",\"url\":\"https:\/\/inandoutsotogrande.com\/wp-content\/uploads\/2025\/11\/in-and-out.png\",\"contentUrl\":\"https:\/\/inandoutsotogrande.com\/wp-content\/uploads\/2025\/11\/in-and-out.png\",\"width\":416,\"height\":276,\"caption\":\"In and Out Sotogrande\"},\"image\":{\"@id\":\"https:\/\/inandoutsotogrande.com\/#\/schema\/logo\/image\/\"},\"sameAs\":[\"https:\/\/www.facebook.com\/inandoutsotogrande\"]}]}<\/script>\n<!-- \/ Yoast SEO plugin. -->","yoast_head_json":{"title":"Bares | Restaurantes - In and Out Sotogrande","robots":{"index":"index","follow":"follow","max-snippet":"max-snippet:-1","max-image-preview":"max-image-preview:large","max-video-preview":"max-video-preview:-1"},"canonical":"https:\/\/inandoutsotogrande.com\/es\/index.php\/bares-restaurantes\/","og_locale":"es_ES","og_type":"article","og_title":"Bares | Restaurantes - In and Out Sotogrande","og_url":"https:\/\/inandoutsotogrande.com\/es\/index.php\/bares-restaurantes\/","og_site_name":"In and Out Sotogrande","article_publisher":"https:\/\/www.facebook.com\/inandoutsotogrande","article_modified_time":"2025-06-23T10:48:26+00:00","og_image":[{"width":2560,"height":1434,"url":"https:\/\/inandoutsotogrande.com\/wp-content\/uploads\/2025\/06\/bars_parallax_d.jpg","type":"image\/jpeg"}],"twitter_card":"summary_large_image","schema":{"@context":"https:\/\/schema.org","@graph":[{"@type":"WebPage","@id":"https:\/\/inandoutsotogrande.com\/es\/index.php\/bares-restaurantes\/","url":"https:\/\/inandoutsotogrande.com\/es\/index.php\/bares-restaurantes\/","name":"Bares | Restaurantes - In and Out Sotogrande","isPartOf":{"@id":"https:\/\/inandoutsotogrande.com\/#website"},"primaryImageOfPage":{"@id":"https:\/\/inandoutsotogrande.com\/es\/index.php\/bares-restaurantes\/#primaryimage"},"image":{"@id":"https:\/\/inandoutsotogrande.com\/es\/index.php\/bares-restaurantes\/#primaryimage"},"thumbnailUrl":"https:\/\/inandoutsotogrande.com\/wp-content\/uploads\/2025\/06\/bars_parallax_d.jpg","datePublished":"2025-06-08T17:55:54+00:00","dateModified":"2025-06-23T10:48:26+00:00","breadcrumb":{"@id":"https:\/\/inandoutsotogrande.com\/es\/index.php\/bares-restaurantes\/#breadcrumb"},"inLanguage":"es","potentialAction":[{"@type":"ReadAction","target":["https:\/\/inandoutsotogrande.com\/es\/index.php\/bares-restaurantes\/"]}]},{"@type":"ImageObject","inLanguage":"es","@id":"https:\/\/inandoutsotogrande.com\/es\/index.php\/bares-restaurantes\/#primaryimage","url":"https:\/\/inandoutsotogrande.com\/wp-content\/uploads\/2025\/06\/bars_parallax_d.jpg","contentUrl":"https:\/\/inandoutsotogrande.com\/wp-content\/uploads\/2025\/06\/bars_parallax_d.jpg","width":2560,"height":1434},{"@type":"BreadcrumbList","@id":"https:\/\/inandoutsotogrande.com\/es\/index.php\/bares-restaurantes\/#breadcrumb","itemListElement":[{"@type":"ListItem","position":1,"name":"Inicio","item":"https:\/\/inandoutsotogrande.com\/es\/index.php\/inicio\/"},{"@type":"ListItem","position":2,"name":"Bares | Restaurantes"}]},{"@type":"WebSite","@id":"https:\/\/inandoutsotogrande.com\/#website","url":"https:\/\/inandoutsotogrande.com\/","name":"In and Out Sotogrande","description":"","publisher":{"@id":"https:\/\/inandoutsotogrande.com\/#organization"},"inLanguage":"es"},{"@type":"Organization","@id":"https:\/\/inandoutsotogrande.com\/#organization","name":"In and Out Sotogrande","url":"https:\/\/inandoutsotogrande.com\/","logo":{"@type":"ImageObject","inLanguage":"es","@id":"https:\/\/inandoutsotogrande.com\/#\/schema\/logo\/image\/","url":"https:\/\/inandoutsotogrande.com\/wp-content\/uploads\/2025\/11\/in-and-out.png","contentUrl":"https:\/\/inandoutsotogrande.com\/wp-content\/uploads\/2025\/11\/in-and-out.png","width":416,"height":276,"caption":"In and Out Sotogrande"},"image":{"@id":"https:\/\/inandoutsotogrande.com\/#\/schema\/logo\/image\/"},"sameAs":["https:\/\/www.facebook.com\/inandoutsotogrande"]}]}},"_links":{"self":[{"href":"https:\/\/inandoutsotogrande.com\/es\/index.php\/wp-json\/wp\/v2\/pages\/1488","targetHints":{"allow":["GET"]}}],"collection":[{"href":"https:\/\/inandoutsotogrande.com\/es\/index.php\/wp-json\/wp\/v2\/pages"}],"about":[{"href":"https:\/\/inandoutsotogrande.com\/es\/index.php\/wp-json\/wp\/v2\/types\/page"}],"author":[{"embeddable":true,"href":"https:\/\/inandoutsotogrande.com\/es\/index.php\/wp-json\/wp\/v2\/users\/1"}],"replies":[{"embeddable":true,"href":"https:\/\/inandoutsotogrande.com\/es\/index.php\/wp-json\/wp\/v2\/comments?post=1488"}],"version-history":[{"count":1,"href":"https:\/\/inandoutsotogrande.com\/es\/index.php\/wp-json\/wp\/v2\/pages\/1488\/revisions"}],"predecessor-version":[{"id":1489,"href":"https:\/\/inandoutsotogrande.com\/es\/index.php\/wp-json\/wp\/v2\/pages\/1488\/revisions\/1489"}],"wp:featuredmedia":[{"embeddable":true,"href":"https:\/\/inandoutsotogrande.com\/es\/index.php\/wp-json\/wp\/v2\/media\/605"}],"wp:attachment":[{"href":"https:\/\/inandoutsotogrande.com\/es\/index.php\/wp-json\/wp\/v2\/media?parent=1488"}],"curies":[{"name":"wp","href":"https:\/\/api.w.org\/{rel}","templated":true}]}}