{"id":1546,"date":"2025-06-08T18:09:02","date_gmt":"2025-06-08T18:09:02","guid":{"rendered":"https:\/\/inandoutsotogrande.com\/index.php\/sotogrande-pueblo-color\/"},"modified":"2025-06-24T11:41:30","modified_gmt":"2025-06-24T11:41:30","slug":"sotogrande-pueblo-color","status":"publish","type":"page","link":"https:\/\/inandoutsotogrande.com\/es\/index.php\/sotogrande-pueblo-color\/","title":{"rendered":"Sotogrande: Pueblo Color"},"content":{"rendered":"\n<figure class=\"wp-block-image size-large\"><img loading=\"lazy\" decoding=\"async\" width=\"1024\" height=\"574\" src=\"https:\/\/inandoutsotogrande.com\/wp-content\/uploads\/2025\/06\/sotogrande_d-1024x574.jpg\" alt=\"\" class=\"wp-image-29\" srcset=\"https:\/\/inandoutsotogrande.com\/wp-content\/uploads\/2025\/06\/sotogrande_d-1024x574.jpg 1024w, https:\/\/inandoutsotogrande.com\/wp-content\/uploads\/2025\/06\/sotogrande_d-300x168.jpg 300w, https:\/\/inandoutsotogrande.com\/wp-content\/uploads\/2025\/06\/sotogrande_d-768x430.jpg 768w, https:\/\/inandoutsotogrande.com\/wp-content\/uploads\/2025\/06\/sotogrande_d-1536x860.jpg 1536w, https:\/\/inandoutsotogrande.com\/wp-content\/uploads\/2025\/06\/sotogrande_d-2048x1147.jpg 2048w\" sizes=\"auto, (max-width: 1024px) 100vw, 1024px\" \/><\/figure>\n\n<p>Sotogrande es un destino de lujo en la Costa del Sol. Con sus campos de golf, padel y tenis, campos de polo, puertos deportivos, chiringuitos, bares, restaurantes, tiendas y mucho m\u00e1s, es el lugar ideal para ti, tus hijos, tu familia y tus amigos.<\/p>\n\n<p>Para construir una ciudad similar a Palm Springs, en el sur de Europa, Sotogrande fue desarrollada por la pareja de industriales filipinos Don Jos\u00e9 McMicking y Do\u00f1a Mercedes Z\u00f3bel. Inspirado en los famosos Pueblos Blancos de toda Espa\u00f1a, Sotogrande recibe el nombre de Pueblo Color por el colorido de sus casas, su entorno y la vibrante Comunidad Art\u00edstica.<\/p>\n\n<p>Con este portal queremos informarte de todo lo que ocurre en Sotogrande. Tanto si eres un amante de la playa, un fan\u00e1tico de los deportes, te gustan los barcos, quieres disfrutar de los mejores sitios para comer o simplemente quieres tomar una bebida agradable y refrescante, In and Out Sotogrande te lo ofrece todo. Nuestro sitio web con su propia App se actualizar\u00e1 diariamente y ofrecer\u00e1 m\u00e1s y m\u00e1s cada d\u00eda. Visita nuestro sitio web a diario para conocer Sotograde por dentro y convertirte t\u00fa tambi\u00e9n en un Soto Lover.<\/p>\n","protected":false},"excerpt":{"rendered":"<p>Sotogrande es un destino de lujo en la Costa del Sol. Con sus campos de golf, padel y tenis, campos de polo, puertos deportivos, chiringuitos, bares, restaurantes, tiendas y mucho m\u00e1s, es el lugar ideal para ti, tus hijos, tu familia y tus amigos. Para construir una ciudad similar a Palm Springs, en el sur [&hellip;]<\/p>\n","protected":false},"author":1,"featured_media":508,"parent":0,"menu_order":0,"comment_status":"closed","ping_status":"closed","template":"","meta":{"footnotes":""},"class_list":["post-1546","page","type-page","status-publish","has-post-thumbnail","hentry"],"yoast_head":"<!-- This site is optimized with the Yoast SEO plugin v26.5 - https:\/\/yoast.com\/wordpress\/plugins\/seo\/ -->\n<title>Sotogrande: Pueblo Color - In and Out Sotogrande<\/title>\n<meta name=\"robots\" content=\"index, follow, max-snippet:-1, max-image-preview:large, max-video-preview:-1\" \/>\n<link rel=\"canonical\" href=\"https:\/\/inandoutsotogrande.com\/es\/index.php\/sotogrande-pueblo-color\/\" \/>\n<meta property=\"og:locale\" content=\"es_ES\" \/>\n<meta property=\"og:type\" content=\"article\" \/>\n<meta property=\"og:title\" content=\"Sotogrande: Pueblo Color - In and Out Sotogrande\" \/>\n<meta property=\"og:description\" content=\"Sotogrande es un destino de lujo en la Costa del Sol. Con sus campos de golf, padel y tenis, campos de polo, puertos deportivos, chiringuitos, bares, restaurantes, tiendas y mucho m\u00e1s, es el lugar ideal para ti, tus hijos, tu familia y tus amigos. Para construir una ciudad similar a Palm Springs, en el sur [&hellip;]\" \/>\n<meta property=\"og:url\" content=\"https:\/\/inandoutsotogrande.com\/es\/index.php\/sotogrande-pueblo-color\/\" \/>\n<meta property=\"og:site_name\" content=\"In and Out Sotogrande\" \/>\n<meta property=\"article:publisher\" content=\"https:\/\/www.facebook.com\/inandoutsotogrande\" \/>\n<meta property=\"article:modified_time\" content=\"2025-06-24T11:41:30+00:00\" \/>\n<meta property=\"og:image\" content=\"https:\/\/inandoutsotogrande.com\/wp-content\/uploads\/2025\/06\/parallax_d-scaled.jpg\" \/>\n\t<meta property=\"og:image:width\" content=\"2560\" \/>\n\t<meta property=\"og:image:height\" content=\"1707\" \/>\n\t<meta property=\"og:image:type\" content=\"image\/jpeg\" \/>\n<meta name=\"twitter:card\" content=\"summary_large_image\" \/>\n<meta name=\"twitter:label1\" content=\"Tiempo de lectura\" \/>\n\t<meta name=\"twitter:data1\" content=\"1 minuto\" \/>\n<script type=\"application\/ld+json\" class=\"yoast-schema-graph\">{\"@context\":\"https:\/\/schema.org\",\"@graph\":[{\"@type\":\"WebPage\",\"@id\":\"https:\/\/inandoutsotogrande.com\/es\/index.php\/sotogrande-pueblo-color\/\",\"url\":\"https:\/\/inandoutsotogrande.com\/es\/index.php\/sotogrande-pueblo-color\/\",\"name\":\"Sotogrande: Pueblo Color - In and Out Sotogrande\",\"isPartOf\":{\"@id\":\"https:\/\/inandoutsotogrande.com\/#website\"},\"primaryImageOfPage\":{\"@id\":\"https:\/\/inandoutsotogrande.com\/es\/index.php\/sotogrande-pueblo-color\/#primaryimage\"},\"image\":{\"@id\":\"https:\/\/inandoutsotogrande.com\/es\/index.php\/sotogrande-pueblo-color\/#primaryimage\"},\"thumbnailUrl\":\"https:\/\/inandoutsotogrande.com\/wp-content\/uploads\/2025\/06\/parallax_d-scaled.jpg\",\"datePublished\":\"2025-06-08T18:09:02+00:00\",\"dateModified\":\"2025-06-24T11:41:30+00:00\",\"breadcrumb\":{\"@id\":\"https:\/\/inandoutsotogrande.com\/es\/index.php\/sotogrande-pueblo-color\/#breadcrumb\"},\"inLanguage\":\"es\",\"potentialAction\":[{\"@type\":\"ReadAction\",\"target\":[\"https:\/\/inandoutsotogrande.com\/es\/index.php\/sotogrande-pueblo-color\/\"]}]},{\"@type\":\"ImageObject\",\"inLanguage\":\"es\",\"@id\":\"https:\/\/inandoutsotogrande.com\/es\/index.php\/sotogrande-pueblo-color\/#primaryimage\",\"url\":\"https:\/\/inandoutsotogrande.com\/wp-content\/uploads\/2025\/06\/parallax_d-scaled.jpg\",\"contentUrl\":\"https:\/\/inandoutsotogrande.com\/wp-content\/uploads\/2025\/06\/parallax_d-scaled.jpg\",\"width\":2560,\"height\":1707,\"caption\":\"Bridge over canal in Sotogrande marina, Andalusia, Spain\"},{\"@type\":\"BreadcrumbList\",\"@id\":\"https:\/\/inandoutsotogrande.com\/es\/index.php\/sotogrande-pueblo-color\/#breadcrumb\",\"itemListElement\":[{\"@type\":\"ListItem\",\"position\":1,\"name\":\"Inicio\",\"item\":\"https:\/\/inandoutsotogrande.com\/es\/index.php\/inicio\/\"},{\"@type\":\"ListItem\",\"position\":2,\"name\":\"Sotogrande: Pueblo Color\"}]},{\"@type\":\"WebSite\",\"@id\":\"https:\/\/inandoutsotogrande.com\/#website\",\"url\":\"https:\/\/inandoutsotogrande.com\/\",\"name\":\"In and Out Sotogrande\",\"description\":\"\",\"publisher\":{\"@id\":\"https:\/\/inandoutsotogrande.com\/#organization\"},\"inLanguage\":\"es\"},{\"@type\":\"Organization\",\"@id\":\"https:\/\/inandoutsotogrande.com\/#organization\",\"name\":\"In and Out Sotogrande\",\"url\":\"https:\/\/inandoutsotogrande.com\/\",\"logo\":{\"@type\":\"ImageObject\",\"inLanguage\":\"es\",\"@id\":\"https:\/\/inandoutsotogrande.com\/#\/schema\/logo\/image\/\",\"url\":\"https:\/\/inandoutsotogrande.com\/wp-content\/uploads\/2025\/11\/in-and-out.png\",\"contentUrl\":\"https:\/\/inandoutsotogrande.com\/wp-content\/uploads\/2025\/11\/in-and-out.png\",\"width\":416,\"height\":276,\"caption\":\"In and Out Sotogrande\"},\"image\":{\"@id\":\"https:\/\/inandoutsotogrande.com\/#\/schema\/logo\/image\/\"},\"sameAs\":[\"https:\/\/www.facebook.com\/inandoutsotogrande\"]}]}<\/script>\n<!-- \/ Yoast SEO plugin. -->","yoast_head_json":{"title":"Sotogrande: Pueblo Color - In and Out Sotogrande","robots":{"index":"index","follow":"follow","max-snippet":"max-snippet:-1","max-image-preview":"max-image-preview:large","max-video-preview":"max-video-preview:-1"},"canonical":"https:\/\/inandoutsotogrande.com\/es\/index.php\/sotogrande-pueblo-color\/","og_locale":"es_ES","og_type":"article","og_title":"Sotogrande: Pueblo Color - In and Out Sotogrande","og_description":"Sotogrande es un destino de lujo en la Costa del Sol. Con sus campos de golf, padel y tenis, campos de polo, puertos deportivos, chiringuitos, bares, restaurantes, tiendas y mucho m\u00e1s, es el lugar ideal para ti, tus hijos, tu familia y tus amigos. Para construir una ciudad similar a Palm Springs, en el sur [&hellip;]","og_url":"https:\/\/inandoutsotogrande.com\/es\/index.php\/sotogrande-pueblo-color\/","og_site_name":"In and Out Sotogrande","article_publisher":"https:\/\/www.facebook.com\/inandoutsotogrande","article_modified_time":"2025-06-24T11:41:30+00:00","og_image":[{"width":2560,"height":1707,"url":"https:\/\/inandoutsotogrande.com\/wp-content\/uploads\/2025\/06\/parallax_d-scaled.jpg","type":"image\/jpeg"}],"twitter_card":"summary_large_image","twitter_misc":{"Tiempo de lectura":"1 minuto"},"schema":{"@context":"https:\/\/schema.org","@graph":[{"@type":"WebPage","@id":"https:\/\/inandoutsotogrande.com\/es\/index.php\/sotogrande-pueblo-color\/","url":"https:\/\/inandoutsotogrande.com\/es\/index.php\/sotogrande-pueblo-color\/","name":"Sotogrande: Pueblo Color - In and Out Sotogrande","isPartOf":{"@id":"https:\/\/inandoutsotogrande.com\/#website"},"primaryImageOfPage":{"@id":"https:\/\/inandoutsotogrande.com\/es\/index.php\/sotogrande-pueblo-color\/#primaryimage"},"image":{"@id":"https:\/\/inandoutsotogrande.com\/es\/index.php\/sotogrande-pueblo-color\/#primaryimage"},"thumbnailUrl":"https:\/\/inandoutsotogrande.com\/wp-content\/uploads\/2025\/06\/parallax_d-scaled.jpg","datePublished":"2025-06-08T18:09:02+00:00","dateModified":"2025-06-24T11:41:30+00:00","breadcrumb":{"@id":"https:\/\/inandoutsotogrande.com\/es\/index.php\/sotogrande-pueblo-color\/#breadcrumb"},"inLanguage":"es","potentialAction":[{"@type":"ReadAction","target":["https:\/\/inandoutsotogrande.com\/es\/index.php\/sotogrande-pueblo-color\/"]}]},{"@type":"ImageObject","inLanguage":"es","@id":"https:\/\/inandoutsotogrande.com\/es\/index.php\/sotogrande-pueblo-color\/#primaryimage","url":"https:\/\/inandoutsotogrande.com\/wp-content\/uploads\/2025\/06\/parallax_d-scaled.jpg","contentUrl":"https:\/\/inandoutsotogrande.com\/wp-content\/uploads\/2025\/06\/parallax_d-scaled.jpg","width":2560,"height":1707,"caption":"Bridge over canal in Sotogrande marina, Andalusia, Spain"},{"@type":"BreadcrumbList","@id":"https:\/\/inandoutsotogrande.com\/es\/index.php\/sotogrande-pueblo-color\/#breadcrumb","itemListElement":[{"@type":"ListItem","position":1,"name":"Inicio","item":"https:\/\/inandoutsotogrande.com\/es\/index.php\/inicio\/"},{"@type":"ListItem","position":2,"name":"Sotogrande: Pueblo Color"}]},{"@type":"WebSite","@id":"https:\/\/inandoutsotogrande.com\/#website","url":"https:\/\/inandoutsotogrande.com\/","name":"In and Out Sotogrande","description":"","publisher":{"@id":"https:\/\/inandoutsotogrande.com\/#organization"},"inLanguage":"es"},{"@type":"Organization","@id":"https:\/\/inandoutsotogrande.com\/#organization","name":"In and Out Sotogrande","url":"https:\/\/inandoutsotogrande.com\/","logo":{"@type":"ImageObject","inLanguage":"es","@id":"https:\/\/inandoutsotogrande.com\/#\/schema\/logo\/image\/","url":"https:\/\/inandoutsotogrande.com\/wp-content\/uploads\/2025\/11\/in-and-out.png","contentUrl":"https:\/\/inandoutsotogrande.com\/wp-content\/uploads\/2025\/11\/in-and-out.png","width":416,"height":276,"caption":"In and Out Sotogrande"},"image":{"@id":"https:\/\/inandoutsotogrande.com\/#\/schema\/logo\/image\/"},"sameAs":["https:\/\/www.facebook.com\/inandoutsotogrande"]}]}},"_links":{"self":[{"href":"https:\/\/inandoutsotogrande.com\/es\/index.php\/wp-json\/wp\/v2\/pages\/1546","targetHints":{"allow":["GET"]}}],"collection":[{"href":"https:\/\/inandoutsotogrande.com\/es\/index.php\/wp-json\/wp\/v2\/pages"}],"about":[{"href":"https:\/\/inandoutsotogrande.com\/es\/index.php\/wp-json\/wp\/v2\/types\/page"}],"author":[{"embeddable":true,"href":"https:\/\/inandoutsotogrande.com\/es\/index.php\/wp-json\/wp\/v2\/users\/1"}],"replies":[{"embeddable":true,"href":"https:\/\/inandoutsotogrande.com\/es\/index.php\/wp-json\/wp\/v2\/comments?post=1546"}],"version-history":[{"count":1,"href":"https:\/\/inandoutsotogrande.com\/es\/index.php\/wp-json\/wp\/v2\/pages\/1546\/revisions"}],"predecessor-version":[{"id":1547,"href":"https:\/\/inandoutsotogrande.com\/es\/index.php\/wp-json\/wp\/v2\/pages\/1546\/revisions\/1547"}],"wp:featuredmedia":[{"embeddable":true,"href":"https:\/\/inandoutsotogrande.com\/es\/index.php\/wp-json\/wp\/v2\/media\/508"}],"wp:attachment":[{"href":"https:\/\/inandoutsotogrande.com\/es\/index.php\/wp-json\/wp\/v2\/media?parent=1546"}],"curies":[{"name":"wp","href":"https:\/\/api.w.org\/{rel}","templated":true}]}}