{"id":2539,"date":"2025-07-19T19:03:07","date_gmt":"2025-07-19T19:03:07","guid":{"rendered":"https:\/\/inandoutsotogrande.com\/index.php\/lugares-especiales\/"},"modified":"2025-07-19T19:07:13","modified_gmt":"2025-07-19T19:07:13","slug":"lugares-especiales","status":"publish","type":"page","link":"https:\/\/inandoutsotogrande.com\/es\/index.php\/lugares-especiales\/","title":{"rendered":"Lugares especiales"},"content":{"rendered":"    <div class=\"swiper special_venues-slider\">\n      <div class=\"swiper-wrapper\">\n                    <div class=\"swiper-slide\">\n\t\t<picture>\n\t\t\t<source media=\"(max-width:767px)\" data-srcset=\"https:\/\/inandoutsotogrande.com\/wp-content\/uploads\/2025\/07\/marina_plaza_d.jpg\" class=\"swiper-lazy\">\n\t\t\t<source media=\"(min-width:768px)\" data-srcset=\"https:\/\/inandoutsotogrande.com\/wp-content\/uploads\/2025\/07\/marina_plaza_d.jpg\" class=\"swiper-lazy\">\n\t\t\t<img class=\"slide-image\"\n\t\t\t\tsrc=\"data:image\/gif;base64,R0lGODlhAQABAIAAAAAAAP\/\/\/ywAAAAAAQABAAACAUwAOw==\"\n\t\t\t\tdata-src-mobile=\"https:\/\/inandoutsotogrande.com\/wp-content\/uploads\/2025\/07\/marina_plaza_d.jpg\"\n\t\t\t\tdata-src-desktop=\"https:\/\/inandoutsotogrande.com\/wp-content\/uploads\/2025\/07\/marina_plaza_d.jpg\"\n\t\t\t\talt=\"\"\n\t\t\t>\n\t\t<\/picture>\n\t\t<div class=\"slide-spinner\"><\/div>\n                <div class=\"slide-content\">\n                    <h2>Marina Plaza<\/h2>\n\t\t\t                                        <div class=\"slide-description\"><p>Todos los d\u00edas de 9 a 23 h<br \/>\nRibera del Marlin 20<br \/>\n11311 Sotogrande<\/p>\n<p>Oportunidades \u00fanicas para tus negocios y placer.<\/p>\n<p>Para cualquier consulta ll\u00e1manos o env\u00edanos un correo electr\u00f3nico<\/p>\n<\/div>\n                                                        <\/div><!--\/.slide-content-->\n            <\/div><!--\/.swiper-slide-->\n              <\/div><!--\/.swiper-wrapper-->\n      <div class=\"swiper-pagination\"><\/div>\n      <div class=\"swiper-button-prev\"><\/div>\n      <div class=\"swiper-button-next\"><\/div>\n    <\/div><!--\/.swiper-->\n\n    \n","protected":false},"excerpt":{"rendered":"","protected":false},"author":1,"featured_media":0,"parent":0,"menu_order":0,"comment_status":"closed","ping_status":"closed","template":"","meta":{"footnotes":""},"class_list":["post-2539","page","type-page","status-publish","hentry"],"yoast_head":"<!-- This site is optimized with the Yoast SEO plugin v26.5 - https:\/\/yoast.com\/wordpress\/plugins\/seo\/ -->\n<title>Lugares especiales - In and Out Sotogrande<\/title>\n<meta name=\"robots\" content=\"index, follow, max-snippet:-1, max-image-preview:large, max-video-preview:-1\" \/>\n<link rel=\"canonical\" href=\"https:\/\/inandoutsotogrande.com\/es\/index.php\/lugares-especiales\/\" \/>\n<meta property=\"og:locale\" content=\"es_ES\" \/>\n<meta property=\"og:type\" content=\"article\" \/>\n<meta property=\"og:title\" content=\"Lugares especiales - In and Out Sotogrande\" \/>\n<meta property=\"og:url\" content=\"https:\/\/inandoutsotogrande.com\/es\/index.php\/lugares-especiales\/\" \/>\n<meta property=\"og:site_name\" content=\"In and Out Sotogrande\" \/>\n<meta property=\"article:publisher\" content=\"https:\/\/www.facebook.com\/inandoutsotogrande\" \/>\n<meta property=\"article:modified_time\" content=\"2025-07-19T19:07:13+00:00\" \/>\n<meta name=\"twitter:card\" content=\"summary_large_image\" \/>\n<script type=\"application\/ld+json\" class=\"yoast-schema-graph\">{\"@context\":\"https:\/\/schema.org\",\"@graph\":[{\"@type\":\"WebPage\",\"@id\":\"https:\/\/inandoutsotogrande.com\/es\/index.php\/lugares-especiales\/\",\"url\":\"https:\/\/inandoutsotogrande.com\/es\/index.php\/lugares-especiales\/\",\"name\":\"Lugares especiales - In and Out Sotogrande\",\"isPartOf\":{\"@id\":\"https:\/\/inandoutsotogrande.com\/#website\"},\"datePublished\":\"2025-07-19T19:03:07+00:00\",\"dateModified\":\"2025-07-19T19:07:13+00:00\",\"breadcrumb\":{\"@id\":\"https:\/\/inandoutsotogrande.com\/es\/index.php\/lugares-especiales\/#breadcrumb\"},\"inLanguage\":\"es\",\"potentialAction\":[{\"@type\":\"ReadAction\",\"target\":[\"https:\/\/inandoutsotogrande.com\/es\/index.php\/lugares-especiales\/\"]}]},{\"@type\":\"BreadcrumbList\",\"@id\":\"https:\/\/inandoutsotogrande.com\/es\/index.php\/lugares-especiales\/#breadcrumb\",\"itemListElement\":[{\"@type\":\"ListItem\",\"position\":1,\"name\":\"Inicio\",\"item\":\"https:\/\/inandoutsotogrande.com\/es\/index.php\/inicio\/\"},{\"@type\":\"ListItem\",\"position\":2,\"name\":\"Lugares especiales\"}]},{\"@type\":\"WebSite\",\"@id\":\"https:\/\/inandoutsotogrande.com\/#website\",\"url\":\"https:\/\/inandoutsotogrande.com\/\",\"name\":\"In and Out Sotogrande\",\"description\":\"\",\"publisher\":{\"@id\":\"https:\/\/inandoutsotogrande.com\/#organization\"},\"inLanguage\":\"es\"},{\"@type\":\"Organization\",\"@id\":\"https:\/\/inandoutsotogrande.com\/#organization\",\"name\":\"In and Out Sotogrande\",\"url\":\"https:\/\/inandoutsotogrande.com\/\",\"logo\":{\"@type\":\"ImageObject\",\"inLanguage\":\"es\",\"@id\":\"https:\/\/inandoutsotogrande.com\/#\/schema\/logo\/image\/\",\"url\":\"https:\/\/inandoutsotogrande.com\/wp-content\/uploads\/2025\/11\/in-and-out.png\",\"contentUrl\":\"https:\/\/inandoutsotogrande.com\/wp-content\/uploads\/2025\/11\/in-and-out.png\",\"width\":416,\"height\":276,\"caption\":\"In and Out Sotogrande\"},\"image\":{\"@id\":\"https:\/\/inandoutsotogrande.com\/#\/schema\/logo\/image\/\"},\"sameAs\":[\"https:\/\/www.facebook.com\/inandoutsotogrande\"]}]}<\/script>\n<!-- \/ Yoast SEO plugin. -->","yoast_head_json":{"title":"Lugares especiales - In and Out Sotogrande","robots":{"index":"index","follow":"follow","max-snippet":"max-snippet:-1","max-image-preview":"max-image-preview:large","max-video-preview":"max-video-preview:-1"},"canonical":"https:\/\/inandoutsotogrande.com\/es\/index.php\/lugares-especiales\/","og_locale":"es_ES","og_type":"article","og_title":"Lugares especiales - In and Out Sotogrande","og_url":"https:\/\/inandoutsotogrande.com\/es\/index.php\/lugares-especiales\/","og_site_name":"In and Out Sotogrande","article_publisher":"https:\/\/www.facebook.com\/inandoutsotogrande","article_modified_time":"2025-07-19T19:07:13+00:00","twitter_card":"summary_large_image","schema":{"@context":"https:\/\/schema.org","@graph":[{"@type":"WebPage","@id":"https:\/\/inandoutsotogrande.com\/es\/index.php\/lugares-especiales\/","url":"https:\/\/inandoutsotogrande.com\/es\/index.php\/lugares-especiales\/","name":"Lugares especiales - In and Out Sotogrande","isPartOf":{"@id":"https:\/\/inandoutsotogrande.com\/#website"},"datePublished":"2025-07-19T19:03:07+00:00","dateModified":"2025-07-19T19:07:13+00:00","breadcrumb":{"@id":"https:\/\/inandoutsotogrande.com\/es\/index.php\/lugares-especiales\/#breadcrumb"},"inLanguage":"es","potentialAction":[{"@type":"ReadAction","target":["https:\/\/inandoutsotogrande.com\/es\/index.php\/lugares-especiales\/"]}]},{"@type":"BreadcrumbList","@id":"https:\/\/inandoutsotogrande.com\/es\/index.php\/lugares-especiales\/#breadcrumb","itemListElement":[{"@type":"ListItem","position":1,"name":"Inicio","item":"https:\/\/inandoutsotogrande.com\/es\/index.php\/inicio\/"},{"@type":"ListItem","position":2,"name":"Lugares especiales"}]},{"@type":"WebSite","@id":"https:\/\/inandoutsotogrande.com\/#website","url":"https:\/\/inandoutsotogrande.com\/","name":"In and Out Sotogrande","description":"","publisher":{"@id":"https:\/\/inandoutsotogrande.com\/#organization"},"inLanguage":"es"},{"@type":"Organization","@id":"https:\/\/inandoutsotogrande.com\/#organization","name":"In and Out Sotogrande","url":"https:\/\/inandoutsotogrande.com\/","logo":{"@type":"ImageObject","inLanguage":"es","@id":"https:\/\/inandoutsotogrande.com\/#\/schema\/logo\/image\/","url":"https:\/\/inandoutsotogrande.com\/wp-content\/uploads\/2025\/11\/in-and-out.png","contentUrl":"https:\/\/inandoutsotogrande.com\/wp-content\/uploads\/2025\/11\/in-and-out.png","width":416,"height":276,"caption":"In and Out Sotogrande"},"image":{"@id":"https:\/\/inandoutsotogrande.com\/#\/schema\/logo\/image\/"},"sameAs":["https:\/\/www.facebook.com\/inandoutsotogrande"]}]}},"_links":{"self":[{"href":"https:\/\/inandoutsotogrande.com\/es\/index.php\/wp-json\/wp\/v2\/pages\/2539","targetHints":{"allow":["GET"]}}],"collection":[{"href":"https:\/\/inandoutsotogrande.com\/es\/index.php\/wp-json\/wp\/v2\/pages"}],"about":[{"href":"https:\/\/inandoutsotogrande.com\/es\/index.php\/wp-json\/wp\/v2\/types\/page"}],"author":[{"embeddable":true,"href":"https:\/\/inandoutsotogrande.com\/es\/index.php\/wp-json\/wp\/v2\/users\/1"}],"replies":[{"embeddable":true,"href":"https:\/\/inandoutsotogrande.com\/es\/index.php\/wp-json\/wp\/v2\/comments?post=2539"}],"version-history":[{"count":2,"href":"https:\/\/inandoutsotogrande.com\/es\/index.php\/wp-json\/wp\/v2\/pages\/2539\/revisions"}],"predecessor-version":[{"id":2549,"href":"https:\/\/inandoutsotogrande.com\/es\/index.php\/wp-json\/wp\/v2\/pages\/2539\/revisions\/2549"}],"wp:attachment":[{"href":"https:\/\/inandoutsotogrande.com\/es\/index.php\/wp-json\/wp\/v2\/media?parent=2539"}],"curies":[{"name":"wp","href":"https:\/\/api.w.org\/{rel}","templated":true}]}}