{"id":1552,"date":"2025-06-10T14:47:50","date_gmt":"2025-06-10T14:47:50","guid":{"rendered":"https:\/\/inandoutsotogrande.com\/index.php\/tous-les-evenements-en-un-seul-coup-doeil\/"},"modified":"2025-06-24T11:59:27","modified_gmt":"2025-06-24T11:59:27","slug":"tous-les-evenements-en-un-seul-coup-doeil","status":"publish","type":"page","link":"https:\/\/inandoutsotogrande.com\/fr\/index.php\/tous-les-evenements-en-un-seul-coup-doeil\/","title":{"rendered":"Tous les \u00e9v\u00e9nements en un seul coup d&rsquo;\u0153il"},"content":{"rendered":"\n<figure class=\"wp-block-image size-large\"><img loading=\"lazy\" decoding=\"async\" width=\"1024\" height=\"574\" src=\"https:\/\/inandoutsotogrande.com\/wp-content\/uploads\/2025\/06\/events_page_d-1024x574.jpg\" alt=\"\" class=\"wp-image-1192\" srcset=\"https:\/\/inandoutsotogrande.com\/wp-content\/uploads\/2025\/06\/events_page_d-1024x574.jpg 1024w, https:\/\/inandoutsotogrande.com\/wp-content\/uploads\/2025\/06\/events_page_d-300x168.jpg 300w, https:\/\/inandoutsotogrande.com\/wp-content\/uploads\/2025\/06\/events_page_d-768x430.jpg 768w, https:\/\/inandoutsotogrande.com\/wp-content\/uploads\/2025\/06\/events_page_d-1536x860.jpg 1536w, https:\/\/inandoutsotogrande.com\/wp-content\/uploads\/2025\/06\/events_page_d-2048x1147.jpg 2048w\" sizes=\"auto, (max-width: 1024px) 100vw, 1024px\" \/><\/figure>\n\n\n<h2 class=\"slide-category-title\">Art Events<\/h2><ul class=\"slide-titles\"><li><span class=\"slide-title\">Art et pizzas<\/span><\/li><li><span class=\"slide-title\">Art et immobilier<\/span><\/li><li><span class=\"slide-title\">Art et d\u00e9coration d&rsquo;int\u00e9rieur<\/span><\/li><li><span class=\"slide-title\">Art et h\u00f4tellerie<\/span><\/li><li><span class=\"slide-title\">Art et voitures<\/span><\/li><li><span class=\"slide-title\">Art et bateaux<\/span><\/li><li><span class=\"slide-title\">L&rsquo;art sur la plage<\/span><\/li><\/ul><h2 class=\"slide-category-title\">Events For Children<\/h2><p class=\"slide-titles-none\">Publi\u00e9 prochainement<\/p><h2 class=\"slide-category-title\">General Events<\/h2><ul class=\"slide-titles\"><li><span class=\"slide-title\">Open de padel de Sotogrande<\/span><\/li><li><span class=\"slide-title\">March\u00e9 de l&rsquo;ancien<\/span><\/li><li><span class=\"slide-title\">March\u00e9 hippie<\/span><\/li><li><span class=\"slide-title\">Open de tennis de Sotogrande<\/span><\/li><li><span class=\"slide-title\">Open de rugby de Sotogrande<\/span><\/li><li><span class=\"slide-title\">R\u00e9gate de Sotogrande<\/span><\/li><li><span class=\"slide-title\">Polo Open de Sotogrande<\/span><\/li><li><span class=\"slide-title\">Routa de Tapas<\/span><\/li><li><span class=\"slide-title\">Go\u00fbter et manger<\/span><\/li><li><span class=\"slide-title\">March\u00e9 de l&rsquo;agriculture biologique<\/span><\/li><li><span class=\"slide-title\">\u00c9v\u00e9nement holistique<\/span><\/li><li><span class=\"slide-title\">D\u00e9fil\u00e9 de mode<\/span><\/li><\/ul><h2 class=\"slide-category-title\">Live Music<\/h2><p class=\"slide-titles-none\">Publi\u00e9 prochainement<\/p>\n","protected":false},"excerpt":{"rendered":"","protected":false},"author":1,"featured_media":1143,"parent":0,"menu_order":0,"comment_status":"closed","ping_status":"closed","template":"","meta":{"footnotes":""},"class_list":["post-1552","page","type-page","status-publish","has-post-thumbnail","hentry"],"yoast_head":"<!-- This site is optimized with the Yoast SEO plugin v26.5 - https:\/\/yoast.com\/wordpress\/plugins\/seo\/ -->\n<title>Tous les \u00e9v\u00e9nements en un seul coup d&#039;\u0153il - In and Out Sotogrande<\/title>\n<meta name=\"robots\" content=\"index, follow, max-snippet:-1, max-image-preview:large, max-video-preview:-1\" \/>\n<link rel=\"canonical\" href=\"https:\/\/inandoutsotogrande.com\/fr\/index.php\/tous-les-evenements-en-un-seul-coup-doeil\/\" \/>\n<meta property=\"og:locale\" content=\"fr_FR\" \/>\n<meta property=\"og:type\" content=\"article\" \/>\n<meta property=\"og:title\" content=\"Tous les \u00e9v\u00e9nements en un seul coup d&#039;\u0153il - In and Out Sotogrande\" \/>\n<meta property=\"og:url\" content=\"https:\/\/inandoutsotogrande.com\/fr\/index.php\/tous-les-evenements-en-un-seul-coup-doeil\/\" \/>\n<meta property=\"og:site_name\" content=\"In and Out Sotogrande\" \/>\n<meta property=\"article:publisher\" content=\"https:\/\/www.facebook.com\/inandoutsotogrande\" \/>\n<meta property=\"article:modified_time\" content=\"2025-06-24T11:59:27+00:00\" \/>\n<meta property=\"og:image\" content=\"https:\/\/inandoutsotogrande.com\/wp-content\/uploads\/2025\/06\/all_events_feature_d.jpg\" \/>\n\t<meta property=\"og:image:width\" content=\"2560\" \/>\n\t<meta property=\"og:image:height\" content=\"1434\" \/>\n\t<meta property=\"og:image:type\" content=\"image\/jpeg\" \/>\n<meta name=\"twitter:card\" content=\"summary_large_image\" \/>\n<script type=\"application\/ld+json\" class=\"yoast-schema-graph\">{\"@context\":\"https:\/\/schema.org\",\"@graph\":[{\"@type\":\"WebPage\",\"@id\":\"https:\/\/inandoutsotogrande.com\/fr\/index.php\/tous-les-evenements-en-un-seul-coup-doeil\/\",\"url\":\"https:\/\/inandoutsotogrande.com\/fr\/index.php\/tous-les-evenements-en-un-seul-coup-doeil\/\",\"name\":\"Tous les \u00e9v\u00e9nements en un seul coup d'\u0153il - In and Out Sotogrande\",\"isPartOf\":{\"@id\":\"https:\/\/inandoutsotogrande.com\/#website\"},\"primaryImageOfPage\":{\"@id\":\"https:\/\/inandoutsotogrande.com\/fr\/index.php\/tous-les-evenements-en-un-seul-coup-doeil\/#primaryimage\"},\"image\":{\"@id\":\"https:\/\/inandoutsotogrande.com\/fr\/index.php\/tous-les-evenements-en-un-seul-coup-doeil\/#primaryimage\"},\"thumbnailUrl\":\"https:\/\/inandoutsotogrande.com\/wp-content\/uploads\/2025\/06\/all_events_feature_d.jpg\",\"datePublished\":\"2025-06-10T14:47:50+00:00\",\"dateModified\":\"2025-06-24T11:59:27+00:00\",\"breadcrumb\":{\"@id\":\"https:\/\/inandoutsotogrande.com\/fr\/index.php\/tous-les-evenements-en-un-seul-coup-doeil\/#breadcrumb\"},\"inLanguage\":\"fr-FR\",\"potentialAction\":[{\"@type\":\"ReadAction\",\"target\":[\"https:\/\/inandoutsotogrande.com\/fr\/index.php\/tous-les-evenements-en-un-seul-coup-doeil\/\"]}]},{\"@type\":\"ImageObject\",\"inLanguage\":\"fr-FR\",\"@id\":\"https:\/\/inandoutsotogrande.com\/fr\/index.php\/tous-les-evenements-en-un-seul-coup-doeil\/#primaryimage\",\"url\":\"https:\/\/inandoutsotogrande.com\/wp-content\/uploads\/2025\/06\/all_events_feature_d.jpg\",\"contentUrl\":\"https:\/\/inandoutsotogrande.com\/wp-content\/uploads\/2025\/06\/all_events_feature_d.jpg\",\"width\":2560,\"height\":1434},{\"@type\":\"BreadcrumbList\",\"@id\":\"https:\/\/inandoutsotogrande.com\/fr\/index.php\/tous-les-evenements-en-un-seul-coup-doeil\/#breadcrumb\",\"itemListElement\":[{\"@type\":\"ListItem\",\"position\":1,\"name\":\"Accueil\",\"item\":\"https:\/\/inandoutsotogrande.com\/fr\/index.php\/accueil\/\"},{\"@type\":\"ListItem\",\"position\":2,\"name\":\"Tous les \u00e9v\u00e9nements en un seul coup d&rsquo;\u0153il\"}]},{\"@type\":\"WebSite\",\"@id\":\"https:\/\/inandoutsotogrande.com\/#website\",\"url\":\"https:\/\/inandoutsotogrande.com\/\",\"name\":\"In and Out Sotogrande\",\"description\":\"\",\"publisher\":{\"@id\":\"https:\/\/inandoutsotogrande.com\/#organization\"},\"inLanguage\":\"fr-FR\"},{\"@type\":\"Organization\",\"@id\":\"https:\/\/inandoutsotogrande.com\/#organization\",\"name\":\"In and Out Sotogrande\",\"url\":\"https:\/\/inandoutsotogrande.com\/\",\"logo\":{\"@type\":\"ImageObject\",\"inLanguage\":\"fr-FR\",\"@id\":\"https:\/\/inandoutsotogrande.com\/#\/schema\/logo\/image\/\",\"url\":\"https:\/\/inandoutsotogrande.com\/wp-content\/uploads\/2025\/11\/in-and-out.png\",\"contentUrl\":\"https:\/\/inandoutsotogrande.com\/wp-content\/uploads\/2025\/11\/in-and-out.png\",\"width\":416,\"height\":276,\"caption\":\"In and Out Sotogrande\"},\"image\":{\"@id\":\"https:\/\/inandoutsotogrande.com\/#\/schema\/logo\/image\/\"},\"sameAs\":[\"https:\/\/www.facebook.com\/inandoutsotogrande\"]}]}<\/script>\n<!-- \/ Yoast SEO plugin. -->","yoast_head_json":{"title":"Tous les \u00e9v\u00e9nements en un seul coup d'\u0153il - In and Out Sotogrande","robots":{"index":"index","follow":"follow","max-snippet":"max-snippet:-1","max-image-preview":"max-image-preview:large","max-video-preview":"max-video-preview:-1"},"canonical":"https:\/\/inandoutsotogrande.com\/fr\/index.php\/tous-les-evenements-en-un-seul-coup-doeil\/","og_locale":"fr_FR","og_type":"article","og_title":"Tous les \u00e9v\u00e9nements en un seul coup d'\u0153il - In and Out Sotogrande","og_url":"https:\/\/inandoutsotogrande.com\/fr\/index.php\/tous-les-evenements-en-un-seul-coup-doeil\/","og_site_name":"In and Out Sotogrande","article_publisher":"https:\/\/www.facebook.com\/inandoutsotogrande","article_modified_time":"2025-06-24T11:59:27+00:00","og_image":[{"width":2560,"height":1434,"url":"https:\/\/inandoutsotogrande.com\/wp-content\/uploads\/2025\/06\/all_events_feature_d.jpg","type":"image\/jpeg"}],"twitter_card":"summary_large_image","schema":{"@context":"https:\/\/schema.org","@graph":[{"@type":"WebPage","@id":"https:\/\/inandoutsotogrande.com\/fr\/index.php\/tous-les-evenements-en-un-seul-coup-doeil\/","url":"https:\/\/inandoutsotogrande.com\/fr\/index.php\/tous-les-evenements-en-un-seul-coup-doeil\/","name":"Tous les \u00e9v\u00e9nements en un seul coup d'\u0153il - In and Out Sotogrande","isPartOf":{"@id":"https:\/\/inandoutsotogrande.com\/#website"},"primaryImageOfPage":{"@id":"https:\/\/inandoutsotogrande.com\/fr\/index.php\/tous-les-evenements-en-un-seul-coup-doeil\/#primaryimage"},"image":{"@id":"https:\/\/inandoutsotogrande.com\/fr\/index.php\/tous-les-evenements-en-un-seul-coup-doeil\/#primaryimage"},"thumbnailUrl":"https:\/\/inandoutsotogrande.com\/wp-content\/uploads\/2025\/06\/all_events_feature_d.jpg","datePublished":"2025-06-10T14:47:50+00:00","dateModified":"2025-06-24T11:59:27+00:00","breadcrumb":{"@id":"https:\/\/inandoutsotogrande.com\/fr\/index.php\/tous-les-evenements-en-un-seul-coup-doeil\/#breadcrumb"},"inLanguage":"fr-FR","potentialAction":[{"@type":"ReadAction","target":["https:\/\/inandoutsotogrande.com\/fr\/index.php\/tous-les-evenements-en-un-seul-coup-doeil\/"]}]},{"@type":"ImageObject","inLanguage":"fr-FR","@id":"https:\/\/inandoutsotogrande.com\/fr\/index.php\/tous-les-evenements-en-un-seul-coup-doeil\/#primaryimage","url":"https:\/\/inandoutsotogrande.com\/wp-content\/uploads\/2025\/06\/all_events_feature_d.jpg","contentUrl":"https:\/\/inandoutsotogrande.com\/wp-content\/uploads\/2025\/06\/all_events_feature_d.jpg","width":2560,"height":1434},{"@type":"BreadcrumbList","@id":"https:\/\/inandoutsotogrande.com\/fr\/index.php\/tous-les-evenements-en-un-seul-coup-doeil\/#breadcrumb","itemListElement":[{"@type":"ListItem","position":1,"name":"Accueil","item":"https:\/\/inandoutsotogrande.com\/fr\/index.php\/accueil\/"},{"@type":"ListItem","position":2,"name":"Tous les \u00e9v\u00e9nements en un seul coup d&rsquo;\u0153il"}]},{"@type":"WebSite","@id":"https:\/\/inandoutsotogrande.com\/#website","url":"https:\/\/inandoutsotogrande.com\/","name":"In and Out Sotogrande","description":"","publisher":{"@id":"https:\/\/inandoutsotogrande.com\/#organization"},"inLanguage":"fr-FR"},{"@type":"Organization","@id":"https:\/\/inandoutsotogrande.com\/#organization","name":"In and Out Sotogrande","url":"https:\/\/inandoutsotogrande.com\/","logo":{"@type":"ImageObject","inLanguage":"fr-FR","@id":"https:\/\/inandoutsotogrande.com\/#\/schema\/logo\/image\/","url":"https:\/\/inandoutsotogrande.com\/wp-content\/uploads\/2025\/11\/in-and-out.png","contentUrl":"https:\/\/inandoutsotogrande.com\/wp-content\/uploads\/2025\/11\/in-and-out.png","width":416,"height":276,"caption":"In and Out Sotogrande"},"image":{"@id":"https:\/\/inandoutsotogrande.com\/#\/schema\/logo\/image\/"},"sameAs":["https:\/\/www.facebook.com\/inandoutsotogrande"]}]}},"_links":{"self":[{"href":"https:\/\/inandoutsotogrande.com\/fr\/index.php\/wp-json\/wp\/v2\/pages\/1552","targetHints":{"allow":["GET"]}}],"collection":[{"href":"https:\/\/inandoutsotogrande.com\/fr\/index.php\/wp-json\/wp\/v2\/pages"}],"about":[{"href":"https:\/\/inandoutsotogrande.com\/fr\/index.php\/wp-json\/wp\/v2\/types\/page"}],"author":[{"embeddable":true,"href":"https:\/\/inandoutsotogrande.com\/fr\/index.php\/wp-json\/wp\/v2\/users\/1"}],"replies":[{"embeddable":true,"href":"https:\/\/inandoutsotogrande.com\/fr\/index.php\/wp-json\/wp\/v2\/comments?post=1552"}],"version-history":[{"count":1,"href":"https:\/\/inandoutsotogrande.com\/fr\/index.php\/wp-json\/wp\/v2\/pages\/1552\/revisions"}],"predecessor-version":[{"id":1553,"href":"https:\/\/inandoutsotogrande.com\/fr\/index.php\/wp-json\/wp\/v2\/pages\/1552\/revisions\/1553"}],"wp:featuredmedia":[{"embeddable":true,"href":"https:\/\/inandoutsotogrande.com\/fr\/index.php\/wp-json\/wp\/v2\/media\/1143"}],"wp:attachment":[{"href":"https:\/\/inandoutsotogrande.com\/fr\/index.php\/wp-json\/wp\/v2\/media?parent=1552"}],"curies":[{"name":"wp","href":"https:\/\/api.w.org\/{rel}","templated":true}]}}