{"id":1593,"date":"2025-06-09T13:12:41","date_gmt":"2025-06-09T13:12:41","guid":{"rendered":"https:\/\/inandoutsotogrande.com\/index.php\/comment-nous-contacter\/"},"modified":"2025-06-24T14:18:08","modified_gmt":"2025-06-24T14:18:08","slug":"comment-nous-contacter","status":"publish","type":"page","link":"https:\/\/inandoutsotogrande.com\/fr\/index.php\/comment-nous-contacter\/","title":{"rendered":"Comment nous contacter ?"},"content":{"rendered":"\n<p>Abonnez-vous \u00e0 notre lettre d&rsquo;information et\/ou devenez membre de notre groupe WhatsApp afin que nous puissions vous informer de tout ce qui se passe \u00e0 Sotogrande.<\/p>\n\n\n<p class=\"wpcf7-contact-form-not-found\"><strong>Erreur :<\/strong> Formulaire de contact non trouv\u00e9\u00a0!<\/p>\n\n\n\n<p><a href=\"mailto:info@inandoutsotogrande.com\" target=\"_blank\" rel=\"noreferrer noopener\">info@inandoutsotogrande.com<\/a><br><a class=\"facebook_link\" href=\"https:\/\/www.facebook.com\/inandoutsotogrande\" target=\"_blank\" rel=\"noreferrer noopener\">\/inandoutsotogrande<\/a><br><a class=\"instagram_link\" href=\"https:\/\/www.instagram.com\/inandoutsotogrande\/#\" target=\"_blank\" rel=\"noreferrer noopener\">\/inandoutsotogrande<\/a><br><a href=\"tel:+34669687706\">+34 669 687 706<\/a><\/p>\n\n\n\n<p><strong><a href=\"#rejoignez-notre-groupe-whatsapp\">Rejoignez notre groupe WhatsApp<\/a><\/strong><\/p>\n\n\n\n<p><strong><a href=\"#telechargez-notre-carte-de-reduction\">T\u00e9l\u00e9chargez notre carte de r\u00e9duction In and Out Sotogrande<\/a><\/strong><\/p>\n\n\n\n<p><strong><a href=\"#numeros-durgence\">Num\u00e9ros d&rsquo;urgence<\/a><\/strong><\/p>\n\n\n\n<p class=\"vertical_fill\">Concept, design et cr\u00e9ation<\/p>\n\n\n\n<figure class=\"wp-block-image size-medium is-resized\"><a href=\"https:\/\/1concept.eu\/\" target=\"_blank\" rel=\" noreferrer noopener\"><img loading=\"lazy\" decoding=\"async\" width=\"300\" height=\"100\" src=\"https:\/\/inandoutsotogrande.com\/wp-content\/uploads\/2025\/06\/one-concept-1-300x100.png\" alt=\"\" class=\"wp-image-655\" style=\"width:160px\" srcset=\"https:\/\/inandoutsotogrande.com\/wp-content\/uploads\/2025\/06\/one-concept-1-300x100.png 300w, https:\/\/inandoutsotogrande.com\/wp-content\/uploads\/2025\/06\/one-concept-1.png 580w\" sizes=\"auto, (max-width: 300px) 100vw, 300px\" \/><\/a><\/figure>\n","protected":false},"excerpt":{"rendered":"<p>Abonnez-vous \u00e0 notre lettre d&rsquo;information et\/ou devenez membre de notre groupe WhatsApp afin que nous puissions vous informer de tout ce qui se passe \u00e0 Sotogrande. info@inandoutsotogrande.com\/inandoutsotogrande\/inandoutsotogrande+34 669 687 706 Rejoignez notre groupe WhatsApp T\u00e9l\u00e9chargez notre carte de r\u00e9duction In and Out Sotogrande Num\u00e9ros d&rsquo;urgence Concept, design et cr\u00e9ation<\/p>\n","protected":false},"author":1,"featured_media":1346,"parent":0,"menu_order":0,"comment_status":"closed","ping_status":"closed","template":"","meta":{"footnotes":""},"class_list":["post-1593","page","type-page","status-publish","has-post-thumbnail","hentry"],"yoast_head":"<!-- This site is optimized with the Yoast SEO plugin v26.5 - https:\/\/yoast.com\/wordpress\/plugins\/seo\/ -->\n<title>Comment nous contacter ? - In and Out Sotogrande<\/title>\n<meta name=\"robots\" content=\"index, follow, max-snippet:-1, max-image-preview:large, max-video-preview:-1\" \/>\n<link rel=\"canonical\" href=\"https:\/\/inandoutsotogrande.com\/fr\/index.php\/comment-nous-contacter\/\" \/>\n<meta property=\"og:locale\" content=\"fr_FR\" \/>\n<meta property=\"og:type\" content=\"article\" \/>\n<meta property=\"og:title\" content=\"Comment nous contacter ? - In and Out Sotogrande\" \/>\n<meta property=\"og:description\" content=\"Abonnez-vous \u00e0 notre lettre d&rsquo;information et\/ou devenez membre de notre groupe WhatsApp afin que nous puissions vous informer de tout ce qui se passe \u00e0 Sotogrande. info@inandoutsotogrande.com\/inandoutsotogrande\/inandoutsotogrande+34 669 687 706 Rejoignez notre groupe WhatsApp T\u00e9l\u00e9chargez notre carte de r\u00e9duction In and Out Sotogrande Num\u00e9ros d&rsquo;urgence Concept, design et cr\u00e9ation\" \/>\n<meta property=\"og:url\" content=\"https:\/\/inandoutsotogrande.com\/fr\/index.php\/comment-nous-contacter\/\" \/>\n<meta property=\"og:site_name\" content=\"In and Out Sotogrande\" \/>\n<meta property=\"article:publisher\" content=\"https:\/\/www.facebook.com\/inandoutsotogrande\" \/>\n<meta property=\"article:modified_time\" content=\"2025-06-24T14:18:08+00:00\" \/>\n<meta property=\"og:image\" content=\"https:\/\/inandoutsotogrande.com\/wp-content\/uploads\/2025\/06\/contact-feature-d.jpg\" \/>\n\t<meta property=\"og:image:width\" content=\"2400\" \/>\n\t<meta property=\"og:image:height\" content=\"1345\" \/>\n\t<meta property=\"og:image:type\" content=\"image\/jpeg\" \/>\n<meta name=\"twitter:card\" content=\"summary_large_image\" \/>\n<meta name=\"twitter:label1\" content=\"Dur\u00e9e de lecture estim\u00e9e\" \/>\n\t<meta name=\"twitter:data1\" content=\"1 minute\" \/>\n<script type=\"application\/ld+json\" class=\"yoast-schema-graph\">{\"@context\":\"https:\/\/schema.org\",\"@graph\":[{\"@type\":\"WebPage\",\"@id\":\"https:\/\/inandoutsotogrande.com\/fr\/index.php\/comment-nous-contacter\/\",\"url\":\"https:\/\/inandoutsotogrande.com\/fr\/index.php\/comment-nous-contacter\/\",\"name\":\"Comment nous contacter ? - In and Out Sotogrande\",\"isPartOf\":{\"@id\":\"https:\/\/inandoutsotogrande.com\/#website\"},\"primaryImageOfPage\":{\"@id\":\"https:\/\/inandoutsotogrande.com\/fr\/index.php\/comment-nous-contacter\/#primaryimage\"},\"image\":{\"@id\":\"https:\/\/inandoutsotogrande.com\/fr\/index.php\/comment-nous-contacter\/#primaryimage\"},\"thumbnailUrl\":\"https:\/\/inandoutsotogrande.com\/wp-content\/uploads\/2025\/06\/contact-feature-d.jpg\",\"datePublished\":\"2025-06-09T13:12:41+00:00\",\"dateModified\":\"2025-06-24T14:18:08+00:00\",\"breadcrumb\":{\"@id\":\"https:\/\/inandoutsotogrande.com\/fr\/index.php\/comment-nous-contacter\/#breadcrumb\"},\"inLanguage\":\"fr-FR\",\"potentialAction\":[{\"@type\":\"ReadAction\",\"target\":[\"https:\/\/inandoutsotogrande.com\/fr\/index.php\/comment-nous-contacter\/\"]}]},{\"@type\":\"ImageObject\",\"inLanguage\":\"fr-FR\",\"@id\":\"https:\/\/inandoutsotogrande.com\/fr\/index.php\/comment-nous-contacter\/#primaryimage\",\"url\":\"https:\/\/inandoutsotogrande.com\/wp-content\/uploads\/2025\/06\/contact-feature-d.jpg\",\"contentUrl\":\"https:\/\/inandoutsotogrande.com\/wp-content\/uploads\/2025\/06\/contact-feature-d.jpg\",\"width\":2400,\"height\":1345},{\"@type\":\"BreadcrumbList\",\"@id\":\"https:\/\/inandoutsotogrande.com\/fr\/index.php\/comment-nous-contacter\/#breadcrumb\",\"itemListElement\":[{\"@type\":\"ListItem\",\"position\":1,\"name\":\"Accueil\",\"item\":\"https:\/\/inandoutsotogrande.com\/fr\/index.php\/accueil\/\"},{\"@type\":\"ListItem\",\"position\":2,\"name\":\"Comment nous contacter ?\"}]},{\"@type\":\"WebSite\",\"@id\":\"https:\/\/inandoutsotogrande.com\/#website\",\"url\":\"https:\/\/inandoutsotogrande.com\/\",\"name\":\"In and Out Sotogrande\",\"description\":\"\",\"publisher\":{\"@id\":\"https:\/\/inandoutsotogrande.com\/#organization\"},\"inLanguage\":\"fr-FR\"},{\"@type\":\"Organization\",\"@id\":\"https:\/\/inandoutsotogrande.com\/#organization\",\"name\":\"In and Out Sotogrande\",\"url\":\"https:\/\/inandoutsotogrande.com\/\",\"logo\":{\"@type\":\"ImageObject\",\"inLanguage\":\"fr-FR\",\"@id\":\"https:\/\/inandoutsotogrande.com\/#\/schema\/logo\/image\/\",\"url\":\"https:\/\/inandoutsotogrande.com\/wp-content\/uploads\/2025\/11\/in-and-out.png\",\"contentUrl\":\"https:\/\/inandoutsotogrande.com\/wp-content\/uploads\/2025\/11\/in-and-out.png\",\"width\":416,\"height\":276,\"caption\":\"In and Out Sotogrande\"},\"image\":{\"@id\":\"https:\/\/inandoutsotogrande.com\/#\/schema\/logo\/image\/\"},\"sameAs\":[\"https:\/\/www.facebook.com\/inandoutsotogrande\"]}]}<\/script>\n<!-- \/ Yoast SEO plugin. -->","yoast_head_json":{"title":"Comment nous contacter ? - In and Out Sotogrande","robots":{"index":"index","follow":"follow","max-snippet":"max-snippet:-1","max-image-preview":"max-image-preview:large","max-video-preview":"max-video-preview:-1"},"canonical":"https:\/\/inandoutsotogrande.com\/fr\/index.php\/comment-nous-contacter\/","og_locale":"fr_FR","og_type":"article","og_title":"Comment nous contacter ? - In and Out Sotogrande","og_description":"Abonnez-vous \u00e0 notre lettre d&rsquo;information et\/ou devenez membre de notre groupe WhatsApp afin que nous puissions vous informer de tout ce qui se passe \u00e0 Sotogrande. info@inandoutsotogrande.com\/inandoutsotogrande\/inandoutsotogrande+34 669 687 706 Rejoignez notre groupe WhatsApp T\u00e9l\u00e9chargez notre carte de r\u00e9duction In and Out Sotogrande Num\u00e9ros d&rsquo;urgence Concept, design et cr\u00e9ation","og_url":"https:\/\/inandoutsotogrande.com\/fr\/index.php\/comment-nous-contacter\/","og_site_name":"In and Out Sotogrande","article_publisher":"https:\/\/www.facebook.com\/inandoutsotogrande","article_modified_time":"2025-06-24T14:18:08+00:00","og_image":[{"width":2400,"height":1345,"url":"https:\/\/inandoutsotogrande.com\/wp-content\/uploads\/2025\/06\/contact-feature-d.jpg","type":"image\/jpeg"}],"twitter_card":"summary_large_image","twitter_misc":{"Dur\u00e9e de lecture estim\u00e9e":"1 minute"},"schema":{"@context":"https:\/\/schema.org","@graph":[{"@type":"WebPage","@id":"https:\/\/inandoutsotogrande.com\/fr\/index.php\/comment-nous-contacter\/","url":"https:\/\/inandoutsotogrande.com\/fr\/index.php\/comment-nous-contacter\/","name":"Comment nous contacter ? - In and Out Sotogrande","isPartOf":{"@id":"https:\/\/inandoutsotogrande.com\/#website"},"primaryImageOfPage":{"@id":"https:\/\/inandoutsotogrande.com\/fr\/index.php\/comment-nous-contacter\/#primaryimage"},"image":{"@id":"https:\/\/inandoutsotogrande.com\/fr\/index.php\/comment-nous-contacter\/#primaryimage"},"thumbnailUrl":"https:\/\/inandoutsotogrande.com\/wp-content\/uploads\/2025\/06\/contact-feature-d.jpg","datePublished":"2025-06-09T13:12:41+00:00","dateModified":"2025-06-24T14:18:08+00:00","breadcrumb":{"@id":"https:\/\/inandoutsotogrande.com\/fr\/index.php\/comment-nous-contacter\/#breadcrumb"},"inLanguage":"fr-FR","potentialAction":[{"@type":"ReadAction","target":["https:\/\/inandoutsotogrande.com\/fr\/index.php\/comment-nous-contacter\/"]}]},{"@type":"ImageObject","inLanguage":"fr-FR","@id":"https:\/\/inandoutsotogrande.com\/fr\/index.php\/comment-nous-contacter\/#primaryimage","url":"https:\/\/inandoutsotogrande.com\/wp-content\/uploads\/2025\/06\/contact-feature-d.jpg","contentUrl":"https:\/\/inandoutsotogrande.com\/wp-content\/uploads\/2025\/06\/contact-feature-d.jpg","width":2400,"height":1345},{"@type":"BreadcrumbList","@id":"https:\/\/inandoutsotogrande.com\/fr\/index.php\/comment-nous-contacter\/#breadcrumb","itemListElement":[{"@type":"ListItem","position":1,"name":"Accueil","item":"https:\/\/inandoutsotogrande.com\/fr\/index.php\/accueil\/"},{"@type":"ListItem","position":2,"name":"Comment nous contacter ?"}]},{"@type":"WebSite","@id":"https:\/\/inandoutsotogrande.com\/#website","url":"https:\/\/inandoutsotogrande.com\/","name":"In and Out Sotogrande","description":"","publisher":{"@id":"https:\/\/inandoutsotogrande.com\/#organization"},"inLanguage":"fr-FR"},{"@type":"Organization","@id":"https:\/\/inandoutsotogrande.com\/#organization","name":"In and Out Sotogrande","url":"https:\/\/inandoutsotogrande.com\/","logo":{"@type":"ImageObject","inLanguage":"fr-FR","@id":"https:\/\/inandoutsotogrande.com\/#\/schema\/logo\/image\/","url":"https:\/\/inandoutsotogrande.com\/wp-content\/uploads\/2025\/11\/in-and-out.png","contentUrl":"https:\/\/inandoutsotogrande.com\/wp-content\/uploads\/2025\/11\/in-and-out.png","width":416,"height":276,"caption":"In and Out Sotogrande"},"image":{"@id":"https:\/\/inandoutsotogrande.com\/#\/schema\/logo\/image\/"},"sameAs":["https:\/\/www.facebook.com\/inandoutsotogrande"]}]}},"_links":{"self":[{"href":"https:\/\/inandoutsotogrande.com\/fr\/index.php\/wp-json\/wp\/v2\/pages\/1593","targetHints":{"allow":["GET"]}}],"collection":[{"href":"https:\/\/inandoutsotogrande.com\/fr\/index.php\/wp-json\/wp\/v2\/pages"}],"about":[{"href":"https:\/\/inandoutsotogrande.com\/fr\/index.php\/wp-json\/wp\/v2\/types\/page"}],"author":[{"embeddable":true,"href":"https:\/\/inandoutsotogrande.com\/fr\/index.php\/wp-json\/wp\/v2\/users\/1"}],"replies":[{"embeddable":true,"href":"https:\/\/inandoutsotogrande.com\/fr\/index.php\/wp-json\/wp\/v2\/comments?post=1593"}],"version-history":[{"count":2,"href":"https:\/\/inandoutsotogrande.com\/fr\/index.php\/wp-json\/wp\/v2\/pages\/1593\/revisions"}],"predecessor-version":[{"id":2374,"href":"https:\/\/inandoutsotogrande.com\/fr\/index.php\/wp-json\/wp\/v2\/pages\/1593\/revisions\/2374"}],"wp:featuredmedia":[{"embeddable":true,"href":"https:\/\/inandoutsotogrande.com\/fr\/index.php\/wp-json\/wp\/v2\/media\/1346"}],"wp:attachment":[{"href":"https:\/\/inandoutsotogrande.com\/fr\/index.php\/wp-json\/wp\/v2\/media?parent=1593"}],"curies":[{"name":"wp","href":"https:\/\/api.w.org\/{rel}","templated":true}]}}