{"id":1602,"date":"2025-06-08T18:09:02","date_gmt":"2025-06-08T18:09:02","guid":{"rendered":"https:\/\/inandoutsotogrande.com\/index.php\/sotogrande-pueblo-color\/"},"modified":"2025-06-24T12:11:08","modified_gmt":"2025-06-24T12:11:08","slug":"sotogrande-pueblo-color","status":"publish","type":"page","link":"https:\/\/inandoutsotogrande.com\/fr\/index.php\/sotogrande-pueblo-color\/","title":{"rendered":"Sotogrande : Pueblo Color"},"content":{"rendered":"\n<figure class=\"wp-block-image size-large\"><img loading=\"lazy\" decoding=\"async\" width=\"1024\" height=\"574\" src=\"https:\/\/inandoutsotogrande.com\/wp-content\/uploads\/2025\/06\/sotogrande_d-1024x574.jpg\" alt=\"\" class=\"wp-image-29\" srcset=\"https:\/\/inandoutsotogrande.com\/wp-content\/uploads\/2025\/06\/sotogrande_d-1024x574.jpg 1024w, https:\/\/inandoutsotogrande.com\/wp-content\/uploads\/2025\/06\/sotogrande_d-300x168.jpg 300w, https:\/\/inandoutsotogrande.com\/wp-content\/uploads\/2025\/06\/sotogrande_d-768x430.jpg 768w, https:\/\/inandoutsotogrande.com\/wp-content\/uploads\/2025\/06\/sotogrande_d-1536x860.jpg 1536w, https:\/\/inandoutsotogrande.com\/wp-content\/uploads\/2025\/06\/sotogrande_d-2048x1147.jpg 2048w\" sizes=\"auto, (max-width: 1024px) 100vw, 1024px\" \/><\/figure>\n\n<p>Sotogrande est une destination de luxe sur la Costa del Sol. Avec ses terrains de golf, de padel et de tennis, ses terrains de polo, ses marinas, ses chiringuitos, ses bars, ses restaurants, ses boutiques et bien plus encore, c&rsquo;est l&rsquo;endroit id\u00e9al pour vous, vos enfants, votre famille et vos amis.<\/p>\n\n<p>Pour construire une ville semblable \u00e0 Palm Springs dans le sud de l&rsquo;Europe, Sotogrande a \u00e9t\u00e9 d\u00e9velopp\u00e9e par le couple d&rsquo;industriels philippins Don Jos\u00e9 McMicking et Do\u00f1a Mercedes Z\u00f3bel. Inspir\u00e9e par les c\u00e9l\u00e8bres Pueblos Blancos de toute l&rsquo;Espagne, Sotogrande a \u00e9t\u00e9 baptis\u00e9e Pueblo Color en raison de ses maisons color\u00e9es, de son environnement et de sa communaut\u00e9 artistique dynamique.<\/p>\n\n<p>Avec ce portail, nous voulons vous informer de tout ce qui se passe \u00e0 Sotogrande. Que vous soyez un amoureux de la plage, un fanatique de sport, un amateur de bateaux, que vous souhaitiez profiter des meilleurs restaurants ou simplement prendre une boisson agr\u00e9able et rafra\u00eechissante, In and Out Sotogrande vous offre tout ce dont vous avez besoin. Notre site web avec sa propre application sera mis \u00e0 jour quotidiennement et offrira de plus en plus d&rsquo;informations chaque jour. Visitez notre site quotidiennement pour apprendre \u00e0 conna\u00eetre Sotograde de l&rsquo;int\u00e9rieur et devenir vous aussi un amoureux de Soto.<\/p>\n","protected":false},"excerpt":{"rendered":"<p>Sotogrande est une destination de luxe sur la Costa del Sol. Avec ses terrains de golf, de padel et de tennis, ses terrains de polo, ses marinas, ses chiringuitos, ses bars, ses restaurants, ses boutiques et bien plus encore, c&rsquo;est l&rsquo;endroit id\u00e9al pour vous, vos enfants, votre famille et vos amis. Pour construire une ville [&hellip;]<\/p>\n","protected":false},"author":1,"featured_media":506,"parent":0,"menu_order":0,"comment_status":"closed","ping_status":"closed","template":"","meta":{"footnotes":""},"class_list":["post-1602","page","type-page","status-publish","has-post-thumbnail","hentry"],"yoast_head":"<!-- This site is optimized with the Yoast SEO plugin v26.5 - https:\/\/yoast.com\/wordpress\/plugins\/seo\/ -->\n<title>Sotogrande : Pueblo Color - In and Out Sotogrande<\/title>\n<meta name=\"robots\" content=\"index, follow, max-snippet:-1, max-image-preview:large, max-video-preview:-1\" \/>\n<link rel=\"canonical\" href=\"https:\/\/inandoutsotogrande.com\/fr\/index.php\/sotogrande-pueblo-color\/\" \/>\n<meta property=\"og:locale\" content=\"fr_FR\" \/>\n<meta property=\"og:type\" content=\"article\" \/>\n<meta property=\"og:title\" content=\"Sotogrande : Pueblo Color - In and Out Sotogrande\" \/>\n<meta property=\"og:description\" content=\"Sotogrande est une destination de luxe sur la Costa del Sol. Avec ses terrains de golf, de padel et de tennis, ses terrains de polo, ses marinas, ses chiringuitos, ses bars, ses restaurants, ses boutiques et bien plus encore, c&rsquo;est l&rsquo;endroit id\u00e9al pour vous, vos enfants, votre famille et vos amis. Pour construire une ville [&hellip;]\" \/>\n<meta property=\"og:url\" content=\"https:\/\/inandoutsotogrande.com\/fr\/index.php\/sotogrande-pueblo-color\/\" \/>\n<meta property=\"og:site_name\" content=\"In and Out Sotogrande\" \/>\n<meta property=\"article:publisher\" content=\"https:\/\/www.facebook.com\/inandoutsotogrande\" \/>\n<meta property=\"article:modified_time\" content=\"2025-06-24T12:11:08+00:00\" \/>\n<meta property=\"og:image\" content=\"https:\/\/inandoutsotogrande.com\/wp-content\/uploads\/2025\/06\/parallax_d-scaled.jpg\" \/>\n\t<meta property=\"og:image:width\" content=\"2560\" \/>\n\t<meta property=\"og:image:height\" content=\"1707\" \/>\n\t<meta property=\"og:image:type\" content=\"image\/jpeg\" \/>\n<meta name=\"twitter:card\" content=\"summary_large_image\" \/>\n<meta name=\"twitter:label1\" content=\"Dur\u00e9e de lecture estim\u00e9e\" \/>\n\t<meta name=\"twitter:data1\" content=\"1 minute\" \/>\n<script type=\"application\/ld+json\" class=\"yoast-schema-graph\">{\"@context\":\"https:\/\/schema.org\",\"@graph\":[{\"@type\":\"WebPage\",\"@id\":\"https:\/\/inandoutsotogrande.com\/fr\/index.php\/sotogrande-pueblo-color\/\",\"url\":\"https:\/\/inandoutsotogrande.com\/fr\/index.php\/sotogrande-pueblo-color\/\",\"name\":\"Sotogrande : Pueblo Color - In and Out Sotogrande\",\"isPartOf\":{\"@id\":\"https:\/\/inandoutsotogrande.com\/#website\"},\"primaryImageOfPage\":{\"@id\":\"https:\/\/inandoutsotogrande.com\/fr\/index.php\/sotogrande-pueblo-color\/#primaryimage\"},\"image\":{\"@id\":\"https:\/\/inandoutsotogrande.com\/fr\/index.php\/sotogrande-pueblo-color\/#primaryimage\"},\"thumbnailUrl\":\"https:\/\/inandoutsotogrande.com\/wp-content\/uploads\/2025\/06\/parallax_d-scaled.jpg\",\"datePublished\":\"2025-06-08T18:09:02+00:00\",\"dateModified\":\"2025-06-24T12:11:08+00:00\",\"breadcrumb\":{\"@id\":\"https:\/\/inandoutsotogrande.com\/fr\/index.php\/sotogrande-pueblo-color\/#breadcrumb\"},\"inLanguage\":\"fr-FR\",\"potentialAction\":[{\"@type\":\"ReadAction\",\"target\":[\"https:\/\/inandoutsotogrande.com\/fr\/index.php\/sotogrande-pueblo-color\/\"]}]},{\"@type\":\"ImageObject\",\"inLanguage\":\"fr-FR\",\"@id\":\"https:\/\/inandoutsotogrande.com\/fr\/index.php\/sotogrande-pueblo-color\/#primaryimage\",\"url\":\"https:\/\/inandoutsotogrande.com\/wp-content\/uploads\/2025\/06\/parallax_d-scaled.jpg\",\"contentUrl\":\"https:\/\/inandoutsotogrande.com\/wp-content\/uploads\/2025\/06\/parallax_d-scaled.jpg\",\"width\":2560,\"height\":1707,\"caption\":\"Bridge over canal in Sotogrande marina, Andalusia, Spain\"},{\"@type\":\"BreadcrumbList\",\"@id\":\"https:\/\/inandoutsotogrande.com\/fr\/index.php\/sotogrande-pueblo-color\/#breadcrumb\",\"itemListElement\":[{\"@type\":\"ListItem\",\"position\":1,\"name\":\"Accueil\",\"item\":\"https:\/\/inandoutsotogrande.com\/fr\/index.php\/accueil\/\"},{\"@type\":\"ListItem\",\"position\":2,\"name\":\"Sotogrande : Pueblo Color\"}]},{\"@type\":\"WebSite\",\"@id\":\"https:\/\/inandoutsotogrande.com\/#website\",\"url\":\"https:\/\/inandoutsotogrande.com\/\",\"name\":\"In and Out Sotogrande\",\"description\":\"\",\"publisher\":{\"@id\":\"https:\/\/inandoutsotogrande.com\/#organization\"},\"inLanguage\":\"fr-FR\"},{\"@type\":\"Organization\",\"@id\":\"https:\/\/inandoutsotogrande.com\/#organization\",\"name\":\"In and Out Sotogrande\",\"url\":\"https:\/\/inandoutsotogrande.com\/\",\"logo\":{\"@type\":\"ImageObject\",\"inLanguage\":\"fr-FR\",\"@id\":\"https:\/\/inandoutsotogrande.com\/#\/schema\/logo\/image\/\",\"url\":\"https:\/\/inandoutsotogrande.com\/wp-content\/uploads\/2025\/11\/in-and-out.png\",\"contentUrl\":\"https:\/\/inandoutsotogrande.com\/wp-content\/uploads\/2025\/11\/in-and-out.png\",\"width\":416,\"height\":276,\"caption\":\"In and Out Sotogrande\"},\"image\":{\"@id\":\"https:\/\/inandoutsotogrande.com\/#\/schema\/logo\/image\/\"},\"sameAs\":[\"https:\/\/www.facebook.com\/inandoutsotogrande\"]}]}<\/script>\n<!-- \/ Yoast SEO plugin. -->","yoast_head_json":{"title":"Sotogrande : Pueblo Color - In and Out Sotogrande","robots":{"index":"index","follow":"follow","max-snippet":"max-snippet:-1","max-image-preview":"max-image-preview:large","max-video-preview":"max-video-preview:-1"},"canonical":"https:\/\/inandoutsotogrande.com\/fr\/index.php\/sotogrande-pueblo-color\/","og_locale":"fr_FR","og_type":"article","og_title":"Sotogrande : Pueblo Color - In and Out Sotogrande","og_description":"Sotogrande est une destination de luxe sur la Costa del Sol. Avec ses terrains de golf, de padel et de tennis, ses terrains de polo, ses marinas, ses chiringuitos, ses bars, ses restaurants, ses boutiques et bien plus encore, c&rsquo;est l&rsquo;endroit id\u00e9al pour vous, vos enfants, votre famille et vos amis. Pour construire une ville [&hellip;]","og_url":"https:\/\/inandoutsotogrande.com\/fr\/index.php\/sotogrande-pueblo-color\/","og_site_name":"In and Out Sotogrande","article_publisher":"https:\/\/www.facebook.com\/inandoutsotogrande","article_modified_time":"2025-06-24T12:11:08+00:00","og_image":[{"width":2560,"height":1707,"url":"https:\/\/inandoutsotogrande.com\/wp-content\/uploads\/2025\/06\/parallax_d-scaled.jpg","type":"image\/jpeg"}],"twitter_card":"summary_large_image","twitter_misc":{"Dur\u00e9e de lecture estim\u00e9e":"1 minute"},"schema":{"@context":"https:\/\/schema.org","@graph":[{"@type":"WebPage","@id":"https:\/\/inandoutsotogrande.com\/fr\/index.php\/sotogrande-pueblo-color\/","url":"https:\/\/inandoutsotogrande.com\/fr\/index.php\/sotogrande-pueblo-color\/","name":"Sotogrande : Pueblo Color - In and Out Sotogrande","isPartOf":{"@id":"https:\/\/inandoutsotogrande.com\/#website"},"primaryImageOfPage":{"@id":"https:\/\/inandoutsotogrande.com\/fr\/index.php\/sotogrande-pueblo-color\/#primaryimage"},"image":{"@id":"https:\/\/inandoutsotogrande.com\/fr\/index.php\/sotogrande-pueblo-color\/#primaryimage"},"thumbnailUrl":"https:\/\/inandoutsotogrande.com\/wp-content\/uploads\/2025\/06\/parallax_d-scaled.jpg","datePublished":"2025-06-08T18:09:02+00:00","dateModified":"2025-06-24T12:11:08+00:00","breadcrumb":{"@id":"https:\/\/inandoutsotogrande.com\/fr\/index.php\/sotogrande-pueblo-color\/#breadcrumb"},"inLanguage":"fr-FR","potentialAction":[{"@type":"ReadAction","target":["https:\/\/inandoutsotogrande.com\/fr\/index.php\/sotogrande-pueblo-color\/"]}]},{"@type":"ImageObject","inLanguage":"fr-FR","@id":"https:\/\/inandoutsotogrande.com\/fr\/index.php\/sotogrande-pueblo-color\/#primaryimage","url":"https:\/\/inandoutsotogrande.com\/wp-content\/uploads\/2025\/06\/parallax_d-scaled.jpg","contentUrl":"https:\/\/inandoutsotogrande.com\/wp-content\/uploads\/2025\/06\/parallax_d-scaled.jpg","width":2560,"height":1707,"caption":"Bridge over canal in Sotogrande marina, Andalusia, Spain"},{"@type":"BreadcrumbList","@id":"https:\/\/inandoutsotogrande.com\/fr\/index.php\/sotogrande-pueblo-color\/#breadcrumb","itemListElement":[{"@type":"ListItem","position":1,"name":"Accueil","item":"https:\/\/inandoutsotogrande.com\/fr\/index.php\/accueil\/"},{"@type":"ListItem","position":2,"name":"Sotogrande : Pueblo Color"}]},{"@type":"WebSite","@id":"https:\/\/inandoutsotogrande.com\/#website","url":"https:\/\/inandoutsotogrande.com\/","name":"In and Out Sotogrande","description":"","publisher":{"@id":"https:\/\/inandoutsotogrande.com\/#organization"},"inLanguage":"fr-FR"},{"@type":"Organization","@id":"https:\/\/inandoutsotogrande.com\/#organization","name":"In and Out Sotogrande","url":"https:\/\/inandoutsotogrande.com\/","logo":{"@type":"ImageObject","inLanguage":"fr-FR","@id":"https:\/\/inandoutsotogrande.com\/#\/schema\/logo\/image\/","url":"https:\/\/inandoutsotogrande.com\/wp-content\/uploads\/2025\/11\/in-and-out.png","contentUrl":"https:\/\/inandoutsotogrande.com\/wp-content\/uploads\/2025\/11\/in-and-out.png","width":416,"height":276,"caption":"In and Out Sotogrande"},"image":{"@id":"https:\/\/inandoutsotogrande.com\/#\/schema\/logo\/image\/"},"sameAs":["https:\/\/www.facebook.com\/inandoutsotogrande"]}]}},"_links":{"self":[{"href":"https:\/\/inandoutsotogrande.com\/fr\/index.php\/wp-json\/wp\/v2\/pages\/1602","targetHints":{"allow":["GET"]}}],"collection":[{"href":"https:\/\/inandoutsotogrande.com\/fr\/index.php\/wp-json\/wp\/v2\/pages"}],"about":[{"href":"https:\/\/inandoutsotogrande.com\/fr\/index.php\/wp-json\/wp\/v2\/types\/page"}],"author":[{"embeddable":true,"href":"https:\/\/inandoutsotogrande.com\/fr\/index.php\/wp-json\/wp\/v2\/users\/1"}],"replies":[{"embeddable":true,"href":"https:\/\/inandoutsotogrande.com\/fr\/index.php\/wp-json\/wp\/v2\/comments?post=1602"}],"version-history":[{"count":1,"href":"https:\/\/inandoutsotogrande.com\/fr\/index.php\/wp-json\/wp\/v2\/pages\/1602\/revisions"}],"predecessor-version":[{"id":1603,"href":"https:\/\/inandoutsotogrande.com\/fr\/index.php\/wp-json\/wp\/v2\/pages\/1602\/revisions\/1603"}],"wp:featuredmedia":[{"embeddable":true,"href":"https:\/\/inandoutsotogrande.com\/fr\/index.php\/wp-json\/wp\/v2\/media\/506"}],"wp:attachment":[{"href":"https:\/\/inandoutsotogrande.com\/fr\/index.php\/wp-json\/wp\/v2\/media?parent=1602"}],"curies":[{"name":"wp","href":"https:\/\/api.w.org\/{rel}","templated":true}]}}