{"id":2166,"date":"2025-06-08T18:09:02","date_gmt":"2025-06-08T18:09:02","guid":{"rendered":"https:\/\/inandoutsotogrande.com\/index.php\/sotogrande-kleurrijk-dorp\/"},"modified":"2025-07-20T10:44:15","modified_gmt":"2025-07-20T10:44:15","slug":"sotogrande-kleurrijk-dorp","status":"publish","type":"page","link":"https:\/\/inandoutsotogrande.com\/nl\/index.php\/sotogrande-kleurrijk-dorp\/","title":{"rendered":"Sotogrande: Pueblo Color"},"content":{"rendered":"\n<figure class=\"wp-block-image size-large\"><img loading=\"lazy\" decoding=\"async\" width=\"1024\" height=\"574\" src=\"https:\/\/inandoutsotogrande.com\/wp-content\/uploads\/2025\/06\/sotogrande_d-1024x574.jpg\" alt=\"\" class=\"wp-image-29\" srcset=\"https:\/\/inandoutsotogrande.com\/wp-content\/uploads\/2025\/06\/sotogrande_d-1024x574.jpg 1024w, https:\/\/inandoutsotogrande.com\/wp-content\/uploads\/2025\/06\/sotogrande_d-300x168.jpg 300w, https:\/\/inandoutsotogrande.com\/wp-content\/uploads\/2025\/06\/sotogrande_d-768x430.jpg 768w, https:\/\/inandoutsotogrande.com\/wp-content\/uploads\/2025\/06\/sotogrande_d-1536x860.jpg 1536w, https:\/\/inandoutsotogrande.com\/wp-content\/uploads\/2025\/06\/sotogrande_d-2048x1147.jpg 2048w\" sizes=\"auto, (max-width: 1024px) 100vw, 1024px\" \/><\/figure>\n\n<p>Sotogrande is een luxe bestemming aan de Costa del Sol. Met zijn golf-, padel- en tennisbanen, polovelden, jachthavens, chiringuitos, bars, restaurants, winkels en nog veel meer is het de place to be voor jou, je kinderen, familie en vrienden. <\/p>\n\n<p>Om een stad te bouwen die vergelijkbaar is met Palm Springs in Zuid-Europa, werd Sotogrande ontwikkeld door het Filippijnse industriepaar Don Jos\u00e9 McMicking en Do\u00f1a Mercedes Z\u00f3bel. Ge\u00efnspireerd door de beroemde Pueblos Blancos in heel Spanje, wordt Sotogrande Pueblo Color genoemd vanwege de kleurrijke huizen, de omgeving en de levendige kunstgemeenschap. <\/p>\n\n<p>Met dit portaal willen we je informeren over alles wat er te doen is in Sotogrande. Of je nu een strandliefhebber bent, een sportfanaat, van boten houdt, wilt genieten van de beste eetgelegenheden of gewoon een lekker en verfrissend drankje wilt drinken, In and Out Sotogrande biedt het allemaal. Onze website met eigen App wordt dagelijks bijgewerkt en biedt elke dag meer. Bezoek onze website dagelijks om Sotogrande van binnen en buiten te leren kennen en word ook een Sotogrande-liefhebber.   <\/p>\n","protected":false},"excerpt":{"rendered":"<p>Sotogrande is een luxe bestemming aan de Costa del Sol. Met zijn golf-, padel- en tennisbanen, polovelden, jachthavens, chiringuitos, bars, restaurants, winkels en nog veel meer is het de place to be voor jou, je kinderen, familie en vrienden. Om een stad te bouwen die vergelijkbaar is met Palm Springs in Zuid-Europa, werd Sotogrande ontwikkeld [&hellip;]<\/p>\n","protected":false},"author":1,"featured_media":1473,"parent":0,"menu_order":0,"comment_status":"closed","ping_status":"closed","template":"","meta":{"footnotes":""},"class_list":["post-2166","page","type-page","status-publish","has-post-thumbnail","hentry"],"yoast_head":"<!-- This site is optimized with the Yoast SEO plugin v26.5 - https:\/\/yoast.com\/wordpress\/plugins\/seo\/ -->\n<title>Sotogrande: Pueblo Color - In and Out Sotogrande<\/title>\n<meta name=\"robots\" content=\"index, follow, max-snippet:-1, max-image-preview:large, max-video-preview:-1\" \/>\n<link rel=\"canonical\" href=\"https:\/\/inandoutsotogrande.com\/nl\/index.php\/sotogrande-kleurrijk-dorp\/\" \/>\n<meta property=\"og:locale\" content=\"nl_NL\" \/>\n<meta property=\"og:type\" content=\"article\" \/>\n<meta property=\"og:title\" content=\"Sotogrande: Pueblo Color - In and Out Sotogrande\" \/>\n<meta property=\"og:description\" content=\"Sotogrande is een luxe bestemming aan de Costa del Sol. Met zijn golf-, padel- en tennisbanen, polovelden, jachthavens, chiringuitos, bars, restaurants, winkels en nog veel meer is het de place to be voor jou, je kinderen, familie en vrienden. Om een stad te bouwen die vergelijkbaar is met Palm Springs in Zuid-Europa, werd Sotogrande ontwikkeld [&hellip;]\" \/>\n<meta property=\"og:url\" content=\"https:\/\/inandoutsotogrande.com\/nl\/index.php\/sotogrande-kleurrijk-dorp\/\" \/>\n<meta property=\"og:site_name\" content=\"In and Out Sotogrande\" \/>\n<meta property=\"article:publisher\" content=\"https:\/\/www.facebook.com\/inandoutsotogrande\" \/>\n<meta property=\"article:modified_time\" content=\"2025-07-20T10:44:15+00:00\" \/>\n<meta property=\"og:image\" content=\"https:\/\/inandoutsotogrande.com\/wp-content\/uploads\/2025\/06\/parallax_d-scaled.jpg\" \/>\n\t<meta property=\"og:image:width\" content=\"2560\" \/>\n\t<meta property=\"og:image:height\" content=\"1707\" \/>\n\t<meta property=\"og:image:type\" content=\"image\/jpeg\" \/>\n<meta name=\"twitter:card\" content=\"summary_large_image\" \/>\n<meta name=\"twitter:label1\" content=\"Geschatte leestijd\" \/>\n\t<meta name=\"twitter:data1\" content=\"1 minuut\" \/>\n<script type=\"application\/ld+json\" class=\"yoast-schema-graph\">{\"@context\":\"https:\/\/schema.org\",\"@graph\":[{\"@type\":\"WebPage\",\"@id\":\"https:\/\/inandoutsotogrande.com\/nl\/index.php\/sotogrande-kleurrijk-dorp\/\",\"url\":\"https:\/\/inandoutsotogrande.com\/nl\/index.php\/sotogrande-kleurrijk-dorp\/\",\"name\":\"Sotogrande: Pueblo Color - In and Out Sotogrande\",\"isPartOf\":{\"@id\":\"https:\/\/inandoutsotogrande.com\/#website\"},\"primaryImageOfPage\":{\"@id\":\"https:\/\/inandoutsotogrande.com\/nl\/index.php\/sotogrande-kleurrijk-dorp\/#primaryimage\"},\"image\":{\"@id\":\"https:\/\/inandoutsotogrande.com\/nl\/index.php\/sotogrande-kleurrijk-dorp\/#primaryimage\"},\"thumbnailUrl\":\"https:\/\/inandoutsotogrande.com\/wp-content\/uploads\/2025\/06\/parallax_d-scaled.jpg\",\"datePublished\":\"2025-06-08T18:09:02+00:00\",\"dateModified\":\"2025-07-20T10:44:15+00:00\",\"breadcrumb\":{\"@id\":\"https:\/\/inandoutsotogrande.com\/nl\/index.php\/sotogrande-kleurrijk-dorp\/#breadcrumb\"},\"inLanguage\":\"nl-NL\",\"potentialAction\":[{\"@type\":\"ReadAction\",\"target\":[\"https:\/\/inandoutsotogrande.com\/nl\/index.php\/sotogrande-kleurrijk-dorp\/\"]}]},{\"@type\":\"ImageObject\",\"inLanguage\":\"nl-NL\",\"@id\":\"https:\/\/inandoutsotogrande.com\/nl\/index.php\/sotogrande-kleurrijk-dorp\/#primaryimage\",\"url\":\"https:\/\/inandoutsotogrande.com\/wp-content\/uploads\/2025\/06\/parallax_d-scaled.jpg\",\"contentUrl\":\"https:\/\/inandoutsotogrande.com\/wp-content\/uploads\/2025\/06\/parallax_d-scaled.jpg\",\"width\":2560,\"height\":1707,\"caption\":\"Bridge over canal in Sotogrande marina, Andalusia, Spain\"},{\"@type\":\"BreadcrumbList\",\"@id\":\"https:\/\/inandoutsotogrande.com\/nl\/index.php\/sotogrande-kleurrijk-dorp\/#breadcrumb\",\"itemListElement\":[{\"@type\":\"ListItem\",\"position\":1,\"name\":\"Home\",\"item\":\"https:\/\/inandoutsotogrande.com\/nl\/index.php\/home\/\"},{\"@type\":\"ListItem\",\"position\":2,\"name\":\"Sotogrande: Pueblo Color\"}]},{\"@type\":\"WebSite\",\"@id\":\"https:\/\/inandoutsotogrande.com\/#website\",\"url\":\"https:\/\/inandoutsotogrande.com\/\",\"name\":\"In and Out Sotogrande\",\"description\":\"\",\"publisher\":{\"@id\":\"https:\/\/inandoutsotogrande.com\/#organization\"},\"inLanguage\":\"nl-NL\"},{\"@type\":\"Organization\",\"@id\":\"https:\/\/inandoutsotogrande.com\/#organization\",\"name\":\"In and Out Sotogrande\",\"url\":\"https:\/\/inandoutsotogrande.com\/\",\"logo\":{\"@type\":\"ImageObject\",\"inLanguage\":\"nl-NL\",\"@id\":\"https:\/\/inandoutsotogrande.com\/#\/schema\/logo\/image\/\",\"url\":\"https:\/\/inandoutsotogrande.com\/wp-content\/uploads\/2025\/11\/in-and-out.png\",\"contentUrl\":\"https:\/\/inandoutsotogrande.com\/wp-content\/uploads\/2025\/11\/in-and-out.png\",\"width\":416,\"height\":276,\"caption\":\"In and Out Sotogrande\"},\"image\":{\"@id\":\"https:\/\/inandoutsotogrande.com\/#\/schema\/logo\/image\/\"},\"sameAs\":[\"https:\/\/www.facebook.com\/inandoutsotogrande\"]}]}<\/script>\n<!-- \/ Yoast SEO plugin. -->","yoast_head_json":{"title":"Sotogrande: Pueblo Color - In and Out Sotogrande","robots":{"index":"index","follow":"follow","max-snippet":"max-snippet:-1","max-image-preview":"max-image-preview:large","max-video-preview":"max-video-preview:-1"},"canonical":"https:\/\/inandoutsotogrande.com\/nl\/index.php\/sotogrande-kleurrijk-dorp\/","og_locale":"nl_NL","og_type":"article","og_title":"Sotogrande: Pueblo Color - In and Out Sotogrande","og_description":"Sotogrande is een luxe bestemming aan de Costa del Sol. Met zijn golf-, padel- en tennisbanen, polovelden, jachthavens, chiringuitos, bars, restaurants, winkels en nog veel meer is het de place to be voor jou, je kinderen, familie en vrienden. Om een stad te bouwen die vergelijkbaar is met Palm Springs in Zuid-Europa, werd Sotogrande ontwikkeld [&hellip;]","og_url":"https:\/\/inandoutsotogrande.com\/nl\/index.php\/sotogrande-kleurrijk-dorp\/","og_site_name":"In and Out Sotogrande","article_publisher":"https:\/\/www.facebook.com\/inandoutsotogrande","article_modified_time":"2025-07-20T10:44:15+00:00","og_image":[{"width":2560,"height":1707,"url":"https:\/\/inandoutsotogrande.com\/wp-content\/uploads\/2025\/06\/parallax_d-scaled.jpg","type":"image\/jpeg"}],"twitter_card":"summary_large_image","twitter_misc":{"Geschatte leestijd":"1 minuut"},"schema":{"@context":"https:\/\/schema.org","@graph":[{"@type":"WebPage","@id":"https:\/\/inandoutsotogrande.com\/nl\/index.php\/sotogrande-kleurrijk-dorp\/","url":"https:\/\/inandoutsotogrande.com\/nl\/index.php\/sotogrande-kleurrijk-dorp\/","name":"Sotogrande: Pueblo Color - In and Out Sotogrande","isPartOf":{"@id":"https:\/\/inandoutsotogrande.com\/#website"},"primaryImageOfPage":{"@id":"https:\/\/inandoutsotogrande.com\/nl\/index.php\/sotogrande-kleurrijk-dorp\/#primaryimage"},"image":{"@id":"https:\/\/inandoutsotogrande.com\/nl\/index.php\/sotogrande-kleurrijk-dorp\/#primaryimage"},"thumbnailUrl":"https:\/\/inandoutsotogrande.com\/wp-content\/uploads\/2025\/06\/parallax_d-scaled.jpg","datePublished":"2025-06-08T18:09:02+00:00","dateModified":"2025-07-20T10:44:15+00:00","breadcrumb":{"@id":"https:\/\/inandoutsotogrande.com\/nl\/index.php\/sotogrande-kleurrijk-dorp\/#breadcrumb"},"inLanguage":"nl-NL","potentialAction":[{"@type":"ReadAction","target":["https:\/\/inandoutsotogrande.com\/nl\/index.php\/sotogrande-kleurrijk-dorp\/"]}]},{"@type":"ImageObject","inLanguage":"nl-NL","@id":"https:\/\/inandoutsotogrande.com\/nl\/index.php\/sotogrande-kleurrijk-dorp\/#primaryimage","url":"https:\/\/inandoutsotogrande.com\/wp-content\/uploads\/2025\/06\/parallax_d-scaled.jpg","contentUrl":"https:\/\/inandoutsotogrande.com\/wp-content\/uploads\/2025\/06\/parallax_d-scaled.jpg","width":2560,"height":1707,"caption":"Bridge over canal in Sotogrande marina, Andalusia, Spain"},{"@type":"BreadcrumbList","@id":"https:\/\/inandoutsotogrande.com\/nl\/index.php\/sotogrande-kleurrijk-dorp\/#breadcrumb","itemListElement":[{"@type":"ListItem","position":1,"name":"Home","item":"https:\/\/inandoutsotogrande.com\/nl\/index.php\/home\/"},{"@type":"ListItem","position":2,"name":"Sotogrande: Pueblo Color"}]},{"@type":"WebSite","@id":"https:\/\/inandoutsotogrande.com\/#website","url":"https:\/\/inandoutsotogrande.com\/","name":"In and Out Sotogrande","description":"","publisher":{"@id":"https:\/\/inandoutsotogrande.com\/#organization"},"inLanguage":"nl-NL"},{"@type":"Organization","@id":"https:\/\/inandoutsotogrande.com\/#organization","name":"In and Out Sotogrande","url":"https:\/\/inandoutsotogrande.com\/","logo":{"@type":"ImageObject","inLanguage":"nl-NL","@id":"https:\/\/inandoutsotogrande.com\/#\/schema\/logo\/image\/","url":"https:\/\/inandoutsotogrande.com\/wp-content\/uploads\/2025\/11\/in-and-out.png","contentUrl":"https:\/\/inandoutsotogrande.com\/wp-content\/uploads\/2025\/11\/in-and-out.png","width":416,"height":276,"caption":"In and Out Sotogrande"},"image":{"@id":"https:\/\/inandoutsotogrande.com\/#\/schema\/logo\/image\/"},"sameAs":["https:\/\/www.facebook.com\/inandoutsotogrande"]}]}},"_links":{"self":[{"href":"https:\/\/inandoutsotogrande.com\/nl\/index.php\/wp-json\/wp\/v2\/pages\/2166","targetHints":{"allow":["GET"]}}],"collection":[{"href":"https:\/\/inandoutsotogrande.com\/nl\/index.php\/wp-json\/wp\/v2\/pages"}],"about":[{"href":"https:\/\/inandoutsotogrande.com\/nl\/index.php\/wp-json\/wp\/v2\/types\/page"}],"author":[{"embeddable":true,"href":"https:\/\/inandoutsotogrande.com\/nl\/index.php\/wp-json\/wp\/v2\/users\/1"}],"replies":[{"embeddable":true,"href":"https:\/\/inandoutsotogrande.com\/nl\/index.php\/wp-json\/wp\/v2\/comments?post=2166"}],"version-history":[{"count":3,"href":"https:\/\/inandoutsotogrande.com\/nl\/index.php\/wp-json\/wp\/v2\/pages\/2166\/revisions"}],"predecessor-version":[{"id":2656,"href":"https:\/\/inandoutsotogrande.com\/nl\/index.php\/wp-json\/wp\/v2\/pages\/2166\/revisions\/2656"}],"wp:featuredmedia":[{"embeddable":true,"href":"https:\/\/inandoutsotogrande.com\/nl\/index.php\/wp-json\/wp\/v2\/media\/1473"}],"wp:attachment":[{"href":"https:\/\/inandoutsotogrande.com\/nl\/index.php\/wp-json\/wp\/v2\/media?parent=2166"}],"curies":[{"name":"wp","href":"https:\/\/api.w.org\/{rel}","templated":true}]}}